{"id":147,"date":"2025-07-02T22:53:33","date_gmt":"2025-07-02T22:53:33","guid":{"rendered":"https:\/\/www.delideli.zoner.dev\/sale\/"},"modified":"2025-07-02T22:53:33","modified_gmt":"2025-07-02T22:53:33","slug":"sale","status":"publish","type":"page","link":"https:\/\/www.delideli.zoner.dev\/fin\/sale\/","title":{"rendered":"Sale"},"content":{"rendered":"\t\t<div data-elementor-type=\"wp-post\" data-elementor-id=\"147\" class=\"elementor elementor-147\" data-elementor-post-type=\"page\">\n\t\t\t\t\t\t<section class=\"elementor-section elementor-top-section elementor-element elementor-element-326020b elementor-section-boxed elementor-section-height-default elementor-section-height-default\" data-id=\"326020b\" data-element_type=\"section\" data-e-type=\"section\">\n\t\t\t\t\t\t<div class=\"elementor-container elementor-column-gap-default\">\n\t\t\t\t\t<div class=\"elementor-column elementor-col-100 elementor-top-column elementor-element elementor-element-26401bc\" data-id=\"26401bc\" data-element_type=\"column\" data-e-type=\"column\">\n\t\t\t<div class=\"elementor-column-wrap--26401bc elementor-widget-wrap elementor-element-populated\">\n\t\t\t\t\t\t<div class=\"elementor-element elementor-element-2cae167 elementor-widget__width-auto elementor-widget elementor-widget-heading\" data-id=\"2cae167\" data-element_type=\"widget\" data-e-type=\"widget\" data-widget_type=\"heading.default\">\n\t\t\t\t\t<div class=\"elementor-heading-title elementor-size-default\">SALE!<\/div>\t\t\t\t<\/div>\n\t\t\t\t<div class=\"elementor-element elementor-element-3f6fa86 elementor-widget__width-initial elementor-widget elementor-widget-heading\" data-id=\"3f6fa86\" data-element_type=\"widget\" data-e-type=\"widget\" data-widget_type=\"heading.default\">\n\t\t\t\t\t<h1 class=\"elementor-heading-title elementor-size-default\">UP TO 50% OFF<\/h1>\t\t\t\t<\/div>\n\t\t\t\t\t<\/div>\n\t\t<\/div>\n\t\t\t\t\t<\/div>\n\t\t<\/section>\n\t\t\t\t<section class=\"elementor-section elementor-top-section elementor-element elementor-element-ce78c1c elementor-section-boxed elementor-section-height-default elementor-section-height-default\" data-id=\"ce78c1c\" data-element_type=\"section\" data-e-type=\"section\">\n\t\t\t\t\t\t<div class=\"elementor-container elementor-column-gap-default\">\n\t\t\t\t\t<div class=\"elementor-column elementor-col-100 elementor-top-column elementor-element elementor-element-f7a4bc5\" data-id=\"f7a4bc5\" data-element_type=\"column\" data-e-type=\"column\">\n\t\t\t<div class=\"elementor-column-wrap--f7a4bc5 elementor-widget-wrap elementor-element-populated\">\n\t\t\t\t\t\t<div class=\"elementor-element elementor-element-5232cad elementor-widget elementor-widget-reycore-product-grid\" data-id=\"5232cad\" data-element_type=\"widget\" data-e-type=\"widget\" data-widget_type=\"reycore-product-grid.default\">\n\t\t\t\t<div class=\"elementor-widget-container\">\n\t\t\t\t\t\n\t\t<div class=\"woocommerce rey-element reyEl-productGrid reyEl-productGrid--has-thumbs  --show-header\" data-qt=\"sale\">\n\n\t\t<div class=\"reyajfilter-before-products --anim-default\"><div class=\"reyajfilter-updater --invisible\"><div class=\"rey-lineLoader\"><\/div><\/div><div class=\"rey-loopHeader --has-filter-btn --active-pos-above_grid\"><div class=\"woocommerce-result-count\">\n\t<\/div>\n\n<form class=\"woocommerce-ordering rey-loopSelectList\" method=\"get\" >\n\n\t<label class=\"btn btn-line\" for=\"catalog-orderby-list\" tabindex=\"0\">\n\t\t<span>Lajittelu, oletustapa<\/span>\n\t\t<select name=\"orderby\" class=\"orderby\" aria-label=\"Shop order\" id=\"catalog-orderby-list\" tabindex=\"-1\">\n\t\t\t\t\t\t\t<option value=\"menu_order\"  selected='selected'>Lajittelu, oletustapa<\/option>\n\t\t\t\t\t\t\t<option value=\"popularity\" >Lajittelu: ostetuin ensin<\/option>\n\t\t\t\t\t\t\t<option value=\"rating\" >Lajittelu: arvostetuin ensin<\/option>\n\t\t\t\t\t\t\t<option value=\"date\" >J\u00e4rjest\u00e4 uusimman mukaan<\/option>\n\t\t\t\t\t\t\t<option value=\"price\" >Lajittelu: halvin ensin<\/option>\n\t\t\t\t\t\t\t<option value=\"price-desc\" >Lajittelu: kallein ensin<\/option>\n\t\t\t\t\t<\/select>\n\t<\/label>\n\n\t<input type=\"hidden\" name=\"paged\" value=\"1\" \/>\n\t<\/form>\n<div class=\"woocommerce reyajfilter-ajax-term-filter reyajfilter-widget-hidden widget widget_reyajfilter-active-filters\"><\/div><\/div><ul class=\"products  rey-wcGrid-default --skin-aero --paginated\" data-skin=\"--skin-aero\" data-cols=\"2\" data-cols-tablet=\"2\" data-cols-mobile=\"1\" data-title-height=\"eq\" data-params=\"{&quot;equalize_selectors&quot;:[&quot;.woocommerce-loop-product__title&quot;]}\" >\n<li class=\"rey-swatches product type-product post-141269 status-publish first outofstock product_cat-ajankohtaisia product_cat-muut-oljyt product_cat-oljyt-etikat product_cat-tarjoukset has-post-thumbnail sale taxable shipping-taxable purchasable product-type-simple is-animated rey-wc-skin--aero rey-wc-loopAlign-left is-animated-entry\" data-pid=\"141269\">\n\n\t<div class=\"rey-productInner --box-styler\"><div class=\"rey-productThumbnail\"><a href=\"https:\/\/www.delideli.zoner.dev\/fin\/tuote\/viinirypaleensiemenoljy\/\" class=\"woocommerce-LoopProduct-link woocommerce-loop-product__link\" aria-label=\"Viiniryp\u00e4leensiemen\u00f6ljy 500ml\"><img fetchpriority=\"high\" decoding=\"async\" width=\"1500\" height=\"1500\" src=\"https:\/\/www.delideli.zoner.dev\/wp-content\/uploads\/2025\/12\/viinirypaleensiemenoljy.webp\" class=\"rey-thumbImg img--1 attachment-rey-standard-large size-rey-standard-large\" alt=\"Muut \u00d6ljyt\" srcset=\"https:\/\/www.delideli.zoner.dev\/wp-content\/uploads\/2025\/12\/viinirypaleensiemenoljy.webp 1500w, https:\/\/www.delideli.zoner.dev\/wp-content\/uploads\/2025\/12\/viinirypaleensiemenoljy-300x300.webp 300w, https:\/\/www.delideli.zoner.dev\/wp-content\/uploads\/2025\/12\/viinirypaleensiemenoljy-1024x1024.webp 1024w, https:\/\/www.delideli.zoner.dev\/wp-content\/uploads\/2025\/12\/viinirypaleensiemenoljy-150x150.webp 150w, https:\/\/www.delideli.zoner.dev\/wp-content\/uploads\/2025\/12\/viinirypaleensiemenoljy-768x768.webp 768w, https:\/\/www.delideli.zoner.dev\/wp-content\/uploads\/2025\/12\/viinirypaleensiemenoljy-12x12.webp 12w, https:\/\/www.delideli.zoner.dev\/wp-content\/uploads\/2025\/12\/viinirypaleensiemenoljy-600x600.webp 600w, https:\/\/www.delideli.zoner.dev\/wp-content\/uploads\/2025\/12\/viinirypaleensiemenoljy-900x900.webp 900w, https:\/\/www.delideli.zoner.dev\/wp-content\/uploads\/2025\/12\/viinirypaleensiemenoljy-100x100.webp 100w\" sizes=\"(max-width: 1500px) 100vw, 1500px\" \/><\/a><div class=\"rey-thPos rey-thPos--top-right\" data-position=\"top-right\"><div class=\"rey-itemBadge rey-stock-badge rey-soldout-badge\" style=\"\" data-status=\"outofstock\">LOPPUNUT<\/div><button class=\"button rey-btn--clean rey-btn--qicon rey-quickviewBtn js-rey-quickviewBtn\" data-id=\"141269\" title=\"QUICKVIEW\"><svg aria-hidden=\"true\" role=\"img\" id=\"rey-icon-eye-6a082caa2cb6c\" class=\"rey-icon rey-icon-eye \" viewbox=\"0 0 462 346\"><g fill=\"currentColor\">\n            <path d=\"M231,346 C361.436183,346 462,200.328259 462,173 C462,140.487458 358.577777,0 231,0 C93.5440287,0 -9.09494702e-13,147.592833 0,173 C-9.09494702e-13,202.891659 98.7537165,346 231,346 Z M56.5824289,160.219944 C66.7713209,143.972119 80.8380648,126.358481 96.9838655,110.409249 C137.421767,70.4636625 183.742247,47 231,47 C274.601338,47 320.969689,69.950087 362.198255,108.597753 C379.196924,124.532309 394.05286,142.102205 404.598894,158.109745 C408.097652,163.420414 410.921082,168.270183 412.937184,172.308999 C410.938053,176.17267 408.227675,180.777961 404.935744,185.802242 C394.313487,202.014365 379.591292,219.766541 362.844874,235.861815 C321.537134,275.563401 275.324602,299 231,299 C185.594631,299 139.232036,275.892241 98.4322564,236.780777 C81.8396065,220.874739 67.3726628,203.315324 57.0346413,187.230288 C53.7287772,182.08666 51.0347693,177.372655 49.078323,173.422728 C50.9746819,169.614712 53.5157275,165.110292 56.5824289,160.219944 Z\" fill-rule=\"nonzero\"><\/path> <circle id=\"Oval\" cx=\"231\" cy=\"173\" r=\"51\"><\/circle><\/g><\/svg><\/button><\/div><\/div><div class=\"rey-brandLink\" style=\"--brand-op:1;\"><a href=\"https:\/\/www.delideli.zoner.dev\/fin\/brand\/huilerie-cauvin\/\" title=\"Huilerie Cauvin\">Huilerie Cauvin<\/a><\/div><h2 class=\"woocommerce-loop-product__title\"><a href=\"https:\/\/www.delideli.zoner.dev\/fin\/tuote\/viinirypaleensiemenoljy\/\">Viiniryp\u00e4leensiemen\u00f6ljy 500ml<\/a><\/h2><div class=\"__break\"><\/div><span class=\"price rey-loopPrice\"><del aria-hidden=\"true\"><span class=\"woocommerce-Price-amount amount\"><bdi>8,45<span class=\"woocommerce-Price-currencySymbol\">&euro;<\/span><\/bdi><\/span><\/del> <span class=\"screen-reader-text\">Alkuper\u00e4inen hinta oli: 8,45&euro;.<\/span><ins aria-hidden=\"true\"><span class=\"woocommerce-Price-amount amount\"><bdi>5,00<span class=\"woocommerce-Price-currencySymbol\">&euro;<\/span><\/bdi><\/span><\/ins><span class=\"screen-reader-text\">Nykyinen hinta on: 5,00&euro;.<\/span> <small class=\"woocommerce-price-suffix\">sis Alv<\/small> <small class=\"price-per-unit\">(10,00&euro; per kg tai litra)<\/small><\/span><div class=\"rey-comp rey-comp--addtocart\"><a href=\"https:\/\/www.delideli.zoner.dev\/fin\/tuote\/viinirypaleensiemenoljy\/\" data-quantity=\"1\" class=\"button product_type_simple rey-btn--primary --mobile-on\" data-product_id=\"141269\" data-product_sku=\"4480\" aria-label=\"Lue lis\u00e4\u00e4 &ldquo;Viiniryp\u00e4leensiemen\u00f6ljy 500ml&rdquo; asiasta\" rel=\"nofollow\" data-success_message=\"\"><svg aria-hidden=\"true\" role=\"img\" id=\"rey-icon-cart-6a082caa2f45a\" class=\"rey-icon rey-icon-cart \" viewbox=\"0 0 100 77\"><g  stroke=\"none\" stroke-width=\"1\" fill=\"none\" fill-rule=\"evenodd\">\n            <path d=\"M100,12.523 L24.5,12.523 L23.521,9.105 C20.574,-1.391 6.253,-3.204 0.8,6.338 C-1.482,10.334 4.513,13.759 6.796,9.763 C9.204,5.55 15.587,6.353 16.881,10.992 L31.69,62.739 C30.081,60.341 27.347,58.762 24.244,58.762 C19.295,58.762 15.283,62.774 15.283,67.719 C15.283,72.668 19.295,76.682 24.244,76.682 C29.193,76.682 33.202,72.668 33.202,67.719 C33.202,67.028 33.116,66.362 32.969,65.717 L46.828,65.717 L67.339,65.717 C67.184,66.375 67.093,67.061 67.093,67.772 C67.093,72.721 71.103,76.733 76.052,76.733 C81,76.733 85.012,72.721 85.012,67.772 C85.012,62.877 81.085,58.909 76.207,58.821 C76.168,58.821 76.131,58.809 76.085,58.809 L46.828,58.809 L37.745,58.809 L35.794,51.989 L96.453,42.583 L100,12.523 Z M90.212,36.565 L33.879,45.295 L26.476,19.425 L92.234,19.425 L90.212,36.565 Z\"  fill=\"currentColor\" fill-rule=\"nonzero\"><\/path><\/g><\/svg><span class=\"__text\">Lue lis\u00e4\u00e4<\/span><\/a><\/div>\t<span id=\"woocommerce_loop_add_to_cart_link_describedby_141269\" class=\"screen-reader-text\">\n\t\t\t<\/span>\n\t\t<\/div>\n\t\n<\/li>\n\n<\/ul><\/div><!-- .reyajfilter-before-products --><\/div>\t\t\t\t<\/div>\n\t\t\t\t<\/div>\n\t\t\t\t\t<\/div>\n\t\t<\/div>\n\t\t\t\t\t<\/div>\n\t\t<\/section>\n\t\t\t\t<\/div>\n\t\t","protected":false},"excerpt":{"rendered":"","protected":false},"author":1,"featured_media":0,"parent":0,"menu_order":0,"comment_status":"closed","ping_status":"closed","template":"template-builder.php","meta":{"_acf_changed":false,"footnotes":""},"class_list":["post-147","page","type-page","status-publish","hentry"],"acf":[],"_links":{"self":[{"href":"https:\/\/www.delideli.zoner.dev\/fin\/wp-json\/wp\/v2\/pages\/147","targetHints":{"allow":["GET"]}}],"collection":[{"href":"https:\/\/www.delideli.zoner.dev\/fin\/wp-json\/wp\/v2\/pages"}],"about":[{"href":"https:\/\/www.delideli.zoner.dev\/fin\/wp-json\/wp\/v2\/types\/page"}],"author":[{"embeddable":true,"href":"https:\/\/www.delideli.zoner.dev\/fin\/wp-json\/wp\/v2\/users\/1"}],"replies":[{"embeddable":true,"href":"https:\/\/www.delideli.zoner.dev\/fin\/wp-json\/wp\/v2\/comments?post=147"}],"version-history":[{"count":0,"href":"https:\/\/www.delideli.zoner.dev\/fin\/wp-json\/wp\/v2\/pages\/147\/revisions"}],"wp:attachment":[{"href":"https:\/\/www.delideli.zoner.dev\/fin\/wp-json\/wp\/v2\/media?parent=147"}],"curies":[{"name":"wp","href":"https:\/\/api.w.org\/{rel}","templated":true}]}}