{"id":141216,"date":"2017-05-12T18:43:52","date_gmt":"2017-05-12T18:43:52","guid":{"rendered":"https:\/\/www.delideli.zoner.dev\/tuote\/vohvelirullat\/"},"modified":"2026-05-04T16:05:34","modified_gmt":"2026-05-04T16:05:34","slug":"vohvelirullat","status":"publish","type":"product","link":"https:\/\/www.delideli.zoner.dev\/fin\/tuote\/vohvelirullat\/","title":{"rendered":"Vohvelirullat 150g"},"content":{"rendered":"<p>Biscuiterie du Quercyn vohvelirullat ovat puhtaista raaka-aineista, perinteisen reseptin mukaan leivottuja ranskalaisia herkkuja. Ne sopivat loistavasti esimerkiksi j\u00e4\u00e4tel\u00f6n kera, dipattavaksi kahviin tai kaakaoon tai vain sellaisenaan nautittaviksi!<\/p>\n","protected":false},"excerpt":{"rendered":"<p>Vohvelirullat tai \u201dGaufres G\u00e9antes\u201d eli j\u00e4ttivohvelit ovat Biscuiterie du Quercyn yksi erikoisuuksista. Tuoreista munista leivotut rapeat rullat sopivat sellaisinaan nautiskeltaviksi tai mink\u00e4 tahansa j\u00e4lkiruoan kanssa.<\/p>\n","protected":false},"featured_media":139481,"comment_status":"open","ping_status":"open","template":"","meta":{"_acf_changed":false},"product_brand":[618],"product_cat":[706,680],"product_tag":[],"class_list":{"0":"post-141216","1":"product","2":"type-product","3":"status-publish","4":"has-post-thumbnail","6":"product_brand-biscuiterie-en-quercy","7":"product_cat-keksit","8":"product_cat-makeat","9":"product_shipping_class-shipping-discount","10":"pa_alkuperamaa-ranska","12":"first","13":"instock","14":"taxable","15":"shipping-taxable","16":"purchasable","17":"product-type-simple","swatches":"rey-swatches","show_selected":""},"acf":[],"_links":{"self":[{"href":"https:\/\/www.delideli.zoner.dev\/fin\/wp-json\/wp\/v2\/product\/141216","targetHints":{"allow":["GET"]}}],"collection":[{"href":"https:\/\/www.delideli.zoner.dev\/fin\/wp-json\/wp\/v2\/product"}],"about":[{"href":"https:\/\/www.delideli.zoner.dev\/fin\/wp-json\/wp\/v2\/types\/product"}],"replies":[{"embeddable":true,"href":"https:\/\/www.delideli.zoner.dev\/fin\/wp-json\/wp\/v2\/comments?post=141216"}],"version-history":[{"count":0,"href":"https:\/\/www.delideli.zoner.dev\/fin\/wp-json\/wp\/v2\/product\/141216\/revisions"}],"wp:featuredmedia":[{"embeddable":true,"href":"https:\/\/www.delideli.zoner.dev\/fin\/wp-json\/wp\/v2\/media\/139481"}],"wp:attachment":[{"href":"https:\/\/www.delideli.zoner.dev\/fin\/wp-json\/wp\/v2\/media?parent=141216"}],"wp:term":[{"taxonomy":"product_brand","embeddable":true,"href":"https:\/\/www.delideli.zoner.dev\/fin\/wp-json\/wp\/v2\/product_brand?post=141216"},{"taxonomy":"product_cat","embeddable":true,"href":"https:\/\/www.delideli.zoner.dev\/fin\/wp-json\/wp\/v2\/product_cat?post=141216"},{"taxonomy":"product_tag","embeddable":true,"href":"https:\/\/www.delideli.zoner.dev\/fin\/wp-json\/wp\/v2\/product_tag?post=141216"}],"curies":[{"name":"wp","href":"https:\/\/api.w.org\/{rel}","templated":true}]}}