{"id":141225,"date":"2017-05-12T18:43:55","date_gmt":"2017-05-12T18:43:55","guid":{"rendered":"https:\/\/www.delideli.zoner.dev\/tuote\/aceto-balsamico-tradizionale-di-modena-dop\/"},"modified":"2026-05-04T16:05:54","modified_gmt":"2026-05-04T16:05:54","slug":"aceto-balsamico-tradizionale-di-modena-dop","status":"publish","type":"product","link":"https:\/\/www.delideli.zoner.dev\/fin\/tuote\/aceto-balsamico-tradizionale-di-modena-dop\/","title":{"rendered":"Aceto Balsamico Tradizionale di Modena DOP 100 ml"},"content":{"rendered":"<p>Jotta balsamicoa voidaan kutsua aidoksi modenalaiseksi balsamicoksi, Aceto Balsamico Tradizionale di Modena, sit\u00e4 t\u00e4ytyy kypsytt\u00e4\u00e4 v\u00e4hint\u00e4\u00e4n 12 vuotta. Tuotteen aitoudesta kertoo my\u00f6s DOP-alkuper\u00e4ismerkint\u00e4. Tutustu ja ihastu t\u00e4h\u00e4n laadukkaaseen Italian keitti\u00f6n kulmakiviin!<\/p>\n","protected":false},"excerpt":{"rendered":"<p>T\u00e4m\u00e4 aito, alkuper\u00e4ismerkinn\u00e4n saanut balsamico on kypsynyt v\u00e4hint\u00e4\u00e4n 12 vuotta. Tyylikk\u00e4\u00e4seen pulloon pakattuna t\u00e4m\u00e4 toimiikin niin lahjana kuin keitti\u00f6n koristajana.<\/p>\n","protected":false},"featured_media":139485,"comment_status":"open","ping_status":"open","template":"","meta":{"_acf_changed":false},"product_brand":[633],"product_cat":[730,678],"product_tag":[],"class_list":{"0":"post-141225","1":"product","2":"type-product","3":"status-publish","4":"has-post-thumbnail","6":"product_brand-la-bonissima","7":"product_cat-balsamicot","8":"product_cat-oljyt-etikat","9":"product_shipping_class-shipping-discount","10":"pa_alkuperamaa-italia","12":"first","13":"instock","14":"taxable","15":"shipping-taxable","16":"purchasable","17":"product-type-simple","swatches":"rey-swatches","show_selected":""},"acf":[],"_links":{"self":[{"href":"https:\/\/www.delideli.zoner.dev\/fin\/wp-json\/wp\/v2\/product\/141225","targetHints":{"allow":["GET"]}}],"collection":[{"href":"https:\/\/www.delideli.zoner.dev\/fin\/wp-json\/wp\/v2\/product"}],"about":[{"href":"https:\/\/www.delideli.zoner.dev\/fin\/wp-json\/wp\/v2\/types\/product"}],"replies":[{"embeddable":true,"href":"https:\/\/www.delideli.zoner.dev\/fin\/wp-json\/wp\/v2\/comments?post=141225"}],"version-history":[{"count":0,"href":"https:\/\/www.delideli.zoner.dev\/fin\/wp-json\/wp\/v2\/product\/141225\/revisions"}],"wp:featuredmedia":[{"embeddable":true,"href":"https:\/\/www.delideli.zoner.dev\/fin\/wp-json\/wp\/v2\/media\/139485"}],"wp:attachment":[{"href":"https:\/\/www.delideli.zoner.dev\/fin\/wp-json\/wp\/v2\/media?parent=141225"}],"wp:term":[{"taxonomy":"product_brand","embeddable":true,"href":"https:\/\/www.delideli.zoner.dev\/fin\/wp-json\/wp\/v2\/product_brand?post=141225"},{"taxonomy":"product_cat","embeddable":true,"href":"https:\/\/www.delideli.zoner.dev\/fin\/wp-json\/wp\/v2\/product_cat?post=141225"},{"taxonomy":"product_tag","embeddable":true,"href":"https:\/\/www.delideli.zoner.dev\/fin\/wp-json\/wp\/v2\/product_tag?post=141225"}],"curies":[{"name":"wp","href":"https:\/\/api.w.org\/{rel}","templated":true}]}}