{"id":141226,"date":"2017-05-12T18:44:01","date_gmt":"2017-05-12T18:44:01","guid":{"rendered":"https:\/\/www.delideli.zoner.dev\/tuote\/viikuuna-saksanpahkinahillo\/"},"modified":"2026-05-04T16:05:55","modified_gmt":"2026-05-04T16:05:55","slug":"viikuuna-saksanpahkinahillo","status":"publish","type":"product","link":"https:\/\/www.delideli.zoner.dev\/fin\/tuote\/viikuuna-saksanpahkinahillo\/","title":{"rendered":"Viikuna-saksanp\u00e4hkin\u00e4hillo 125g"},"content":{"rendered":"<p>Viikuna- &#038; saksanp\u00e4hkin\u00e4hillo on erityisen t\u00e4ydellinen kumppani vuohenjuustolle. Se on valmistettu k\u00e4sity\u00f6n\u00e4 luonnollisista ainesosista ilman turhia lis\u00e4- tai s\u00e4il\u00f6nt\u00e4aineita. Kun olet kerran kokeillut t\u00e4t\u00e4 viikunan ja saksanp\u00e4hkin\u00e4n muodostamaa makuparia, et en\u00e4\u00e4 halua nauttia hilloasi ilman toista. Kokeile hilloa sellaisenaan ch\u00e8vren kera tai lis\u00e4\u00e4 sit\u00e4 nokare paahdetun vuohenjuustopalan p\u00e4\u00e4lle salaatissa tai jopa vuohenjuustotoastin oheen. Kokeile sit\u00e4 my\u00f6s Maroilles-juuston tai erilaisten sinihomejuustojen kanssa!<\/p>\n","protected":false},"excerpt":{"rendered":"<p>Klassinen ja hurmaava makupari on viikuna ja vuohenjuusto. Ei niin sokerisena hillokkeena viikuna sopii t\u00e4ydellisesti juustolautasten oheen. T\u00e4m\u00e4 DeliDelin viikunahillo on maustettu viel\u00e4 erikseen saksanp\u00e4hkin\u00e4ll\u00e4, joka tuo hilloon t\u00e4ydellisen lis\u00e4n ja aromikkuuden. Kokeile viikuna- &#038; saksanp\u00e4hkin\u00e4hilloa my\u00f6s erilaisten sinihomejuustojen kera!<\/p>\n","protected":false},"featured_media":139487,"comment_status":"open","ping_status":"open","template":"","meta":{"_acf_changed":false},"product_brand":[626],"product_cat":[677,763,710,681],"product_tag":[],"class_list":{"0":"post-141226","1":"product","2":"type-product","3":"status-publish","4":"has-post-thumbnail","6":"product_brand-delideli-herkkukauppa","7":"product_cat-ajankohtaisia","8":"product_cat-delidelin-tuotemerkki","9":"product_cat-hillot","10":"product_cat-marjat-hedelmat","11":"product_shipping_class-shipping-discount","12":"pa_alkuperamaa-ranska","14":"first","15":"instock","16":"taxable","17":"shipping-taxable","18":"purchasable","19":"product-type-simple","swatches":"rey-swatches","show_selected":""},"acf":[],"_links":{"self":[{"href":"https:\/\/www.delideli.zoner.dev\/fin\/wp-json\/wp\/v2\/product\/141226","targetHints":{"allow":["GET"]}}],"collection":[{"href":"https:\/\/www.delideli.zoner.dev\/fin\/wp-json\/wp\/v2\/product"}],"about":[{"href":"https:\/\/www.delideli.zoner.dev\/fin\/wp-json\/wp\/v2\/types\/product"}],"replies":[{"embeddable":true,"href":"https:\/\/www.delideli.zoner.dev\/fin\/wp-json\/wp\/v2\/comments?post=141226"}],"version-history":[{"count":0,"href":"https:\/\/www.delideli.zoner.dev\/fin\/wp-json\/wp\/v2\/product\/141226\/revisions"}],"wp:featuredmedia":[{"embeddable":true,"href":"https:\/\/www.delideli.zoner.dev\/fin\/wp-json\/wp\/v2\/media\/139487"}],"wp:attachment":[{"href":"https:\/\/www.delideli.zoner.dev\/fin\/wp-json\/wp\/v2\/media?parent=141226"}],"wp:term":[{"taxonomy":"product_brand","embeddable":true,"href":"https:\/\/www.delideli.zoner.dev\/fin\/wp-json\/wp\/v2\/product_brand?post=141226"},{"taxonomy":"product_cat","embeddable":true,"href":"https:\/\/www.delideli.zoner.dev\/fin\/wp-json\/wp\/v2\/product_cat?post=141226"},{"taxonomy":"product_tag","embeddable":true,"href":"https:\/\/www.delideli.zoner.dev\/fin\/wp-json\/wp\/v2\/product_tag?post=141226"}],"curies":[{"name":"wp","href":"https:\/\/api.w.org\/{rel}","templated":true}]}}