{"id":141230,"date":"2017-05-12T18:44:04","date_gmt":"2017-05-12T18:44:04","guid":{"rendered":"https:\/\/www.delideli.zoner.dev\/tuote\/langani-moka-pur-sidamo-etiopia-grand-cru-pure-origine-kahvi-jauhettu\/"},"modified":"2026-05-04T16:05:57","modified_gmt":"2026-05-04T16:05:57","slug":"langani-moka-pur-sidamo-etiopia-grand-cru-pure-origine-kahvi-jauhettu","status":"publish","type":"product","link":"https:\/\/www.delideli.zoner.dev\/fin\/tuote\/langani-moka-pur-sidamo-etiopia-grand-cru-pure-origine-kahvi-jauhettu\/","title":{"rendered":"Moka Ethiopie, jauhettu kahvi, pure origine 250 g"},"content":{"rendered":"<p>Ranskalaisen paahtimon Lobodis\u2019n Moka Ethiopie -kahvi on per\u00e4isin Etiopian Limun yl\u00e4mailta. Arabica-kahvipavuista valmistettu sekoitus sis\u00e4lt\u00e4\u00e4 niin m\u00e4rk\u00e4menetelm\u00e4ll\u00e4 kuin natural-prosessoituja papuja. Natural-kahvipavut tuovat kahviin ryhdikkyytt\u00e4 ja voimakkuutta, kun taas pestyt pavut lis\u00e4\u00e4v\u00e4t sekoitukseen hienovaraisia hedelm\u00e4isi\u00e4 aromeja.<br \/>\nMik\u00e4 on Moka-kahvi? Vaikka t\u00e4t\u00e4 termi\u00e4 k\u00e4ytet\u00e4\u00e4n nyky\u00e4\u00e4n laajasti kuvaamaan Etiopiassa tuotettuja kahveja, sill\u00e4 viitataan hyvin erityisiin aromaattisiin ominaisuuksiin, jotka ovat ominaisia It\u00e4-Etiopian Harrarin alueelle. N\u00e4m\u00e4 hienovaraiset kahvit ovat erityisen arvostettuja L\u00e4hi-id\u00e4ss\u00e4 ja Aasiassa, mik\u00e4 n\u00e4kyy my\u00f6s kahvin hinnassa. Alun perin termi \u201dmocha\u201d on per\u00e4isin Jemenin Mohan kaupungista, jonka kautta kulki pitk\u00e4\u00e4n kaikki kahvin vienti Etiopiasta.<br \/>\nEtiopian symboli, Etiopian kahvi, on ainutlaatuinen, salaper\u00e4inen ja yll\u00e4tt\u00e4v\u00e4 kuten maa itsekin. Yl\u00e4mailla kasvaessaan kahvi hy\u00f6tyy alueen lauhasta ilmastosta ja rikkaasta tuliper\u00e4isest\u00e4 maaper\u00e4st\u00e4 mutta my\u00f6s perinteist\u00e4 kumpuavasta paikallisten tietotaidosta.<br \/>\nK\u00e4ytt\u00f6: kahvinkeitin, mutteripannu, pressopannu espressokone.<br \/>\nValmistus: 7\u201310 g tai 1 ruokalusikallinen jauhettua kahvia per kuppi.<br \/>\nPakkauksen koko: 250 g, 35 kuppia.<br \/>\nS\u00e4ilytys: avattu pakkaus suljettuna l\u00e4pin\u00e4kym\u00e4tt\u00f6m\u00e4ss\u00e4 ja ilmatiiviiss\u00e4 purkissa valolta suojattuna.<br \/>\nLajittelu: k\u00e4ytetyt kahvipurut voi kierr\u00e4tt\u00e4\u00e4 bioj\u00e4tteen\u00e4. Pakkaus h\u00e4vitet\u00e4\u00e4n poltettavien j\u00e4tteiden mukana.<\/p>\n","protected":false},"excerpt":{"rendered":"<p>Voimakkuus: 8\/12<br \/>\nAromit: aprikoosi ja jasmiini<br \/>\nEtiopian Limun kumpuilevilla yl\u00e4tasangoilla kasvaa t\u00e4m\u00e4 keskit\u00e4ytel\u00e4inen ja hedelm\u00e4isi\u00e4 ja aromaattisia vivahteita sis\u00e4lt\u00e4v\u00e4 pure origine- eli single origin -kahvi. Kahvipavut tulevat paikallisilta pienilt\u00e4 viljelmilt\u00e4 ja ovat 100 % arabicaa. Kahvissa k\u00e4ytet\u00e4\u00e4n sekoituksena pestyj\u00e4 papuja sek\u00e4 natural-prosessoituja papuja, mik\u00e4 tuo kahviin voimakkuutta ja hedelm\u00e4isi\u00e4 aromeja.<\/p>\n","protected":false},"featured_media":139493,"comment_status":"open","ping_status":"open","template":"","meta":{"_acf_changed":false},"product_brand":[640],"product_cat":[679,694],"product_tag":[],"class_list":{"0":"post-141230","1":"product","2":"type-product","3":"status-publish","4":"has-post-thumbnail","6":"product_brand-lobodis","7":"product_cat-juomat","8":"product_cat-kahvit","9":"product_shipping_class-shipping-discount","10":"pa_alkuperamaa-ranska","12":"first","13":"instock","14":"taxable","15":"shipping-taxable","16":"purchasable","17":"product-type-simple","swatches":"rey-swatches","show_selected":""},"acf":[],"_links":{"self":[{"href":"https:\/\/www.delideli.zoner.dev\/fin\/wp-json\/wp\/v2\/product\/141230","targetHints":{"allow":["GET"]}}],"collection":[{"href":"https:\/\/www.delideli.zoner.dev\/fin\/wp-json\/wp\/v2\/product"}],"about":[{"href":"https:\/\/www.delideli.zoner.dev\/fin\/wp-json\/wp\/v2\/types\/product"}],"replies":[{"embeddable":true,"href":"https:\/\/www.delideli.zoner.dev\/fin\/wp-json\/wp\/v2\/comments?post=141230"}],"version-history":[{"count":0,"href":"https:\/\/www.delideli.zoner.dev\/fin\/wp-json\/wp\/v2\/product\/141230\/revisions"}],"wp:featuredmedia":[{"embeddable":true,"href":"https:\/\/www.delideli.zoner.dev\/fin\/wp-json\/wp\/v2\/media\/139493"}],"wp:attachment":[{"href":"https:\/\/www.delideli.zoner.dev\/fin\/wp-json\/wp\/v2\/media?parent=141230"}],"wp:term":[{"taxonomy":"product_brand","embeddable":true,"href":"https:\/\/www.delideli.zoner.dev\/fin\/wp-json\/wp\/v2\/product_brand?post=141230"},{"taxonomy":"product_cat","embeddable":true,"href":"https:\/\/www.delideli.zoner.dev\/fin\/wp-json\/wp\/v2\/product_cat?post=141230"},{"taxonomy":"product_tag","embeddable":true,"href":"https:\/\/www.delideli.zoner.dev\/fin\/wp-json\/wp\/v2\/product_tag?post=141230"}],"curies":[{"name":"wp","href":"https:\/\/api.w.org\/{rel}","templated":true}]}}