{"id":141231,"date":"2017-05-12T18:44:04","date_gmt":"2017-05-12T18:44:04","guid":{"rendered":"https:\/\/www.delideli.zoner.dev\/tuote\/villa-oriente-bolivia-luomukahvi-pure-origine-jauhettu\/"},"modified":"2026-05-04T16:06:07","modified_gmt":"2026-05-04T16:06:07","slug":"villa-oriente-bolivia-luomukahvi-pure-origine-jauhettu","status":"publish","type":"product","link":"https:\/\/www.delideli.zoner.dev\/fin\/tuote\/villa-oriente-bolivia-luomukahvi-pure-origine-jauhettu\/","title":{"rendered":"Bolivie, jauhettu luomukahvi, pure origine 250 g"},"content":{"rendered":"<p>Ranskalaisen Lobodis-kahvipaahtimon bolivialainen pure origine eli single origin -luomukahvi on tuotettu Reilun kaupan kriteereiden mukaisesti. Pavut kasvatetaan Andien rinteill\u00e4 1 000 \u2013 1 200 metrin korkeudessa, Yuangasin alueella Caranavin maakunnassa, jossa vuoria rajaavat Amazonin sademets\u00e4 ja vuoristoarot. Alueen kuuma ja kostea ilmasto hellii kahvipapujen kasvua. Luomuviljellyt pavut ker\u00e4t\u00e4\u00e4n k\u00e4sin, ja Lobodis\u2019n jauhatus sek\u00e4 tumma paahto saa niihin aikaan voimakkaan ja tasapainoisen aromin.<br \/>\nK\u00e4ytt\u00f6: kahvinkeitin, mutteripannu, pressopannu espressokone.<br \/>\nValmistus: 7\u201310 g tai 1 ruokalusikallinen jauhettua kahvia per kuppi.<br \/>\nPakkauksen koko: 250 g, 35 kuppia.<br \/>\nS\u00e4ilytys: avattu pakkaus suljettuna l\u00e4pin\u00e4kym\u00e4tt\u00f6m\u00e4ss\u00e4 ja ilmatiiviiss\u00e4 purkissa valolta suojattuna.<br \/>\nLajittelu: k\u00e4ytetyt kahvipurut voi kierr\u00e4tt\u00e4\u00e4 bioj\u00e4tteen\u00e4. Pakkaus h\u00e4vitet\u00e4\u00e4n poltettavien j\u00e4tteiden mukana.<\/p>\n","protected":false},"excerpt":{"rendered":"<p>Voimakkuus: 6\/12<br \/>\nAromit: hasselp\u00e4hkin\u00e4 ja paahdettu manteli<br \/>\nT\u00e4m\u00e4 Bolivian puolella Andien rinteill\u00e4 kasvava, kuumasta ja kosteasta ilmastosta hy\u00f6tyv\u00e4 kahvi on pehme\u00e4 ja lempe\u00e4n aromikas. Kahvipavut ovat 100 % arabicaa sek\u00e4 pure origine- eli single origin -kahvia. Kahvi viljell\u00e4\u00e4n luomutuotantona sek\u00e4 vastuullisesti Reilun kaupan kriteerej\u00e4 noudattaen. Pehm\u00e4ess\u00e4 mutta tasapainoisessa ja voimakkaassa kahvissa on h\u00e4iv\u00e4hdys niin hasselp\u00e4hkin\u00e4st\u00e4 kuin paahdetuista manteleista.<\/p>\n","protected":false},"featured_media":139495,"comment_status":"open","ping_status":"open","template":"","meta":{"_acf_changed":false},"product_brand":[640],"product_cat":[677,679,694,699],"product_tag":[174,175],"class_list":{"0":"post-141231","1":"product","2":"type-product","3":"status-publish","4":"has-post-thumbnail","6":"product_brand-lobodis","7":"product_cat-ajankohtaisia","8":"product_cat-juomat","9":"product_cat-kahvit","10":"product_cat-luomutuotteet","11":"product_tag-luomu","12":"product_tag-reilun-kauppa","13":"product_shipping_class-shipping-discount","14":"pa_alkuperamaa-ranska","15":"pa_ruokavalio-luomu","16":"pa_ruokavalio-reilu-kauppa","18":"first","19":"instock","20":"taxable","21":"shipping-taxable","22":"purchasable","23":"product-type-simple","swatches":"rey-swatches","show_selected":""},"acf":[],"_links":{"self":[{"href":"https:\/\/www.delideli.zoner.dev\/fin\/wp-json\/wp\/v2\/product\/141231","targetHints":{"allow":["GET"]}}],"collection":[{"href":"https:\/\/www.delideli.zoner.dev\/fin\/wp-json\/wp\/v2\/product"}],"about":[{"href":"https:\/\/www.delideli.zoner.dev\/fin\/wp-json\/wp\/v2\/types\/product"}],"replies":[{"embeddable":true,"href":"https:\/\/www.delideli.zoner.dev\/fin\/wp-json\/wp\/v2\/comments?post=141231"}],"version-history":[{"count":0,"href":"https:\/\/www.delideli.zoner.dev\/fin\/wp-json\/wp\/v2\/product\/141231\/revisions"}],"wp:featuredmedia":[{"embeddable":true,"href":"https:\/\/www.delideli.zoner.dev\/fin\/wp-json\/wp\/v2\/media\/139495"}],"wp:attachment":[{"href":"https:\/\/www.delideli.zoner.dev\/fin\/wp-json\/wp\/v2\/media?parent=141231"}],"wp:term":[{"taxonomy":"product_brand","embeddable":true,"href":"https:\/\/www.delideli.zoner.dev\/fin\/wp-json\/wp\/v2\/product_brand?post=141231"},{"taxonomy":"product_cat","embeddable":true,"href":"https:\/\/www.delideli.zoner.dev\/fin\/wp-json\/wp\/v2\/product_cat?post=141231"},{"taxonomy":"product_tag","embeddable":true,"href":"https:\/\/www.delideli.zoner.dev\/fin\/wp-json\/wp\/v2\/product_tag?post=141231"}],"curies":[{"name":"wp","href":"https:\/\/api.w.org\/{rel}","templated":true}]}}