{"id":141236,"date":"2017-05-12T18:44:08","date_gmt":"2017-05-12T18:44:08","guid":{"rendered":"https:\/\/www.delideli.zoner.dev\/tuote\/chateau-virant-salonenque-mieto-ekstra-neitsytoliivioljy\/"},"modified":"2026-05-04T16:06:09","modified_gmt":"2026-05-04T16:06:09","slug":"chateau-virant-salonenque-mieto-ekstra-neitsytoliivioljy","status":"publish","type":"product","link":"https:\/\/www.delideli.zoner.dev\/fin\/tuote\/chateau-virant-salonenque-mieto-ekstra-neitsytoliivioljy\/","title":{"rendered":"Salonenque-oliivi\u00f6ljy, Chateau Virant, 500 ml"},"content":{"rendered":"<p>Chateau Virantin Salonenque-oliivi\u00f6ljy on korkealuokkainen, vain yhdest\u00e4 lajikkeesta valmistettu ekstraneitsytoliivi\u00f6ljy. Valmistajan kaikista \u00f6ljyist\u00e4 Salonenque on keveimm\u00e4st\u00e4 p\u00e4\u00e4st\u00e4. Sen p\u00e4\u00e4asiallisina aromeina voi aistia artisokkaa, p\u00e4hkin\u00e4isyytt\u00e4 ja vihre\u00e4\u00e4 omenaa. Kokonaisuus on keve\u00e4, moniulotteinen ja tasapainoisen hedelm\u00e4inen. Chateau Virant on paikallinen, ei-teollinen tuottaja, jonka jokainen sato on aina hieman erilainen. T\u00e4m\u00e4n takia \u00f6ljyn maku voi vaihdella hieman vuodesta toiseen. Oliivit ker\u00e4t\u00e4\u00e4n tilan omasta oliivitarhasta Provencessa ja kylm\u00e4puristetaan saman tien, mik\u00e4 takaa \u00f6ljyn aromien ja antioksidanttien s\u00e4ilymisen. Nopea puristus my\u00f6s pit\u00e4\u00e4 \u00f6ljyn hapot mahdollisimman alhaisina.<br \/>\nT\u00e4m\u00e4 kevyt \u00f6ljy sopii loistavasti my\u00f6s keveisiin ruokiin. Kokeile etenkin risottojen, pastojen, gratiinien, keitettyjen vihannesten, nizzansalaatin sek\u00e4 porkkanaraasteen p\u00e4\u00e4ll\u00e4. \u00d6ljyn aromit ja antioksidantit s\u00e4ilyv\u00e4t parhaiten, kun \u00f6ljy\u00e4 ei kuumenna.<\/p>\n","protected":false},"excerpt":{"rendered":"<p>Une huile douce, complexe et \u00e9quilibr\u00e9e !<br \/>\nRanskalaisen viini- ja oliivituottajan Chateau Virantin oliivi\u00f6ljyt ovat maan palkituimpia oliivi\u00f6ljyj\u00e4. T\u00e4m\u00e4 pelkist\u00e4 Salonenque-oliiveista valmistettu ekstraneitsytoliivi\u00f6ljy on mieto ja keve\u00e4 mutta silti tasapainoisen aromikas. Oliivit ker\u00e4t\u00e4\u00e4n valmistajan omilta tarhoilta ja kylm\u00e4puristetaan heti keruun j\u00e4lkeen, mik\u00e4 s\u00e4il\u00f6\u00f6 \u00f6ljyn aromit ja antioksidantit sek\u00e4 varmistaa alhaisen happopitoisuuden. \u00d6ljyst\u00e4 voi l\u00f6yt\u00e4\u00e4 niin artisokan, p\u00e4hkin\u00e4n kuin vihre\u00e4n omenan aromeja. Keveytens\u00e4 takia \u00f6ljy sopii erityisen hyvin my\u00f6s keveille ruoille, kuten erilaisille risotoille, pastoille, gratiineille, kalalle, keitetyille vihanneksille sek\u00e4 salaateille.<\/p>\n","protected":false},"featured_media":139503,"comment_status":"open","ping_status":"open","template":"","meta":{"_acf_changed":false},"product_brand":[621],"product_cat":[677,753,691,678],"product_tag":[177],"class_list":{"0":"post-141236","1":"product","2":"type-product","3":"status-publish","4":"has-post-thumbnail","6":"product_brand-chateau-virant","7":"product_cat-ajankohtaisia","8":"product_cat-my-healthy-oils","9":"product_cat-oliivioljyt","10":"product_cat-oljyt-etikat","11":"product_tag-oliivioljy","12":"product_shipping_class-shipping-discount","13":"pa_alkuperamaa-ranska","14":"pa_oliivioljy-mieto","16":"first","17":"instock","18":"taxable","19":"shipping-taxable","20":"purchasable","21":"product-type-simple","swatches":"rey-swatches","show_selected":""},"acf":[],"_links":{"self":[{"href":"https:\/\/www.delideli.zoner.dev\/fin\/wp-json\/wp\/v2\/product\/141236","targetHints":{"allow":["GET"]}}],"collection":[{"href":"https:\/\/www.delideli.zoner.dev\/fin\/wp-json\/wp\/v2\/product"}],"about":[{"href":"https:\/\/www.delideli.zoner.dev\/fin\/wp-json\/wp\/v2\/types\/product"}],"replies":[{"embeddable":true,"href":"https:\/\/www.delideli.zoner.dev\/fin\/wp-json\/wp\/v2\/comments?post=141236"}],"version-history":[{"count":0,"href":"https:\/\/www.delideli.zoner.dev\/fin\/wp-json\/wp\/v2\/product\/141236\/revisions"}],"wp:featuredmedia":[{"embeddable":true,"href":"https:\/\/www.delideli.zoner.dev\/fin\/wp-json\/wp\/v2\/media\/139503"}],"wp:attachment":[{"href":"https:\/\/www.delideli.zoner.dev\/fin\/wp-json\/wp\/v2\/media?parent=141236"}],"wp:term":[{"taxonomy":"product_brand","embeddable":true,"href":"https:\/\/www.delideli.zoner.dev\/fin\/wp-json\/wp\/v2\/product_brand?post=141236"},{"taxonomy":"product_cat","embeddable":true,"href":"https:\/\/www.delideli.zoner.dev\/fin\/wp-json\/wp\/v2\/product_cat?post=141236"},{"taxonomy":"product_tag","embeddable":true,"href":"https:\/\/www.delideli.zoner.dev\/fin\/wp-json\/wp\/v2\/product_tag?post=141236"}],"curies":[{"name":"wp","href":"https:\/\/api.w.org\/{rel}","templated":true}]}}