{"id":141237,"date":"2017-05-12T18:44:09","date_gmt":"2017-05-12T18:44:09","guid":{"rendered":"https:\/\/www.delideli.zoner.dev\/tuote\/chateau-virant-viinihyytelo\/"},"modified":"2026-05-04T16:06:09","modified_gmt":"2026-05-04T16:06:09","slug":"chateau-virant-viinihyytelo","status":"publish","type":"product","link":"https:\/\/www.delideli.zoner.dev\/fin\/tuote\/chateau-virant-viinihyytelo\/","title":{"rendered":"G\u00e9l\u00e9fine-viinihyytel\u00f6, Chateau Virant, 320 g"},"content":{"rendered":"<p>Ranskalaisten vastine mustaherukkahyytel\u00f6lle on ehdottomasti viinihyytel\u00f6 eli gel\u00e9e de vin cuit. Hyytel\u00f6 valmistetaan \u201dkeitetyst\u00e4 viinist\u00e4\u201d, vin cuit, joka on tyypillinen, provencelainen punaisista ryp\u00e4leist\u00e4 valmistettu j\u00e4lkiruokaviinityyppinen viini. Hyytel\u00f6\u00e4 voi k\u00e4ytt\u00e4\u00e4 monipuolisesti niin suolaisten ruokalajien kumppanina, juustojen kera kuin j\u00e4lkiruoissa. Erityisen hyvin viinihyytel\u00f6 sopii ranskalaisittain hanhenmaksalle, vaaleille lihoille, riistalle, juustoille, voileiv\u00e4lle, kakkuihin sek\u00e4 omenaisille j\u00e4lkiruoille.<\/p>\n","protected":false},"excerpt":{"rendered":"<p>Ranskalaisen viini- ja oliivituottajan Chateau Virantin viinihyytel\u00f6 valmistetaan perinteisest\u00e4 provencelaisesta vin cuit -j\u00e4lkiruokaviinist\u00e4. Kokeile t\u00e4t\u00e4 hyvin ranskalaista hyytel\u00f6\u00e4 esimerkiksi hanhenmaksan, vaaleiden lihojen, riistan tai juustojen kanssa. Tai erilaisissa j\u00e4lkiruoissa ja leivonnaisissa!<\/p>\n","protected":false},"featured_media":139505,"comment_status":"open","ping_status":"open","template":"","meta":{"_acf_changed":false},"product_brand":[621],"product_cat":[732,681],"product_tag":[],"class_list":{"0":"post-141237","1":"product","2":"type-product","3":"status-publish","4":"has-post-thumbnail","6":"product_brand-chateau-virant","7":"product_cat-hyytelot","8":"product_cat-marjat-hedelmat","9":"product_shipping_class-shipping-discount","10":"pa_alkuperamaa-ranska","12":"first","13":"outofstock","14":"taxable","15":"shipping-taxable","16":"purchasable","17":"product-type-simple","swatches":"rey-swatches","show_selected":""},"acf":[],"_links":{"self":[{"href":"https:\/\/www.delideli.zoner.dev\/fin\/wp-json\/wp\/v2\/product\/141237","targetHints":{"allow":["GET"]}}],"collection":[{"href":"https:\/\/www.delideli.zoner.dev\/fin\/wp-json\/wp\/v2\/product"}],"about":[{"href":"https:\/\/www.delideli.zoner.dev\/fin\/wp-json\/wp\/v2\/types\/product"}],"replies":[{"embeddable":true,"href":"https:\/\/www.delideli.zoner.dev\/fin\/wp-json\/wp\/v2\/comments?post=141237"}],"version-history":[{"count":0,"href":"https:\/\/www.delideli.zoner.dev\/fin\/wp-json\/wp\/v2\/product\/141237\/revisions"}],"wp:featuredmedia":[{"embeddable":true,"href":"https:\/\/www.delideli.zoner.dev\/fin\/wp-json\/wp\/v2\/media\/139505"}],"wp:attachment":[{"href":"https:\/\/www.delideli.zoner.dev\/fin\/wp-json\/wp\/v2\/media?parent=141237"}],"wp:term":[{"taxonomy":"product_brand","embeddable":true,"href":"https:\/\/www.delideli.zoner.dev\/fin\/wp-json\/wp\/v2\/product_brand?post=141237"},{"taxonomy":"product_cat","embeddable":true,"href":"https:\/\/www.delideli.zoner.dev\/fin\/wp-json\/wp\/v2\/product_cat?post=141237"},{"taxonomy":"product_tag","embeddable":true,"href":"https:\/\/www.delideli.zoner.dev\/fin\/wp-json\/wp\/v2\/product_tag?post=141237"}],"curies":[{"name":"wp","href":"https:\/\/api.w.org\/{rel}","templated":true}]}}