{"id":141238,"date":"2017-05-12T18:44:09","date_gmt":"2017-05-12T18:44:09","guid":{"rendered":"https:\/\/www.delideli.zoner.dev\/tuote\/chateau-virant-picholines-oliivit\/"},"modified":"2026-05-04T16:06:10","modified_gmt":"2026-05-04T16:06:10","slug":"chateau-virant-picholines-oliivit","status":"publish","type":"product","link":"https:\/\/www.delideli.zoner.dev\/fin\/tuote\/chateau-virant-picholines-oliivit\/","title":{"rendered":"Picholines -vihre\u00e4t oliivit, Chateau Virant, 240 g"},"content":{"rendered":"<p>Chateau Virantin Picholines-oliivit ker\u00e4t\u00e4\u00e4n lokakuussa tilan omilta oliivitarhoilta Provencessa. Lokakuussa oliivin hedelm\u00e4 on viel\u00e4 vihre\u00e4\u00e4 ja sis\u00e4lt\u00e4 \u00f6ljyt\u00f6n. Keruun j\u00e4lkeen oliivit k\u00e4sitell\u00e4\u00e4n niiden happamuuden poistamiseksi. T\u00e4m\u00e4n j\u00e4lkeen ne ovat valmiita s\u00e4il\u00f6tt\u00e4v\u00e4ksi suolaveteen. T\u00e4m\u00e4 antaa oliiveille sen vastustamattoman, raikkaan aromin.<\/p>\n","protected":false},"excerpt":{"rendered":"<p>Ranskalaisen viini- ja oliivituottajan Chateau Virantin Picholines-oliivit ovat suosittuja, kokonaisia vihreit\u00e4 oliiveja, joiden raikkaus hurmaa kokeilijansa. Sen kiinte\u00e4 koostumus suorastaan sulaa suussa!<\/p>\n","protected":false},"featured_media":139507,"comment_status":"open","ping_status":"open","template":"","meta":{"_acf_changed":false},"product_brand":[621],"product_cat":[719,676],"product_tag":[],"class_list":{"0":"post-141238","1":"product","2":"type-product","3":"status-publish","4":"has-post-thumbnail","6":"product_brand-chateau-virant","7":"product_cat-oliivit","8":"product_cat-suolaiset","9":"product_shipping_class-shipping-discount","10":"pa_alkuperamaa-ranska","12":"first","13":"instock","14":"taxable","15":"shipping-taxable","16":"purchasable","17":"product-type-simple","swatches":"rey-swatches","show_selected":""},"acf":[],"_links":{"self":[{"href":"https:\/\/www.delideli.zoner.dev\/fin\/wp-json\/wp\/v2\/product\/141238","targetHints":{"allow":["GET"]}}],"collection":[{"href":"https:\/\/www.delideli.zoner.dev\/fin\/wp-json\/wp\/v2\/product"}],"about":[{"href":"https:\/\/www.delideli.zoner.dev\/fin\/wp-json\/wp\/v2\/types\/product"}],"replies":[{"embeddable":true,"href":"https:\/\/www.delideli.zoner.dev\/fin\/wp-json\/wp\/v2\/comments?post=141238"}],"version-history":[{"count":0,"href":"https:\/\/www.delideli.zoner.dev\/fin\/wp-json\/wp\/v2\/product\/141238\/revisions"}],"wp:featuredmedia":[{"embeddable":true,"href":"https:\/\/www.delideli.zoner.dev\/fin\/wp-json\/wp\/v2\/media\/139507"}],"wp:attachment":[{"href":"https:\/\/www.delideli.zoner.dev\/fin\/wp-json\/wp\/v2\/media?parent=141238"}],"wp:term":[{"taxonomy":"product_brand","embeddable":true,"href":"https:\/\/www.delideli.zoner.dev\/fin\/wp-json\/wp\/v2\/product_brand?post=141238"},{"taxonomy":"product_cat","embeddable":true,"href":"https:\/\/www.delideli.zoner.dev\/fin\/wp-json\/wp\/v2\/product_cat?post=141238"},{"taxonomy":"product_tag","embeddable":true,"href":"https:\/\/www.delideli.zoner.dev\/fin\/wp-json\/wp\/v2\/product_tag?post=141238"}],"curies":[{"name":"wp","href":"https:\/\/api.w.org\/{rel}","templated":true}]}}