{"id":141240,"date":"2017-05-12T18:44:15","date_gmt":"2017-05-12T18:44:15","guid":{"rendered":"https:\/\/www.delideli.zoner.dev\/tuote\/reimsin-shampanjaetikka-12-kk\/"},"modified":"2026-05-04T16:06:11","modified_gmt":"2026-05-04T16:06:11","slug":"reimsin-shampanjaetikka-12-kk","status":"publish","type":"product","link":"https:\/\/www.delideli.zoner.dev\/fin\/tuote\/reimsin-shampanjaetikka-12-kk\/","title":{"rendered":"Reimsin shampanjaetikka 12 KK 250ml"},"content":{"rendered":"<p>Samppanjanvalmistusta mukaillen DeliDelin Reimsin samppanjaetikka valmistetaan perinteisist\u00e4 samppanjassa k\u00e4ytett\u00e4vist\u00e4 ryp\u00e4leist\u00e4: chardonnayst\u00e4, pinot noirista sek\u00e4 pinot meunier\u2019st\u00e4. Etikka on saanut kypsy\u00e4 rauhassa 12 kuukauden ajan valmistajan omissa tammitynnyreiss\u00e4. Etikan happopitoisuus on 7 %. Kokeile erityisesti salaateille sek\u00e4 merenel\u00e4vien marinadeille. Reimsin samppanjaetikka sopii my\u00f6s loistavasti klassisten hollandaise- ja bernaise-kastikkeiden maustamiseen.<\/p>\n","protected":false},"excerpt":{"rendered":"<p>T\u00e4m\u00e4 juhlava samppanjaetikka valmistetaan Champagnen maakunnassa, Reimsiss\u00e4. Valmistus mukailee samppanjanvalmistuksen perinteit\u00e4. Etikka on kypsytetty tammitynnyreiss\u00e4 12 kuukauden ajan, mik\u00e4 on tuonut etikkaan sen uniikkeja hienovaraisia ja tammisia aromeja.<\/p>\n","protected":false},"featured_media":139509,"comment_status":"open","ping_status":"open","template":"","meta":{"_acf_changed":false},"product_brand":[625],"product_cat":[687,678],"product_tag":[],"class_list":{"0":"post-141240","1":"product","2":"type-product","3":"status-publish","4":"has-post-thumbnail","6":"product_brand-delideli","7":"product_cat-etikat","8":"product_cat-oljyt-etikat","9":"product_shipping_class-shipping-discount","10":"pa_alkuperamaa-ranska","12":"first","13":"instock","14":"taxable","15":"shipping-taxable","16":"purchasable","17":"product-type-simple","swatches":"rey-swatches","show_selected":""},"acf":[],"_links":{"self":[{"href":"https:\/\/www.delideli.zoner.dev\/fin\/wp-json\/wp\/v2\/product\/141240","targetHints":{"allow":["GET"]}}],"collection":[{"href":"https:\/\/www.delideli.zoner.dev\/fin\/wp-json\/wp\/v2\/product"}],"about":[{"href":"https:\/\/www.delideli.zoner.dev\/fin\/wp-json\/wp\/v2\/types\/product"}],"replies":[{"embeddable":true,"href":"https:\/\/www.delideli.zoner.dev\/fin\/wp-json\/wp\/v2\/comments?post=141240"}],"version-history":[{"count":0,"href":"https:\/\/www.delideli.zoner.dev\/fin\/wp-json\/wp\/v2\/product\/141240\/revisions"}],"wp:featuredmedia":[{"embeddable":true,"href":"https:\/\/www.delideli.zoner.dev\/fin\/wp-json\/wp\/v2\/media\/139509"}],"wp:attachment":[{"href":"https:\/\/www.delideli.zoner.dev\/fin\/wp-json\/wp\/v2\/media?parent=141240"}],"wp:term":[{"taxonomy":"product_brand","embeddable":true,"href":"https:\/\/www.delideli.zoner.dev\/fin\/wp-json\/wp\/v2\/product_brand?post=141240"},{"taxonomy":"product_cat","embeddable":true,"href":"https:\/\/www.delideli.zoner.dev\/fin\/wp-json\/wp\/v2\/product_cat?post=141240"},{"taxonomy":"product_tag","embeddable":true,"href":"https:\/\/www.delideli.zoner.dev\/fin\/wp-json\/wp\/v2\/product_tag?post=141240"}],"curies":[{"name":"wp","href":"https:\/\/api.w.org\/{rel}","templated":true}]}}