{"id":141241,"date":"2017-05-12T18:44:17","date_gmt":"2017-05-12T18:44:17","guid":{"rendered":"https:\/\/www.delideli.zoner.dev\/tuote\/luomu-appelsiini-greippi-sitruunahillo\/"},"modified":"2026-05-04T16:06:11","modified_gmt":"2026-05-04T16:06:11","slug":"luomu-appelsiini-greippi-sitruunahillo","status":"publish","type":"product","link":"https:\/\/www.delideli.zoner.dev\/fin\/tuote\/luomu-appelsiini-greippi-sitruunahillo\/","title":{"rendered":"Appelsiini-greippi-sitruunahillo, luomu 320 g"},"content":{"rendered":"<p>Ihanan hedelm\u00e4iset ja herkulliset Lucien Georgelinin hillot valmistetaan edelleen suuressa padassa pitk\u00e4\u00e4n keitt\u00e4en, kuten on tehty vuosikymmenien ajan valmistajan \u00e4idin reseptien mukaan. T\u00e4m\u00e4 kolmea eri sitrushedelm\u00e4\u00e4 sis\u00e4lt\u00e4v\u00e4 luomuhillo on valmistettu huolella valituista raaka-aineista, jotka ovat kaikki luomutuotantoa. Hillossa on k\u00e4ytetty appelsiinin, sitruunan ja greipin lis\u00e4ksi omenaa, mik\u00e4 v\u00e4hent\u00e4\u00e4 hillon tarvitsemaa sokerim\u00e4\u00e4r\u00e4\u00e4. Hillossa on jopa 56 % hedelm\u00e4\u00e4. Herkullisen reseptin salaisuutena onkin aito perinteinen valmistustapa, puhtaat raaka-aineet sek\u00e4 luonnollinen pektiini. Lis\u00e4- tai s\u00e4il\u00f6nt\u00e4aineita, v\u00e4riaineita tai keinotekoisia aromeja ei hillossa tarvita. Appelsiini-greippi-sitruunahillo sopii loistavasti esimerkiksi paahtoleiv\u00e4n p\u00e4\u00e4lle, croissantin v\u00e4liin tai j\u00e4lkiruokien ja leivonnaisten t\u00e4ytteeksi.<\/p>\n","protected":false},"excerpt":{"rendered":"<p>Lucien Georgelinin appelsiini-greippi-sitruunahillo on raikas tuulahdus aurinkoisesta Lounais-Ranskasta. Kirpeiden sitrushedelmien aromit pehmenev\u00e4t makean omenan kanssa ja muodostavat harmonisen makuyhdistelm\u00e4n. Laadukas ja perinteisell\u00e4 reseptill\u00e4 valmistettu luomuhillo ei tarvitse lis\u00e4ksi mit\u00e4\u00e4n keinotekoisia aromeja tai s\u00e4il\u00f6nt\u00e4aineita!<\/p>\n","protected":false},"featured_media":139511,"comment_status":"open","ping_status":"open","template":"","meta":{"_acf_changed":false},"product_brand":[641],"product_cat":[735,713,681,734],"product_tag":[174],"class_list":{"0":"post-141241","1":"product","2":"type-product","3":"status-publish","4":"has-post-thumbnail","6":"product_brand-lucien-georgelin","7":"product_cat-ranskalainen-aamiainen","8":"product_cat-luomuhillot","9":"product_cat-marjat-hedelmat","10":"product_cat-teemat","11":"product_tag-luomu","12":"product_shipping_class-shipping-discount","13":"pa_alkuperamaa-ranska","14":"pa_ruokavalio-luomu","16":"first","17":"instock","18":"taxable","19":"shipping-taxable","20":"purchasable","21":"product-type-simple","swatches":"rey-swatches","show_selected":""},"acf":[],"_links":{"self":[{"href":"https:\/\/www.delideli.zoner.dev\/fin\/wp-json\/wp\/v2\/product\/141241","targetHints":{"allow":["GET"]}}],"collection":[{"href":"https:\/\/www.delideli.zoner.dev\/fin\/wp-json\/wp\/v2\/product"}],"about":[{"href":"https:\/\/www.delideli.zoner.dev\/fin\/wp-json\/wp\/v2\/types\/product"}],"replies":[{"embeddable":true,"href":"https:\/\/www.delideli.zoner.dev\/fin\/wp-json\/wp\/v2\/comments?post=141241"}],"version-history":[{"count":0,"href":"https:\/\/www.delideli.zoner.dev\/fin\/wp-json\/wp\/v2\/product\/141241\/revisions"}],"wp:featuredmedia":[{"embeddable":true,"href":"https:\/\/www.delideli.zoner.dev\/fin\/wp-json\/wp\/v2\/media\/139511"}],"wp:attachment":[{"href":"https:\/\/www.delideli.zoner.dev\/fin\/wp-json\/wp\/v2\/media?parent=141241"}],"wp:term":[{"taxonomy":"product_brand","embeddable":true,"href":"https:\/\/www.delideli.zoner.dev\/fin\/wp-json\/wp\/v2\/product_brand?post=141241"},{"taxonomy":"product_cat","embeddable":true,"href":"https:\/\/www.delideli.zoner.dev\/fin\/wp-json\/wp\/v2\/product_cat?post=141241"},{"taxonomy":"product_tag","embeddable":true,"href":"https:\/\/www.delideli.zoner.dev\/fin\/wp-json\/wp\/v2\/product_tag?post=141241"}],"curies":[{"name":"wp","href":"https:\/\/api.w.org\/{rel}","templated":true}]}}