{"id":141242,"date":"2017-05-12T18:44:18","date_gmt":"2017-05-12T18:44:18","guid":{"rendered":"https:\/\/www.delideli.zoner.dev\/tuote\/luomu-williams-paarynahillo\/"},"modified":"2026-05-04T16:06:11","modified_gmt":"2026-05-04T16:06:11","slug":"luomu-williams-paarynahillo","status":"publish","type":"product","link":"https:\/\/www.delideli.zoner.dev\/fin\/tuote\/luomu-williams-paarynahillo\/","title":{"rendered":"P\u00e4\u00e4ryn\u00e4hillo Williams, luomu 320 g"},"content":{"rendered":"<p>Ihanan hedelm\u00e4iset ja herkulliset Lucien Georgelinin hillot valmistetaan edelleen suuressa padassa pitk\u00e4\u00e4n keitt\u00e4en, kuten on tehty vuosikymmenien ajan valmistajan \u00e4idin reseptien mukaan. Luomup\u00e4\u00e4ryn\u00e4hillo on valmistettu makean hapokkaista williams-p\u00e4\u00e4ryn\u00f6ist\u00e4 sek\u00e4 maustettu lempe\u00e4ll\u00e4 vaniljalla.<br \/>\nKaikki hillossa k\u00e4ytetyt raaka-aineet on valittu huolella parhaimman maun ja koostumuksen saavuttamiseksi. Hillossa on k\u00e4ytetty p\u00e4\u00e4ryn\u00e4n lis\u00e4ksi omenaa, mik\u00e4 v\u00e4hent\u00e4\u00e4 hillon tarvitsemaa sokerim\u00e4\u00e4r\u00e4\u00e4. T\u00e4ss\u00e4 luomup\u00e4\u00e4ryn\u00e4hillossa onkin jopa 64 % hedelm\u00e4\u00e4!<br \/>\nHerkullisen reseptin salaisuutena on aito perinteinen valmistustapa, puhtaat raaka-aineet sek\u00e4 luonnollinen pektiini, ilman lis\u00e4- tai s\u00e4il\u00f6nt\u00e4aineita, v\u00e4riaineita tai keinotekoisia aromeja. Kokeile luomup\u00e4\u00e4ryn\u00e4hilloa esimerkiksi tuoreen tai paahdetun leiv\u00e4n p\u00e4\u00e4ll\u00e4, puurossa tai j\u00e4lkiruokien ja leivonnaisten t\u00e4ytteen\u00e4!<\/p>\n","protected":false},"excerpt":{"rendered":"<p>Williams-p\u00e4\u00e4ryn\u00f6ist\u00e4 valmistettu ja vaniljalla maustettu Lucien Georgelinin p\u00e4\u00e4ryn\u00e4hillo on korkealaatuinen luomuhillo vaativillekin herkkusuille. Se valmistetaan vain parhaimmista ja puhtaista raaka-aineista ilman keinotekoisia aromeja tai s\u00e4il\u00f6nt\u00e4aineita. T\u00e4st\u00e4 pit\u00e4v\u00e4t kaikki vauvasta vaariin!<\/p>\n","protected":false},"featured_media":139513,"comment_status":"open","ping_status":"open","template":"","meta":{"_acf_changed":false},"product_brand":[641],"product_cat":[735,713,681,734],"product_tag":[174],"class_list":{"0":"post-141242","1":"product","2":"type-product","3":"status-publish","4":"has-post-thumbnail","6":"product_brand-lucien-georgelin","7":"product_cat-ranskalainen-aamiainen","8":"product_cat-luomuhillot","9":"product_cat-marjat-hedelmat","10":"product_cat-teemat","11":"product_tag-luomu","12":"product_shipping_class-shipping-discount","13":"pa_alkuperamaa-ranska","14":"pa_ruokavalio-luomu","16":"first","17":"instock","18":"taxable","19":"shipping-taxable","20":"purchasable","21":"product-type-simple","swatches":"rey-swatches","show_selected":""},"acf":[],"_links":{"self":[{"href":"https:\/\/www.delideli.zoner.dev\/fin\/wp-json\/wp\/v2\/product\/141242","targetHints":{"allow":["GET"]}}],"collection":[{"href":"https:\/\/www.delideli.zoner.dev\/fin\/wp-json\/wp\/v2\/product"}],"about":[{"href":"https:\/\/www.delideli.zoner.dev\/fin\/wp-json\/wp\/v2\/types\/product"}],"replies":[{"embeddable":true,"href":"https:\/\/www.delideli.zoner.dev\/fin\/wp-json\/wp\/v2\/comments?post=141242"}],"version-history":[{"count":0,"href":"https:\/\/www.delideli.zoner.dev\/fin\/wp-json\/wp\/v2\/product\/141242\/revisions"}],"wp:featuredmedia":[{"embeddable":true,"href":"https:\/\/www.delideli.zoner.dev\/fin\/wp-json\/wp\/v2\/media\/139513"}],"wp:attachment":[{"href":"https:\/\/www.delideli.zoner.dev\/fin\/wp-json\/wp\/v2\/media?parent=141242"}],"wp:term":[{"taxonomy":"product_brand","embeddable":true,"href":"https:\/\/www.delideli.zoner.dev\/fin\/wp-json\/wp\/v2\/product_brand?post=141242"},{"taxonomy":"product_cat","embeddable":true,"href":"https:\/\/www.delideli.zoner.dev\/fin\/wp-json\/wp\/v2\/product_cat?post=141242"},{"taxonomy":"product_tag","embeddable":true,"href":"https:\/\/www.delideli.zoner.dev\/fin\/wp-json\/wp\/v2\/product_tag?post=141242"}],"curies":[{"name":"wp","href":"https:\/\/api.w.org\/{rel}","templated":true}]}}