{"id":141243,"date":"2017-05-12T18:44:26","date_gmt":"2017-05-12T18:44:26","guid":{"rendered":"https:\/\/www.delideli.zoner.dev\/tuote\/sardiineja-oliivioljyssa\/"},"modified":"2026-05-04T16:06:11","modified_gmt":"2026-05-04T16:06:11","slug":"sardiineja-oliivioljyssa","status":"publish","type":"product","link":"https:\/\/www.delideli.zoner.dev\/fin\/tuote\/sardiineja-oliivioljyssa\/","title":{"rendered":"Sardiineja oliivi\u00f6ljyss\u00e4 Saint-Georges 115g"},"content":{"rendered":"<p>Sardiinit s\u00e4ilytt\u00e4v\u00e4ksi oliivi\u00f6ljyksi on valittu puolihedelm\u00e4inen ekstra-neitsytoliivi\u00f6ljy. Parhaan laadun l\u00f6yt\u00e4miseksi \u00f6ljy\u00e4 koemaistetaan, sen v\u00e4ri\u00e4 tarkkaillaan sek\u00e4 sen hedelm\u00e4isyytt\u00e4 ja karvaisuutta testataan s\u00e4\u00e4nn\u00f6llisesti. N\u00e4in voit olla varma, ett\u00e4 la belle-iloisen sardiinit oliivi\u00f6ljyss\u00e4 edustavat aina luokkansa parasta ja hienostuneinta!<\/p>\n","protected":false},"excerpt":{"rendered":"<p>Un des grands classiques de la Conserverie la belle-iloise!<br \/>\nLa belle-iloisen yksi suurista klassikoista on sardiinit oliivi\u00f6ljyss\u00e4. Ensiluokkainen ekstra-neitsytoliivi\u00f6ljy korostaa kalan omaa makua ja saa sardiinien parhaat aromit esiin. Kokeile vaikka salaatissa, suolaisessa piiraassa tai pitsan p\u00e4\u00e4ll\u00e4!<br \/>\nOliivi\u00f6ljyss\u00e4 olevat sardiinit sis\u00e4lt\u00e4v\u00e4t runsaasti omega-3-rasvahappoja, D-vitamiinia, kalsiumia ja fosforia<\/p>\n","protected":false},"featured_media":139515,"comment_status":"open","ping_status":"open","template":"","meta":{"_acf_changed":false},"product_brand":[632],"product_cat":[728,676],"product_tag":[],"class_list":{"0":"post-141243","1":"product","2":"type-product","3":"status-publish","4":"has-post-thumbnail","6":"product_brand-la-belle-iloise","7":"product_cat-kalatuotteet","8":"product_cat-suolaiset","9":"product_shipping_class-shipping-discount","10":"pa_alkuperamaa-ranska","12":"first","13":"instock","14":"taxable","15":"shipping-taxable","16":"purchasable","17":"product-type-simple","swatches":"rey-swatches","show_selected":""},"acf":[],"_links":{"self":[{"href":"https:\/\/www.delideli.zoner.dev\/fin\/wp-json\/wp\/v2\/product\/141243","targetHints":{"allow":["GET"]}}],"collection":[{"href":"https:\/\/www.delideli.zoner.dev\/fin\/wp-json\/wp\/v2\/product"}],"about":[{"href":"https:\/\/www.delideli.zoner.dev\/fin\/wp-json\/wp\/v2\/types\/product"}],"replies":[{"embeddable":true,"href":"https:\/\/www.delideli.zoner.dev\/fin\/wp-json\/wp\/v2\/comments?post=141243"}],"version-history":[{"count":0,"href":"https:\/\/www.delideli.zoner.dev\/fin\/wp-json\/wp\/v2\/product\/141243\/revisions"}],"wp:featuredmedia":[{"embeddable":true,"href":"https:\/\/www.delideli.zoner.dev\/fin\/wp-json\/wp\/v2\/media\/139515"}],"wp:attachment":[{"href":"https:\/\/www.delideli.zoner.dev\/fin\/wp-json\/wp\/v2\/media?parent=141243"}],"wp:term":[{"taxonomy":"product_brand","embeddable":true,"href":"https:\/\/www.delideli.zoner.dev\/fin\/wp-json\/wp\/v2\/product_brand?post=141243"},{"taxonomy":"product_cat","embeddable":true,"href":"https:\/\/www.delideli.zoner.dev\/fin\/wp-json\/wp\/v2\/product_cat?post=141243"},{"taxonomy":"product_tag","embeddable":true,"href":"https:\/\/www.delideli.zoner.dev\/fin\/wp-json\/wp\/v2\/product_tag?post=141243"}],"curies":[{"name":"wp","href":"https:\/\/api.w.org\/{rel}","templated":true}]}}