{"id":141246,"date":"2017-05-12T18:44:28","date_gmt":"2017-05-12T18:44:28","guid":{"rendered":"https:\/\/www.delideli.zoner.dev\/tuote\/lahjapakkaus-jossa-10-erilaista-pataetalahjana-veitsi\/"},"modified":"2026-05-04T16:06:26","modified_gmt":"2026-05-04T16:06:26","slug":"lahjapakkaus-jossa-10-erilaista-pataetalahjana-veitsi","status":"publish","type":"product","link":"https:\/\/www.delideli.zoner.dev\/fin\/tuote\/lahjapakkaus-jossa-10-erilaista-pataetalahjana-veitsi\/","title":{"rendered":"Lahjapakkaus jossa 10 erilaista pat\u00e9eta x 65g"},"content":{"rendered":"<p>K\u00e4tev\u00e4ss\u00e4 ja tyylikk\u00e4\u00e4ss\u00e4 kantopakkauksessa toimitettava patee-lahjapakkaus sis\u00e4lt\u00e4\u00e4:<br \/>\n1 Ankanmaksa-bloc, Lounais-Ranska 70 g<br \/>\n1 D\u00e9lice de Canard \u2013 ankanmaksaterriini, sis. 25 % ankanmaksaa 70 g<br \/>\n1 Gourmandise de Canard \u2013 Ankanmaksaterriini, sis. 20 % ankanmaksaa 70 g<br \/>\n1 Hanhiterriini 70 g<br \/>\n1 Ankkaterriini 70 g<br \/>\n1 Hanhirillette 70 g<br \/>\n1 Ankkarillette 70 g<br \/>\n1 Tryffelill\u00e4 maustettu maalaisterriini 70 g<br \/>\n1 Viherpippurilla ja pistaasip\u00e4hkin\u00e4ll\u00e4 maustettu ankkaterriini 70 g<br \/>\n1 Armanjakilla maustettu villisikapatee 70 g<\/p>\n","protected":false},"excerpt":{"rendered":"<p>La Maison Godardin lahjapakkaus on herkullinen lahja ranskalaista keitti\u00f6t\u00e4 arvostavalle. Se on my\u00f6s helppo hankinta gourmet-illanviettoon, jossa halutaan maistella mahdollisimman montaa erilaista foie gras -pateeta ja muita Lounais-Ranskan tyypillisi\u00e4 pateita. Tilaa itsellesi tai lahjaksi!<\/p>\n","protected":false},"featured_media":139519,"comment_status":"open","ping_status":"open","template":"","meta":{"_acf_changed":false},"product_brand":[635],"product_cat":[697,685,727,729,676],"product_tag":[180,181,182],"class_list":{"0":"post-141246","1":"product","2":"type-product","3":"status-publish","4":"has-post-thumbnail","6":"product_brand-godard","7":"product_cat-foie-gras","8":"product_cat-herkkupakkaukset","9":"product_cat-lahjaksi","10":"product_cat-lihatuotteet","11":"product_cat-suolaiset","12":"product_tag-foie-gras","13":"product_tag-godard","14":"product_tag-lahja","15":"product_shipping_class-shipping-discount","16":"pa_alkuperamaa-ranska","18":"first","19":"outofstock","20":"taxable","21":"shipping-taxable","22":"purchasable","23":"product-type-simple","swatches":"rey-swatches","show_selected":""},"acf":[],"_links":{"self":[{"href":"https:\/\/www.delideli.zoner.dev\/fin\/wp-json\/wp\/v2\/product\/141246","targetHints":{"allow":["GET"]}}],"collection":[{"href":"https:\/\/www.delideli.zoner.dev\/fin\/wp-json\/wp\/v2\/product"}],"about":[{"href":"https:\/\/www.delideli.zoner.dev\/fin\/wp-json\/wp\/v2\/types\/product"}],"replies":[{"embeddable":true,"href":"https:\/\/www.delideli.zoner.dev\/fin\/wp-json\/wp\/v2\/comments?post=141246"}],"version-history":[{"count":0,"href":"https:\/\/www.delideli.zoner.dev\/fin\/wp-json\/wp\/v2\/product\/141246\/revisions"}],"wp:featuredmedia":[{"embeddable":true,"href":"https:\/\/www.delideli.zoner.dev\/fin\/wp-json\/wp\/v2\/media\/139519"}],"wp:attachment":[{"href":"https:\/\/www.delideli.zoner.dev\/fin\/wp-json\/wp\/v2\/media?parent=141246"}],"wp:term":[{"taxonomy":"product_brand","embeddable":true,"href":"https:\/\/www.delideli.zoner.dev\/fin\/wp-json\/wp\/v2\/product_brand?post=141246"},{"taxonomy":"product_cat","embeddable":true,"href":"https:\/\/www.delideli.zoner.dev\/fin\/wp-json\/wp\/v2\/product_cat?post=141246"},{"taxonomy":"product_tag","embeddable":true,"href":"https:\/\/www.delideli.zoner.dev\/fin\/wp-json\/wp\/v2\/product_tag?post=141246"}],"curies":[{"name":"wp","href":"https:\/\/api.w.org\/{rel}","templated":true}]}}