{"id":141250,"date":"2017-05-12T18:44:30","date_gmt":"2017-05-12T18:44:30","guid":{"rendered":"https:\/\/www.delideli.zoner.dev\/tuote\/hanhenrasva\/"},"modified":"2026-05-04T16:06:27","modified_gmt":"2026-05-04T16:06:27","slug":"hanhenrasva","status":"publish","type":"product","link":"https:\/\/www.delideli.zoner.dev\/fin\/tuote\/hanhenrasva\/","title":{"rendered":"Hanhenrasva 320g"},"content":{"rendered":"<p>La Maison Godardin aito hanhenrasva on perinteinen raaka-aine ranskalaisessa keitti\u00f6ss\u00e4. Perunoiden lis\u00e4ksi kokeile sit\u00e4 my\u00f6s kaikenlaiseen paistamiseen sek\u00e4 esimerkiksi vihanneskeiton maustamiseen ja py\u00f6rist\u00e4miseen!<\/p>\n","protected":false},"excerpt":{"rendered":"<p>Hanhenrasvalla voit maustaa perinteiset paistetut perunat ainutlaatuisella tavalla. Se on my\u00f6s tarvittava ainesosa perinteisiin sarlandaisittain valmistettaviin perunoihin, \u201dpommes de terre sarlandaises\u201d.<\/p>\n","protected":false},"featured_media":139523,"comment_status":"open","ping_status":"open","template":"","meta":{"_acf_changed":false},"product_brand":[635],"product_cat":[729,676],"product_tag":[181],"class_list":{"0":"post-141250","1":"product","2":"type-product","3":"status-publish","4":"has-post-thumbnail","6":"product_brand-godard","7":"product_cat-lihatuotteet","8":"product_cat-suolaiset","9":"product_tag-godard","10":"product_shipping_class-shipping-discount","11":"pa_alkuperamaa-ranska","13":"first","14":"instock","15":"taxable","16":"shipping-taxable","17":"purchasable","18":"product-type-simple","swatches":"rey-swatches","show_selected":""},"acf":[],"_links":{"self":[{"href":"https:\/\/www.delideli.zoner.dev\/fin\/wp-json\/wp\/v2\/product\/141250","targetHints":{"allow":["GET"]}}],"collection":[{"href":"https:\/\/www.delideli.zoner.dev\/fin\/wp-json\/wp\/v2\/product"}],"about":[{"href":"https:\/\/www.delideli.zoner.dev\/fin\/wp-json\/wp\/v2\/types\/product"}],"replies":[{"embeddable":true,"href":"https:\/\/www.delideli.zoner.dev\/fin\/wp-json\/wp\/v2\/comments?post=141250"}],"version-history":[{"count":0,"href":"https:\/\/www.delideli.zoner.dev\/fin\/wp-json\/wp\/v2\/product\/141250\/revisions"}],"wp:featuredmedia":[{"embeddable":true,"href":"https:\/\/www.delideli.zoner.dev\/fin\/wp-json\/wp\/v2\/media\/139523"}],"wp:attachment":[{"href":"https:\/\/www.delideli.zoner.dev\/fin\/wp-json\/wp\/v2\/media?parent=141250"}],"wp:term":[{"taxonomy":"product_brand","embeddable":true,"href":"https:\/\/www.delideli.zoner.dev\/fin\/wp-json\/wp\/v2\/product_brand?post=141250"},{"taxonomy":"product_cat","embeddable":true,"href":"https:\/\/www.delideli.zoner.dev\/fin\/wp-json\/wp\/v2\/product_cat?post=141250"},{"taxonomy":"product_tag","embeddable":true,"href":"https:\/\/www.delideli.zoner.dev\/fin\/wp-json\/wp\/v2\/product_tag?post=141250"}],"curies":[{"name":"wp","href":"https:\/\/api.w.org\/{rel}","templated":true}]}}