{"id":141251,"date":"2017-05-12T18:44:30","date_gmt":"2017-05-12T18:44:30","guid":{"rendered":"https:\/\/www.delideli.zoner.dev\/tuote\/kokonainen-hanhenmaksa-perigord-ranska\/"},"modified":"2026-05-04T16:06:27","modified_gmt":"2026-05-04T16:06:27","slug":"kokonainen-hanhenmaksa-perigord-ranska","status":"publish","type":"product","link":"https:\/\/www.delideli.zoner.dev\/fin\/tuote\/kokonainen-hanhenmaksa-perigord-ranska\/","title":{"rendered":"Kokonainen hanhenmaksa, Perigord Ranska 125g"},"content":{"rendered":"<p>La Maison Godardin Foie Gras d\u00b4Oie Entier du P\u00e9rigord eli P\u00e9rigordin kokonainen hanhenmaksa on varmasti unohtumaton makuel\u00e4mys kaikille sit\u00e4 maistaneille herkkusuille. Hanhenmaksa on tarkkaan valittu makunsa ja sametinpehme\u00e4n koostumuksensa perusteella. Tarjoile hanhenmaksa ohueksi viipaloituna tai paksumpina paloina sellaisenaan tai laadukkaan kuohuviinin ja paahtoleiv\u00e4n kera.<br \/>\nVinkki: Laita kokonainen hanhenmaksa pakkauksessaan j\u00e4\u00e4kaappiin muutamaa tuntia ennen tarjoilua. Ota se ulos noin 15 minuuttia ennen tarjoilua ja viipaloi se hanhenmaksan paloitteluun tarkoitetulla viipaloijalla tai hienoter\u00e4isell\u00e4 veitsell\u00e4, jonka ter\u00e4 on kastettu kuumaan veteen. Tarjoile viipaleet kevyesti paahdettujen maalaisleip\u00e4viipaleiden kanssa.<\/p>\n","protected":false},"excerpt":{"rendered":"<p>Moneen kertaan palkittu Oie du P\u00e9rigordin kokonainen hanhenmaksa on foie gras -tuotteiden hienointa, mit\u00e4 on. Kokonainen hanhenmaksa on per\u00e4isin aina samasta hanhesta ja k\u00e4sitelty ainoastaan leikkaamalla ja kypsent\u00e4m\u00e4ll\u00e4 purkissaan paineastiassa. Kokonaista hanhenmaksaa leikatessa voi huomata sen hienostuneen, norsunluisen ja hieman vaaleanpunaisen v\u00e4rin. Sen maku on pehme\u00e4 sek\u00e4 hienostunut. Kokonainen hanhenmaksa ainoastaan paranee ajan kuluessa!<\/p>\n","protected":false},"featured_media":139525,"comment_status":"open","ping_status":"open","template":"","meta":{"_acf_changed":false},"product_brand":[635],"product_cat":[697,676],"product_tag":[180,181],"class_list":{"0":"post-141251","1":"product","2":"type-product","3":"status-publish","4":"has-post-thumbnail","6":"product_brand-godard","7":"product_cat-foie-gras","8":"product_cat-suolaiset","9":"product_tag-foie-gras","10":"product_tag-godard","11":"product_shipping_class-shipping-discount","12":"pa_alkuperamaa-ranska","14":"first","15":"instock","16":"taxable","17":"shipping-taxable","18":"purchasable","19":"product-type-simple","swatches":"rey-swatches","show_selected":""},"acf":[],"_links":{"self":[{"href":"https:\/\/www.delideli.zoner.dev\/fin\/wp-json\/wp\/v2\/product\/141251","targetHints":{"allow":["GET"]}}],"collection":[{"href":"https:\/\/www.delideli.zoner.dev\/fin\/wp-json\/wp\/v2\/product"}],"about":[{"href":"https:\/\/www.delideli.zoner.dev\/fin\/wp-json\/wp\/v2\/types\/product"}],"replies":[{"embeddable":true,"href":"https:\/\/www.delideli.zoner.dev\/fin\/wp-json\/wp\/v2\/comments?post=141251"}],"version-history":[{"count":0,"href":"https:\/\/www.delideli.zoner.dev\/fin\/wp-json\/wp\/v2\/product\/141251\/revisions"}],"wp:featuredmedia":[{"embeddable":true,"href":"https:\/\/www.delideli.zoner.dev\/fin\/wp-json\/wp\/v2\/media\/139525"}],"wp:attachment":[{"href":"https:\/\/www.delideli.zoner.dev\/fin\/wp-json\/wp\/v2\/media?parent=141251"}],"wp:term":[{"taxonomy":"product_brand","embeddable":true,"href":"https:\/\/www.delideli.zoner.dev\/fin\/wp-json\/wp\/v2\/product_brand?post=141251"},{"taxonomy":"product_cat","embeddable":true,"href":"https:\/\/www.delideli.zoner.dev\/fin\/wp-json\/wp\/v2\/product_cat?post=141251"},{"taxonomy":"product_tag","embeddable":true,"href":"https:\/\/www.delideli.zoner.dev\/fin\/wp-json\/wp\/v2\/product_tag?post=141251"}],"curies":[{"name":"wp","href":"https:\/\/api.w.org\/{rel}","templated":true}]}}