{"id":141252,"date":"2017-05-12T18:44:31","date_gmt":"2017-05-12T18:44:31","guid":{"rendered":"https:\/\/www.delideli.zoner.dev\/tuote\/ankanpata-jossa-50-ankanmaksa\/"},"modified":"2026-05-04T16:06:27","modified_gmt":"2026-05-04T16:06:27","slug":"ankanpata-jossa-50-ankanmaksa","status":"publish","type":"product","link":"https:\/\/www.delideli.zoner.dev\/fin\/tuote\/ankanpata-jossa-50-ankanmaksa\/","title":{"rendered":"Ankanpat\u00e9 jossa 50% ankanmaksa 65g"},"content":{"rendered":"<p>La Maison Godardin P\u00e2t\u00e9 de Foie de Canard sis\u00e4lt\u00e4\u00e4 50% ankanleverbloc-syd\u00e4men pehme\u00e4ss\u00e4 perinteisess\u00e4 p\u00e2t\u00e9ssa. Armagnac ja Porto antavat maulle syvyytt\u00e4. Tarjoile viile\u00e4n\u00e4 toasteilla.<\/p>\n","protected":false},"excerpt":{"rendered":"<p>Ankp\u00e2t\u00e9 jossa 50% foie gras-blocia \u2013 perinteinen recepty P\u00e9rigordista.<\/p>\n","protected":false},"featured_media":139527,"comment_status":"open","ping_status":"open","template":"","meta":{"_acf_changed":false},"product_brand":[635],"product_cat":[697,676],"product_tag":[180,181],"class_list":{"0":"post-141252","1":"product","2":"type-product","3":"status-publish","4":"has-post-thumbnail","6":"product_brand-godard","7":"product_cat-foie-gras","8":"product_cat-suolaiset","9":"product_tag-foie-gras","10":"product_tag-godard","11":"product_shipping_class-shipping-discount","12":"pa_alkuperamaa-ranska","14":"first","15":"instock","16":"taxable","17":"shipping-taxable","18":"purchasable","19":"product-type-simple","swatches":"rey-swatches","show_selected":""},"acf":[],"_links":{"self":[{"href":"https:\/\/www.delideli.zoner.dev\/fin\/wp-json\/wp\/v2\/product\/141252","targetHints":{"allow":["GET"]}}],"collection":[{"href":"https:\/\/www.delideli.zoner.dev\/fin\/wp-json\/wp\/v2\/product"}],"about":[{"href":"https:\/\/www.delideli.zoner.dev\/fin\/wp-json\/wp\/v2\/types\/product"}],"replies":[{"embeddable":true,"href":"https:\/\/www.delideli.zoner.dev\/fin\/wp-json\/wp\/v2\/comments?post=141252"}],"version-history":[{"count":0,"href":"https:\/\/www.delideli.zoner.dev\/fin\/wp-json\/wp\/v2\/product\/141252\/revisions"}],"wp:featuredmedia":[{"embeddable":true,"href":"https:\/\/www.delideli.zoner.dev\/fin\/wp-json\/wp\/v2\/media\/139527"}],"wp:attachment":[{"href":"https:\/\/www.delideli.zoner.dev\/fin\/wp-json\/wp\/v2\/media?parent=141252"}],"wp:term":[{"taxonomy":"product_brand","embeddable":true,"href":"https:\/\/www.delideli.zoner.dev\/fin\/wp-json\/wp\/v2\/product_brand?post=141252"},{"taxonomy":"product_cat","embeddable":true,"href":"https:\/\/www.delideli.zoner.dev\/fin\/wp-json\/wp\/v2\/product_cat?post=141252"},{"taxonomy":"product_tag","embeddable":true,"href":"https:\/\/www.delideli.zoner.dev\/fin\/wp-json\/wp\/v2\/product_tag?post=141252"}],"curies":[{"name":"wp","href":"https:\/\/api.w.org\/{rel}","templated":true}]}}