{"id":141253,"date":"2017-05-12T18:44:31","date_gmt":"2017-05-12T18:44:31","guid":{"rendered":"https:\/\/www.delideli.zoner.dev\/tuote\/la-guinette-kirsikat-tummasuklaassa\/"},"modified":"2026-05-04T16:06:28","modified_gmt":"2026-05-04T16:06:28","slug":"la-guinette-kirsikat-tummasuklaassa","status":"publish","type":"product","link":"https:\/\/www.delideli.zoner.dev\/fin\/tuote\/la-guinette-kirsikat-tummasuklaassa\/","title":{"rendered":"Tummaan suklaaseen kastetut Guinette-kirsikat 190 g"},"content":{"rendered":"<p>Mademoiselle de Margaux\u2019n tummaan suklaaseen kastetut Guinette-kirsikat ovat todellakin ainutlaatuinen herkku. Siin\u00e4 k\u00e4ytetyt kirsikat ovat makeaa ja maultaan pehme\u00e4\u00e4 lajiketta. Ennen s\u00e4il\u00f6mist\u00e4 armanjakkiin niist\u00e4 poistetaan kivi.<br \/>\nGuinette-kirsikat ovat perinteinen ranskalainen monissa kodeissakin valmistettu s\u00e4ilyke, jossa kirsikat s\u00e4il\u00f6t\u00e4\u00e4n br\u00e4ndiin. Armanjakkiin s\u00e4il\u00f6tyiss\u00e4 kirsikoissa armanjakin intensiivinen aromi sopii hienosti yhteen kirsikoiden kevyen happamuuden kanssa. Herkun viimeistelee puhtaasta kaakaovoista valmistettu ensiluokkainen tumma suklaa.<\/p>\n","protected":false},"excerpt":{"rendered":"<p>Mademoiselle de Margaux on tunnetun Bordeaux-viinin valmistajan, Ch\u00e2teau de Margaux\u2019n, naapurissa sijaitseva suklaavalmistaja. Mademoiselle de Margaux\u2019n yksi klassikoista on armanjakissa s\u00e4il\u00f6tyt ja tummaan suklaaseen kastetut Guinette-kirsikat. Tarkkaan valikoidun armanjakin, raikkaiden kirsikoiden ja laadukkaan tumman suklaan yhdistelm\u00e4 takaa t\u00e4lle herkulle upean makuyhdistelm\u00e4n ja suussa sulavan rakenteen, joka kelpaa vaativimmillekin herkkusuille.<\/p>\n<p><strong>T\u00e4m\u00e4 tuote saatavilla vain noutona.<\/strong><\/p>\n","protected":false},"featured_media":139529,"comment_status":"open","ping_status":"open","template":"","meta":{"_acf_changed":false},"product_brand":[642],"product_cat":[680,708],"product_tag":[],"class_list":{"0":"post-141253","1":"product","2":"type-product","3":"status-publish","4":"has-post-thumbnail","6":"product_brand-mademoiselle-de-margaux","7":"product_cat-makeat","8":"product_cat-suklaarasiat","9":"pa_alkuperamaa-ranska","11":"first","12":"outofstock","13":"taxable","14":"shipping-taxable","15":"purchasable","16":"product-type-simple","swatches":"rey-swatches","show_selected":""},"acf":[],"_links":{"self":[{"href":"https:\/\/www.delideli.zoner.dev\/fin\/wp-json\/wp\/v2\/product\/141253","targetHints":{"allow":["GET"]}}],"collection":[{"href":"https:\/\/www.delideli.zoner.dev\/fin\/wp-json\/wp\/v2\/product"}],"about":[{"href":"https:\/\/www.delideli.zoner.dev\/fin\/wp-json\/wp\/v2\/types\/product"}],"replies":[{"embeddable":true,"href":"https:\/\/www.delideli.zoner.dev\/fin\/wp-json\/wp\/v2\/comments?post=141253"}],"version-history":[{"count":0,"href":"https:\/\/www.delideli.zoner.dev\/fin\/wp-json\/wp\/v2\/product\/141253\/revisions"}],"wp:featuredmedia":[{"embeddable":true,"href":"https:\/\/www.delideli.zoner.dev\/fin\/wp-json\/wp\/v2\/media\/139529"}],"wp:attachment":[{"href":"https:\/\/www.delideli.zoner.dev\/fin\/wp-json\/wp\/v2\/media?parent=141253"}],"wp:term":[{"taxonomy":"product_brand","embeddable":true,"href":"https:\/\/www.delideli.zoner.dev\/fin\/wp-json\/wp\/v2\/product_brand?post=141253"},{"taxonomy":"product_cat","embeddable":true,"href":"https:\/\/www.delideli.zoner.dev\/fin\/wp-json\/wp\/v2\/product_cat?post=141253"},{"taxonomy":"product_tag","embeddable":true,"href":"https:\/\/www.delideli.zoner.dev\/fin\/wp-json\/wp\/v2\/product_tag?post=141253"}],"curies":[{"name":"wp","href":"https:\/\/api.w.org\/{rel}","templated":true}]}}