{"id":141254,"date":"2017-05-12T18:44:32","date_gmt":"2017-05-12T18:44:32","guid":{"rendered":"https:\/\/www.delideli.zoner.dev\/tuote\/bretagnelainen-kalakeitto\/"},"modified":"2026-05-04T16:06:28","modified_gmt":"2026-05-04T16:06:28","slug":"bretagnelainen-kalakeitto","status":"publish","type":"product","link":"https:\/\/www.delideli.zoner.dev\/fin\/tuote\/bretagnelainen-kalakeitto\/","title":{"rendered":"Bretagnelainen kalakeitto 400g"},"content":{"rendered":"<p>Bretagnelainen kalakeitto, \u201dsoupe de poissons\u201d, on perinteinen ja maukas herkku kaikessa yksinkertaisuudessaan. Tomaattinen kalakeitto p\u00e4\u00e4see oikeuksiinsa, kun makua t\u00e4ydent\u00e4\u00e4 perinteisell\u00e4 rouille-kalakastikkeella, krutongeilla ja juustoraasteella.<\/p>\n","protected":false},"excerpt":{"rendered":"<p>Un des grands classiques de la Conserverie la belle-iloise!<\/p>\n<p>Yksi la belle-iloisen perinteisist\u00e4 klassikoista on bretagnelainen kalakeitto. Keittoa t\u00e4ydennet\u00e4\u00e4n perinteisesti nokareella rouillea, muutamilla krutongeilla ja ripauksella juustoraastetta. Bon app\u00e9tit!<\/p>\n","protected":false},"featured_media":139531,"comment_status":"open","ping_status":"open","template":"","meta":{"_acf_changed":false},"product_brand":[632],"product_cat":[698,676],"product_tag":[],"class_list":{"0":"post-141254","1":"product","2":"type-product","3":"status-publish","4":"has-post-thumbnail","6":"product_brand-la-belle-iloise","7":"product_cat-keitot","8":"product_cat-suolaiset","9":"product_shipping_class-shipping-discount","10":"pa_alkuperamaa-ranska","12":"first","13":"outofstock","14":"taxable","15":"shipping-taxable","16":"purchasable","17":"product-type-simple","swatches":"rey-swatches","show_selected":""},"acf":[],"_links":{"self":[{"href":"https:\/\/www.delideli.zoner.dev\/fin\/wp-json\/wp\/v2\/product\/141254","targetHints":{"allow":["GET"]}}],"collection":[{"href":"https:\/\/www.delideli.zoner.dev\/fin\/wp-json\/wp\/v2\/product"}],"about":[{"href":"https:\/\/www.delideli.zoner.dev\/fin\/wp-json\/wp\/v2\/types\/product"}],"replies":[{"embeddable":true,"href":"https:\/\/www.delideli.zoner.dev\/fin\/wp-json\/wp\/v2\/comments?post=141254"}],"version-history":[{"count":0,"href":"https:\/\/www.delideli.zoner.dev\/fin\/wp-json\/wp\/v2\/product\/141254\/revisions"}],"wp:featuredmedia":[{"embeddable":true,"href":"https:\/\/www.delideli.zoner.dev\/fin\/wp-json\/wp\/v2\/media\/139531"}],"wp:attachment":[{"href":"https:\/\/www.delideli.zoner.dev\/fin\/wp-json\/wp\/v2\/media?parent=141254"}],"wp:term":[{"taxonomy":"product_brand","embeddable":true,"href":"https:\/\/www.delideli.zoner.dev\/fin\/wp-json\/wp\/v2\/product_brand?post=141254"},{"taxonomy":"product_cat","embeddable":true,"href":"https:\/\/www.delideli.zoner.dev\/fin\/wp-json\/wp\/v2\/product_cat?post=141254"},{"taxonomy":"product_tag","embeddable":true,"href":"https:\/\/www.delideli.zoner.dev\/fin\/wp-json\/wp\/v2\/product_tag?post=141254"}],"curies":[{"name":"wp","href":"https:\/\/api.w.org\/{rel}","templated":true}]}}