{"id":141258,"date":"2017-05-12T18:44:33","date_gmt":"2017-05-12T18:44:33","guid":{"rendered":"https:\/\/www.delideli.zoner.dev\/tuote\/tonnikalamousse-mausteena-basilika\/"},"modified":"2026-05-04T16:06:31","modified_gmt":"2026-05-04T16:06:31","slug":"tonnikalamousse-mausteena-basilika","status":"publish","type":"product","link":"https:\/\/www.delideli.zoner.dev\/fin\/tuote\/tonnikalamousse-mausteena-basilika\/","title":{"rendered":"Basilikalla maustettu tonnikalamousse 63 g"},"content":{"rendered":"<p>Samettinen basilikalla maustettu tonnikalamousse on sellaisenaan valmis sy\u00f6t\u00e4v\u00e4ksi ja nautittavaksi. Moussen p\u00e4\u00e4raaka-aine on laadukas valkotonnikala, jota kutsutaan tonnikalojen kuninkaaksi. Tuore basilika ja h\u00e4iv\u00e4hdys tomaattia tuo mousseen miellytt\u00e4v\u00e4n aromin kaikessa yksinkertaisuudessaan. Ensiluokkaisten raaka-aineiden lis\u00e4ksi tonnikalamousseen ei tarvita mit\u00e4\u00e4n muita lis\u00e4aineita tai keinotekoisia aromeja.<\/p>\n","protected":false},"excerpt":{"rendered":"<p>Aromaattinen ja sametinpehme\u00e4 tonnikalamousse<\/p>\n<p>Basilikalla maustettu tonnikalamousse on suutuntumaltaan sametinpehme\u00e4 ja maultaan ihanan aromaattinen. Valmis tonnikalamousse sopii niin suolaisiin suupaloihin kuin esimerkiksi patongin t\u00e4ytteeksi!<\/p>\n","protected":false},"featured_media":139535,"comment_status":"open","ping_status":"open","template":"","meta":{"_acf_changed":false},"product_brand":[632],"product_cat":[728,676],"product_tag":[],"class_list":{"0":"post-141258","1":"product","2":"type-product","3":"status-publish","4":"has-post-thumbnail","6":"product_brand-la-belle-iloise","7":"product_cat-kalatuotteet","8":"product_cat-suolaiset","9":"product_shipping_class-shipping-discount","10":"pa_alkuperamaa-ranska","12":"first","13":"instock","14":"taxable","15":"shipping-taxable","16":"purchasable","17":"product-type-simple","swatches":"rey-swatches","show_selected":""},"acf":[],"_links":{"self":[{"href":"https:\/\/www.delideli.zoner.dev\/fin\/wp-json\/wp\/v2\/product\/141258","targetHints":{"allow":["GET"]}}],"collection":[{"href":"https:\/\/www.delideli.zoner.dev\/fin\/wp-json\/wp\/v2\/product"}],"about":[{"href":"https:\/\/www.delideli.zoner.dev\/fin\/wp-json\/wp\/v2\/types\/product"}],"replies":[{"embeddable":true,"href":"https:\/\/www.delideli.zoner.dev\/fin\/wp-json\/wp\/v2\/comments?post=141258"}],"version-history":[{"count":0,"href":"https:\/\/www.delideli.zoner.dev\/fin\/wp-json\/wp\/v2\/product\/141258\/revisions"}],"wp:featuredmedia":[{"embeddable":true,"href":"https:\/\/www.delideli.zoner.dev\/fin\/wp-json\/wp\/v2\/media\/139535"}],"wp:attachment":[{"href":"https:\/\/www.delideli.zoner.dev\/fin\/wp-json\/wp\/v2\/media?parent=141258"}],"wp:term":[{"taxonomy":"product_brand","embeddable":true,"href":"https:\/\/www.delideli.zoner.dev\/fin\/wp-json\/wp\/v2\/product_brand?post=141258"},{"taxonomy":"product_cat","embeddable":true,"href":"https:\/\/www.delideli.zoner.dev\/fin\/wp-json\/wp\/v2\/product_cat?post=141258"},{"taxonomy":"product_tag","embeddable":true,"href":"https:\/\/www.delideli.zoner.dev\/fin\/wp-json\/wp\/v2\/product_tag?post=141258"}],"curies":[{"name":"wp","href":"https:\/\/api.w.org\/{rel}","templated":true}]}}