{"id":141262,"date":"2017-05-12T18:44:35","date_gmt":"2017-05-12T18:44:35","guid":{"rendered":"https:\/\/www.delideli.zoner.dev\/tuote\/tonnikalatahna-mausteena-oliivi-ja-kapris\/"},"modified":"2026-05-04T16:06:34","modified_gmt":"2026-05-04T16:06:34","slug":"tonnikalatahna-mausteena-oliivi-ja-kapris","status":"publish","type":"product","link":"https:\/\/www.delideli.zoner.dev\/fin\/tuote\/tonnikalatahna-mausteena-oliivi-ja-kapris\/","title":{"rendered":"Tonnikalatahna -mausteena oliivi ja kapris 63g"},"content":{"rendered":"<p>La belle-iloisen oliivilla ja kapriksella maustettu tonnikalatahna, \u201dtho\u00efonade\u201d, on valmistettu arvostetusta ja ravintoarvoiltaan laadukkaasta valkotonnikalasta. Mustat oliivit, kaprikset, Provencen yrtit ja mausteet tekev\u00e4t tonnikalatahnasta maukkaan ja aromaattisen suupalan, joka sopii nautittavaksi monella eri tapaa alkupalana tai esimerkiksi erilaisissa uuniruoissa. Tahnassa ei ole k\u00e4ytetty mit\u00e4\u00e4n turhia lis\u00e4- tai s\u00e4il\u00f6nt\u00e4aineita, kaikki maut tulevat puhtaista raaka-aineista.<\/p>\n","protected":false},"excerpt":{"rendered":"<p>Maukas ja sellaisenaan valmis suolainen suupala<\/p>\n<p>Oliivilla ja kapriksella maustettu tonnikalatahna on herkullinen valmistahna esimerkiksi leiv\u00e4n p\u00e4\u00e4ll\u00e4 sy\u00f6tyn\u00e4 tai perunoiden kanssa. Provencen yrtit ja oliivi\u00f6ljy luovat tahnaan v\u00e4limerellisen makumaailman. Kokeile my\u00f6s vaikka pastan kanssa!<\/p>\n","protected":false},"featured_media":139539,"comment_status":"open","ping_status":"open","template":"","meta":{"_acf_changed":false},"product_brand":[632],"product_cat":[728,676],"product_tag":[],"class_list":{"0":"post-141262","1":"product","2":"type-product","3":"status-publish","4":"has-post-thumbnail","6":"product_brand-la-belle-iloise","7":"product_cat-kalatuotteet","8":"product_cat-suolaiset","9":"product_shipping_class-shipping-discount","10":"pa_alkuperamaa-ranska","12":"first","13":"instock","14":"taxable","15":"shipping-taxable","16":"purchasable","17":"product-type-simple","swatches":"rey-swatches","show_selected":""},"acf":[],"_links":{"self":[{"href":"https:\/\/www.delideli.zoner.dev\/fin\/wp-json\/wp\/v2\/product\/141262","targetHints":{"allow":["GET"]}}],"collection":[{"href":"https:\/\/www.delideli.zoner.dev\/fin\/wp-json\/wp\/v2\/product"}],"about":[{"href":"https:\/\/www.delideli.zoner.dev\/fin\/wp-json\/wp\/v2\/types\/product"}],"replies":[{"embeddable":true,"href":"https:\/\/www.delideli.zoner.dev\/fin\/wp-json\/wp\/v2\/comments?post=141262"}],"version-history":[{"count":0,"href":"https:\/\/www.delideli.zoner.dev\/fin\/wp-json\/wp\/v2\/product\/141262\/revisions"}],"wp:featuredmedia":[{"embeddable":true,"href":"https:\/\/www.delideli.zoner.dev\/fin\/wp-json\/wp\/v2\/media\/139539"}],"wp:attachment":[{"href":"https:\/\/www.delideli.zoner.dev\/fin\/wp-json\/wp\/v2\/media?parent=141262"}],"wp:term":[{"taxonomy":"product_brand","embeddable":true,"href":"https:\/\/www.delideli.zoner.dev\/fin\/wp-json\/wp\/v2\/product_brand?post=141262"},{"taxonomy":"product_cat","embeddable":true,"href":"https:\/\/www.delideli.zoner.dev\/fin\/wp-json\/wp\/v2\/product_cat?post=141262"},{"taxonomy":"product_tag","embeddable":true,"href":"https:\/\/www.delideli.zoner.dev\/fin\/wp-json\/wp\/v2\/product_tag?post=141262"}],"curies":[{"name":"wp","href":"https:\/\/api.w.org\/{rel}","templated":true}]}}