{"id":141265,"date":"2017-05-12T18:44:39","date_gmt":"2017-05-12T18:44:39","guid":{"rendered":"https:\/\/www.delideli.zoner.dev\/tuote\/kastanjalevite\/"},"modified":"2026-05-04T16:06:39","modified_gmt":"2026-05-04T16:06:39","slug":"kastanjalevite","status":"publish","type":"product","link":"https:\/\/www.delideli.zoner.dev\/fin\/tuote\/kastanjalevite\/","title":{"rendered":"Kastanjalevite 992 g"},"content":{"rendered":"<p>Kondiittorimestari Cl\u00e9ment Faugier loi alun perin vuonna 1885 suositun reseptin t\u00e4lle kastanjalevitteelle, joka tunnetaan Ranskassa yleisesti nimell\u00e4 \u201dCr\u00e8me de marrons de l\u2019ard\u00e8che\u201d. Kyseisest\u00e4 kastanjalevitteest\u00e4 tulikin kestosuosikki niin aamiaisella kuin iltap\u00e4iv\u00e4n go\u00fbter-v\u00e4lipalahetkell\u00e4.<br \/>\nKastanjalevitteess\u00e4 yhdistyv\u00e4t juuri optimaalisella tavalla rouhitut sokerikuorrutetut kastanjat (marrons glac\u00e9s), h\u00f6yrytetyt kastanjat, siirappi, sokeri ja vanilja luoden herkullisen ja vertaansa vailla olevan kastanjalevitteen. Kokeile sit\u00e4 esimerkiksi jukurttiin tai rahkaan sekoitettuna tai sellaisenaan leiv\u00e4n, sokerikakun tai suklaakakun p\u00e4\u00e4ll\u00e4. Kastanjalevite sopii my\u00f6s loistavasti erilaisten hedelmien kanssa. Jos haluat kokea oikein autenttisen ranskalaisen makuel\u00e4myksen, kuorruta cr\u00eappisi, vohvelisi tai patonginpalasi kastanjalevitteell\u00e4! Se sopii my\u00f6s loistavasti leivontaan maustamaan esimerkiksi kohokkaat, vanukkaat, fondantit, j\u00e4\u00e4tel\u00f6t ja vaikka piiraat.<\/p>\n","protected":false},"excerpt":{"rendered":"<p>Kastanjalevite eli kastanjatahna on suosittu lisuke niin aamiaisella kuin iltap\u00e4iv\u00e4n v\u00e4lipalahetkell\u00e4 Ranskassa. Cl\u00e9ment Faugier\u2019n kastanjalevitteen resepti ei ole muuttunut vuosisatojenkaan saatossa, ja sen valmistuksessa k\u00e4ytet\u00e4\u00e4n vain luonnollisia ainesosia. Kokeile t\u00e4t\u00e4 herkullista makeaa levitett\u00e4 suoraan sellaisenaan esimerkiksi leiv\u00e4ll\u00e4, hedelm\u00e4n kanssa tai rahkassa tai leivonnassa. Kilon pakkaus riitt\u00e4\u00e4 pidemm\u00e4ksikin aikaa tai isommalle porukalle!<\/p>\n","protected":false},"featured_media":139541,"comment_status":"open","ping_status":"open","template":"","meta":{"_acf_changed":false},"product_brand":[623],"product_cat":[712,681],"product_tag":[],"class_list":{"0":"post-141265","1":"product","2":"type-product","3":"status-publish","4":"has-post-thumbnail","6":"product_brand-clement-faugier","7":"product_cat-kastanjat","8":"product_cat-marjat-hedelmat","9":"product_shipping_class-shipping-discount","10":"pa_alkuperamaa-ranska","12":"first","13":"instock","14":"taxable","15":"shipping-taxable","16":"purchasable","17":"product-type-simple","swatches":"rey-swatches","show_selected":""},"acf":[],"_links":{"self":[{"href":"https:\/\/www.delideli.zoner.dev\/fin\/wp-json\/wp\/v2\/product\/141265","targetHints":{"allow":["GET"]}}],"collection":[{"href":"https:\/\/www.delideli.zoner.dev\/fin\/wp-json\/wp\/v2\/product"}],"about":[{"href":"https:\/\/www.delideli.zoner.dev\/fin\/wp-json\/wp\/v2\/types\/product"}],"replies":[{"embeddable":true,"href":"https:\/\/www.delideli.zoner.dev\/fin\/wp-json\/wp\/v2\/comments?post=141265"}],"version-history":[{"count":0,"href":"https:\/\/www.delideli.zoner.dev\/fin\/wp-json\/wp\/v2\/product\/141265\/revisions"}],"wp:featuredmedia":[{"embeddable":true,"href":"https:\/\/www.delideli.zoner.dev\/fin\/wp-json\/wp\/v2\/media\/139541"}],"wp:attachment":[{"href":"https:\/\/www.delideli.zoner.dev\/fin\/wp-json\/wp\/v2\/media?parent=141265"}],"wp:term":[{"taxonomy":"product_brand","embeddable":true,"href":"https:\/\/www.delideli.zoner.dev\/fin\/wp-json\/wp\/v2\/product_brand?post=141265"},{"taxonomy":"product_cat","embeddable":true,"href":"https:\/\/www.delideli.zoner.dev\/fin\/wp-json\/wp\/v2\/product_cat?post=141265"},{"taxonomy":"product_tag","embeddable":true,"href":"https:\/\/www.delideli.zoner.dev\/fin\/wp-json\/wp\/v2\/product_tag?post=141265"}],"curies":[{"name":"wp","href":"https:\/\/api.w.org\/{rel}","templated":true}]}}