{"id":141269,"date":"2017-05-12T18:44:43","date_gmt":"2017-05-12T18:44:43","guid":{"rendered":"https:\/\/www.delideli.zoner.dev\/tuote\/viinirypaleensiemenoljy\/"},"modified":"2026-05-04T16:06:40","modified_gmt":"2026-05-04T16:06:40","slug":"viinirypaleensiemenoljy","status":"publish","type":"product","link":"https:\/\/www.delideli.zoner.dev\/fin\/tuote\/viinirypaleensiemenoljy\/","title":{"rendered":"Viiniryp\u00e4leensiemen\u00f6ljy 500ml"},"content":{"rendered":"<p>Maultaan neutraali viiniryp\u00e4leensiemen\u00f6ljy on perinteinen fondue\u00f6ljy. Se kest\u00e4\u00e4 hyvin korkeita l\u00e4mp\u00f6tiloja, joten se on mit\u00e4 parhain \u00f6ljy paistamiseen ja friteeraukseen. Sen miedot aromit antavat hedelm\u00e4isen ja hieman hapokkaan h\u00e4iv\u00e4hdyksen ruokiin. Kokeile etenkin marinadeissa!<\/p>\n","protected":false},"excerpt":{"rendered":"<p>Viiniryp\u00e4leensiemen\u00f6ljy kest\u00e4\u00e4 hyvin korkeita l\u00e4mp\u00f6tiloja, joten se on mit\u00e4 parhain \u00f6ljy paistamiseen. Ranskalaisen Huilerie Cauvinin viiniryp\u00e4leensiemen\u00f6ljy sis\u00e4lt\u00e4\u00e4 paljon hyvi\u00e4 rasvahappoja, ja siksi se on luonnollinen osa terveellist\u00e4 ruokavaliota.<\/p>\n","protected":false},"featured_media":139547,"comment_status":"open","ping_status":"open","template":"","meta":{"_acf_changed":false},"product_brand":[631],"product_cat":[677,690,678,752],"product_tag":[],"class_list":{"0":"post-141269","1":"product","2":"type-product","3":"status-publish","4":"has-post-thumbnail","6":"product_brand-huilerie-cauvin","7":"product_cat-ajankohtaisia","8":"product_cat-muut-oljyt","9":"product_cat-oljyt-etikat","10":"product_cat-tarjoukset","11":"product_shipping_class-shipping-discount","12":"pa_alkuperamaa-ranska","14":"first","15":"outofstock","16":"sale","17":"taxable","18":"shipping-taxable","19":"purchasable","20":"product-type-simple","swatches":"rey-swatches","show_selected":""},"acf":[],"_links":{"self":[{"href":"https:\/\/www.delideli.zoner.dev\/fin\/wp-json\/wp\/v2\/product\/141269","targetHints":{"allow":["GET"]}}],"collection":[{"href":"https:\/\/www.delideli.zoner.dev\/fin\/wp-json\/wp\/v2\/product"}],"about":[{"href":"https:\/\/www.delideli.zoner.dev\/fin\/wp-json\/wp\/v2\/types\/product"}],"replies":[{"embeddable":true,"href":"https:\/\/www.delideli.zoner.dev\/fin\/wp-json\/wp\/v2\/comments?post=141269"}],"version-history":[{"count":0,"href":"https:\/\/www.delideli.zoner.dev\/fin\/wp-json\/wp\/v2\/product\/141269\/revisions"}],"wp:featuredmedia":[{"embeddable":true,"href":"https:\/\/www.delideli.zoner.dev\/fin\/wp-json\/wp\/v2\/media\/139547"}],"wp:attachment":[{"href":"https:\/\/www.delideli.zoner.dev\/fin\/wp-json\/wp\/v2\/media?parent=141269"}],"wp:term":[{"taxonomy":"product_brand","embeddable":true,"href":"https:\/\/www.delideli.zoner.dev\/fin\/wp-json\/wp\/v2\/product_brand?post=141269"},{"taxonomy":"product_cat","embeddable":true,"href":"https:\/\/www.delideli.zoner.dev\/fin\/wp-json\/wp\/v2\/product_cat?post=141269"},{"taxonomy":"product_tag","embeddable":true,"href":"https:\/\/www.delideli.zoner.dev\/fin\/wp-json\/wp\/v2\/product_tag?post=141269"}],"curies":[{"name":"wp","href":"https:\/\/api.w.org\/{rel}","templated":true}]}}