{"id":141270,"date":"2017-05-12T18:44:53","date_gmt":"2017-05-12T18:44:53","guid":{"rendered":"https:\/\/www.delideli.zoner.dev\/tuote\/ankankoivet-4-5kpl-koko-ltk-8kpl-toimitettu-kotiin\/"},"modified":"2026-05-04T16:06:41","modified_gmt":"2026-05-04T16:06:41","slug":"ankankoivet-4-5kpl-koko-ltk-8kpl-toimitettu-kotiin","status":"publish","type":"product","link":"https:\/\/www.delideli.zoner.dev\/fin\/tuote\/ankankoivet-4-5kpl-koko-ltk-8kpl-toimitettu-kotiin\/","title":{"rendered":"Ankankoivet 4\u20135 kpl, 9 prk, 20 kg"},"content":{"rendered":"<p>Confit de Canard 4-5 Ankankoivet<\/p>\n<p>DeliDelin ankankoivet ovat per\u00e4isin perinteisest\u00e4 ranskalaisesta maalaisankkarodusta, joka tunnetaan hitaasta kasvuvauhdistaan ja erottuvasta mustavalkoisesta v\u00e4rist\u00e4\u00e4n. T\u00e4m\u00e4 erityinen ankka on kasvatettu luonnonmukaisesti ja perinteit\u00e4 kunnioittaen, mik\u00e4 takaa laadukkaan ja herkullisen lopputuloksen.<\/p>\n<p>Ranskalainen confit-kypsennysmenetelm\u00e4 tekee ankankoivista suussasulavan mureita ja maukkaita. Liha kypsennet\u00e4\u00e4n omassa rasvassaan hitaasti matalassa l\u00e4mp\u00f6tilassa, mik\u00e4 s\u00e4ilytt\u00e4\u00e4 sen mehukkuuden ja antaa sille ainutlaatuisen rikkaan maun.<\/p>\n<p>Pakkaus sis\u00e4lt\u00e4\u00e4 4-5 ankankoipipalaa, jotka ovat valmiita nautittaviksi. Voit l\u00e4mmitt\u00e4\u00e4 ne nopeasti uunissa tai pannulla ja tarjoilla esimerkiksi perinteisten ranskalaisten lisukkeiden, kuten paistettujen perunoiden ja vihannesten kera.<\/p>\n<p>DeliDelin Confit de Canard on t\u00e4ydellinen valinta, kun haluat tuoda palan Ranskan maaseudun kulinaarista perinnett\u00e4 omalle ruokap\u00f6yd\u00e4llesi. Se sopii erinomaisesti juhla-aterioille, erityisiin hetkiin tai ihan vain hemmottelemaan itse\u00e4si ja l\u00e4heisi\u00e4si.<\/p>\n<p>Tilaa nyt ja nauti aidosta ranskalaisesta herkusta\u00a0kotonasi!<\/p>\n","protected":false},"excerpt":{"rendered":"<p>DeliDelin s\u00e4il\u00f6tyt ankankoivet ovat pala luksusta ruokap\u00f6yt\u00e4\u00e4n niin arkeen kuin juhlaan. T\u00e4st\u00e4 saat taatusti herkullisen ruokap\u00f6yd\u00e4n kruunun suuremmallekin seurueelle suoraan kotiin kuljetettuna. DeliDelin periranskalaiset s\u00e4il\u00f6tyt ankankoivet ovat pala luksusta ruokap\u00f6yt\u00e4\u00e4n, niin arkeen kuin juhlaan. Ankat saavat el\u00e4\u00e4 ulkona, ja niit\u00e4 ruokitaan vain GMO-vapailla maissinjyvill\u00e4 ilman antibiootteja. T\u00e4m\u00e4ntyyppinen kasvatus on k\u00e4yt\u00f6ss\u00e4 vain alle 5 %:ssa ranskalaisesta tuotannosta.<\/p>\n","protected":false},"featured_media":139549,"comment_status":"open","ping_status":"open","template":"","meta":{"_acf_changed":false},"product_brand":[626],"product_cat":[677,683,763,676],"product_tag":[169,170,183],"class_list":{"0":"post-141270","1":"product","2":"type-product","3":"status-publish","4":"has-post-thumbnail","6":"product_brand-delideli-herkkukauppa","7":"product_cat-ajankohtaisia","8":"product_cat-ankankoivet","9":"product_cat-delidelin-tuotemerkki","10":"product_cat-suolaiset","11":"product_tag-ankankoipi-confit","12":"product_tag-ankankoivet","13":"product_tag-koko-laatikko","14":"product_shipping_class-free-shipping-class","15":"pa_alkuperamaa-ranska","17":"first","18":"instock","19":"taxable","20":"shipping-taxable","21":"purchasable","22":"product-type-simple","swatches":"rey-swatches","show_selected":""},"acf":[],"_links":{"self":[{"href":"https:\/\/www.delideli.zoner.dev\/fin\/wp-json\/wp\/v2\/product\/141270","targetHints":{"allow":["GET"]}}],"collection":[{"href":"https:\/\/www.delideli.zoner.dev\/fin\/wp-json\/wp\/v2\/product"}],"about":[{"href":"https:\/\/www.delideli.zoner.dev\/fin\/wp-json\/wp\/v2\/types\/product"}],"replies":[{"embeddable":true,"href":"https:\/\/www.delideli.zoner.dev\/fin\/wp-json\/wp\/v2\/comments?post=141270"}],"version-history":[{"count":0,"href":"https:\/\/www.delideli.zoner.dev\/fin\/wp-json\/wp\/v2\/product\/141270\/revisions"}],"wp:featuredmedia":[{"embeddable":true,"href":"https:\/\/www.delideli.zoner.dev\/fin\/wp-json\/wp\/v2\/media\/139549"}],"wp:attachment":[{"href":"https:\/\/www.delideli.zoner.dev\/fin\/wp-json\/wp\/v2\/media?parent=141270"}],"wp:term":[{"taxonomy":"product_brand","embeddable":true,"href":"https:\/\/www.delideli.zoner.dev\/fin\/wp-json\/wp\/v2\/product_brand?post=141270"},{"taxonomy":"product_cat","embeddable":true,"href":"https:\/\/www.delideli.zoner.dev\/fin\/wp-json\/wp\/v2\/product_cat?post=141270"},{"taxonomy":"product_tag","embeddable":true,"href":"https:\/\/www.delideli.zoner.dev\/fin\/wp-json\/wp\/v2\/product_tag?post=141270"}],"curies":[{"name":"wp","href":"https:\/\/api.w.org\/{rel}","templated":true}]}}