{"id":141279,"date":"2017-05-12T18:44:56","date_gmt":"2017-05-12T18:44:56","guid":{"rendered":"https:\/\/www.delideli.zoner.dev\/tuote\/valkoinen-germon-tonnikala-tonnikalan-kuningas\/"},"modified":"2026-05-04T16:06:51","modified_gmt":"2026-05-04T16:06:51","slug":"valkoinen-germon-tonnikala-tonnikalan-kuningas","status":"publish","type":"product","link":"https:\/\/www.delideli.zoner.dev\/fin\/tuote\/valkoinen-germon-tonnikala-tonnikalan-kuningas\/","title":{"rendered":"Valkoinen Germon tonnikalafilee extra virgin oliivi\u00f6ljyss\u00e4 160g"},"content":{"rendered":"<p>La belle-iloisen valkotonnikala oliivi\u00f6ljyss\u00e4 kypsennet\u00e4\u00e4n ennen purkitustaan kokonaisena, mik\u00e4 tekee kalan lihasta erityisen pehme\u00e4\u00e4 ja maukasta. Kypsennyksen j\u00e4lkeen valkotonnikala perataan ja purkitetaan k\u00e4sin, jotta mukaan saadaan vain kalan parhaat osat. Lopuksi kala peitet\u00e4\u00e4n ekstra-neitsytoliivi\u00f6ljyll\u00e4, joka viimeistelee lihan pehmentymisen ja aromien kehittymisen. Valkotonnikalaa arvostetaan sen koostumuksen lis\u00e4ksi sen hyvien ravintoarvojen takia.<\/p>\n","protected":false},"excerpt":{"rendered":"<p>Valkotonnikala \u2013 tonnikalojen kuningas<\/p>\n<p>Kun haluat olla varma, ett\u00e4 sy\u00f6t varmasti laadukasta tonnikalaa ja ylip\u00e4\u00e4t\u00e4\u00e4n aitoa tonnikalaa, kannattaa valita la belle-iloisen valkotonnikala oliivi\u00f6ljyss\u00e4. Valkotonnikala on tonnikaloista arvostetuin sen hienostuneen maun sek\u00e4 kiinte\u00e4n ja hienojakoisen koostumuksensa ansiosta. Kokeile itse!<\/p>\n","protected":false},"featured_media":139555,"comment_status":"open","ping_status":"open","template":"","meta":{"_acf_changed":false},"product_brand":[632],"product_cat":[728,676],"product_tag":[],"class_list":{"0":"post-141279","1":"product","2":"type-product","3":"status-publish","4":"has-post-thumbnail","6":"product_brand-la-belle-iloise","7":"product_cat-kalatuotteet","8":"product_cat-suolaiset","9":"product_shipping_class-shipping-discount","10":"pa_alkuperamaa-ranska","12":"first","13":"instock","14":"taxable","15":"shipping-taxable","16":"purchasable","17":"product-type-simple","swatches":"rey-swatches","show_selected":""},"acf":[],"_links":{"self":[{"href":"https:\/\/www.delideli.zoner.dev\/fin\/wp-json\/wp\/v2\/product\/141279","targetHints":{"allow":["GET"]}}],"collection":[{"href":"https:\/\/www.delideli.zoner.dev\/fin\/wp-json\/wp\/v2\/product"}],"about":[{"href":"https:\/\/www.delideli.zoner.dev\/fin\/wp-json\/wp\/v2\/types\/product"}],"replies":[{"embeddable":true,"href":"https:\/\/www.delideli.zoner.dev\/fin\/wp-json\/wp\/v2\/comments?post=141279"}],"version-history":[{"count":0,"href":"https:\/\/www.delideli.zoner.dev\/fin\/wp-json\/wp\/v2\/product\/141279\/revisions"}],"wp:featuredmedia":[{"embeddable":true,"href":"https:\/\/www.delideli.zoner.dev\/fin\/wp-json\/wp\/v2\/media\/139555"}],"wp:attachment":[{"href":"https:\/\/www.delideli.zoner.dev\/fin\/wp-json\/wp\/v2\/media?parent=141279"}],"wp:term":[{"taxonomy":"product_brand","embeddable":true,"href":"https:\/\/www.delideli.zoner.dev\/fin\/wp-json\/wp\/v2\/product_brand?post=141279"},{"taxonomy":"product_cat","embeddable":true,"href":"https:\/\/www.delideli.zoner.dev\/fin\/wp-json\/wp\/v2\/product_cat?post=141279"},{"taxonomy":"product_tag","embeddable":true,"href":"https:\/\/www.delideli.zoner.dev\/fin\/wp-json\/wp\/v2\/product_tag?post=141279"}],"curies":[{"name":"wp","href":"https:\/\/api.w.org\/{rel}","templated":true}]}}