{"id":141285,"date":"2017-05-12T18:44:57","date_gmt":"2017-05-12T18:44:57","guid":{"rendered":"https:\/\/www.delideli.zoner.dev\/tuote\/kirsikkahilloke\/"},"modified":"2026-05-04T16:07:02","modified_gmt":"2026-05-04T16:07:02","slug":"kirsikkahilloke","status":"publish","type":"product","link":"https:\/\/www.delideli.zoner.dev\/fin\/tuote\/kirsikkahilloke\/","title":{"rendered":"Kirsikkahilloke 155g"},"content":{"rendered":"<p>Ihanan hedelm\u00e4iset ja herkulliset Lucien Georgelinin hillot ja hillokkeet valmistetaan edelleen pitk\u00e4\u00e4n keitt\u00e4en, kuten on tehty vuosikymmenien ajan valmistajan \u00e4idin reseptin mukaan. Valmistajan kirsikkahilloke on t\u00e4ydellinen valinta kirsikan yst\u00e4ville, sill\u00e4 se sis\u00e4lt\u00e4\u00e4 jopa 65 % aitoa kirsikkaa.<br \/>\nHerkullisen reseptin salaisuutena on aito perinteinen valmistustapa, puhtaat raaka-aineet sek\u00e4 luonnollinen pektiini. Mit\u00e4\u00e4n muuta, kuten lis\u00e4- tai s\u00e4il\u00f6nt\u00e4aineita, v\u00e4riaineita tai keinotekoisia aromeja ei tarvita.<\/p>\n","protected":false},"excerpt":{"rendered":"<p>Lucien Georgelinin kirsikkahilloke on t\u00e4ynn\u00e4 t\u00e4ytel\u00e4ist\u00e4 kirsikan makua ja sis\u00e4lt\u00e4\u00e4kin aitoa kirsikkaa jopa 65 %. Kokeile kirsikkahilloketta niin juustojen kanssa, leiv\u00e4ll\u00e4 kuin j\u00e4lkiruoissa. T\u00e4m\u00e4 kirsikkahilloke ei sis\u00e4ll\u00e4 lainkaan lis\u00e4- tai s\u00e4il\u00f6nt\u00e4aineita tai keinotekoisia aromeja, joten voit nautiskella sit\u00e4 hyv\u00e4ll\u00e4 omatunnolla!<\/p>\n","protected":false},"featured_media":139559,"comment_status":"open","ping_status":"open","template":"","meta":{"_acf_changed":false},"product_brand":[641],"product_cat":[710,681],"product_tag":[],"class_list":{"0":"post-141285","1":"product","2":"type-product","3":"status-publish","4":"has-post-thumbnail","6":"product_brand-lucien-georgelin","7":"product_cat-hillot","8":"product_cat-marjat-hedelmat","9":"product_shipping_class-shipping-discount","10":"pa_alkuperamaa-ranska","12":"first","13":"instock","14":"taxable","15":"shipping-taxable","16":"purchasable","17":"product-type-simple","swatches":"rey-swatches","show_selected":""},"acf":[],"_links":{"self":[{"href":"https:\/\/www.delideli.zoner.dev\/fin\/wp-json\/wp\/v2\/product\/141285","targetHints":{"allow":["GET"]}}],"collection":[{"href":"https:\/\/www.delideli.zoner.dev\/fin\/wp-json\/wp\/v2\/product"}],"about":[{"href":"https:\/\/www.delideli.zoner.dev\/fin\/wp-json\/wp\/v2\/types\/product"}],"replies":[{"embeddable":true,"href":"https:\/\/www.delideli.zoner.dev\/fin\/wp-json\/wp\/v2\/comments?post=141285"}],"version-history":[{"count":0,"href":"https:\/\/www.delideli.zoner.dev\/fin\/wp-json\/wp\/v2\/product\/141285\/revisions"}],"wp:featuredmedia":[{"embeddable":true,"href":"https:\/\/www.delideli.zoner.dev\/fin\/wp-json\/wp\/v2\/media\/139559"}],"wp:attachment":[{"href":"https:\/\/www.delideli.zoner.dev\/fin\/wp-json\/wp\/v2\/media?parent=141285"}],"wp:term":[{"taxonomy":"product_brand","embeddable":true,"href":"https:\/\/www.delideli.zoner.dev\/fin\/wp-json\/wp\/v2\/product_brand?post=141285"},{"taxonomy":"product_cat","embeddable":true,"href":"https:\/\/www.delideli.zoner.dev\/fin\/wp-json\/wp\/v2\/product_cat?post=141285"},{"taxonomy":"product_tag","embeddable":true,"href":"https:\/\/www.delideli.zoner.dev\/fin\/wp-json\/wp\/v2\/product_tag?post=141285"}],"curies":[{"name":"wp","href":"https:\/\/api.w.org\/{rel}","templated":true}]}}