{"id":141286,"date":"2017-05-12T18:44:59","date_gmt":"2017-05-12T18:44:59","guid":{"rendered":"https:\/\/www.delideli.zoner.dev\/tuote\/viikunahilloke\/"},"modified":"2026-05-04T16:07:02","modified_gmt":"2026-05-04T16:07:02","slug":"viikunahilloke","status":"publish","type":"product","link":"https:\/\/www.delideli.zoner.dev\/fin\/tuote\/viikunahilloke\/","title":{"rendered":"Viikunahilloke 150g"},"content":{"rendered":"<p>Ihanan hedelm\u00e4iset ja herkulliset Lucien Georgelinin hillot ja hillokkeet valmistetaan edelleen pitk\u00e4\u00e4n keitt\u00e4en suuressa keittopadassa, kuten on tehty vuosikymmenien ajan valmistajan \u00e4idin reseptien mukaan. Viikunahilloke on ihanan makea ja juhlava kumppani monelle suolaiselle ruoalle, kuten juustoille ja liharuoille.<br \/>\nHerkullisen reseptin salaisuutena on aito perinteinen valmistustapa, puhtaat raaka-aineet sek\u00e4 luonnollinen pektiini. Mit\u00e4\u00e4n muuta, kuten lis\u00e4- tai s\u00e4il\u00f6nt\u00e4aineita, v\u00e4riaineita tai keinotekoisia aromeja ei tarvita. Viikunahilloke sis\u00e4lt\u00e4\u00e4 aitoa viikunaa jopa 65 %!<\/p>\n","protected":false},"excerpt":{"rendered":"<p>Aito ranskalainen viikunahilloke on t\u00e4ydellinen kumppani juustolautaselle. Kokeile viikunahilloketta my\u00f6s erilaisten lihojen kanssa. Lucien Georgelinin viikunahilloke ei sis\u00e4ll\u00e4 lainkaan lis\u00e4- tai s\u00e4il\u00f6nt\u00e4aineita tai keinotekoisia aromeja. Nauti t\u00e4ytel\u00e4isest\u00e4 ja aidosta viikunan mausta!<\/p>\n","protected":false},"featured_media":139561,"comment_status":"open","ping_status":"open","template":"","meta":{"_acf_changed":false},"product_brand":[641],"product_cat":[710,681],"product_tag":[],"class_list":{"0":"post-141286","1":"product","2":"type-product","3":"status-publish","4":"has-post-thumbnail","6":"product_brand-lucien-georgelin","7":"product_cat-hillot","8":"product_cat-marjat-hedelmat","9":"product_shipping_class-shipping-discount","10":"pa_alkuperamaa-ranska","12":"first","13":"instock","14":"taxable","15":"shipping-taxable","16":"purchasable","17":"product-type-simple","swatches":"rey-swatches","show_selected":""},"acf":[],"_links":{"self":[{"href":"https:\/\/www.delideli.zoner.dev\/fin\/wp-json\/wp\/v2\/product\/141286","targetHints":{"allow":["GET"]}}],"collection":[{"href":"https:\/\/www.delideli.zoner.dev\/fin\/wp-json\/wp\/v2\/product"}],"about":[{"href":"https:\/\/www.delideli.zoner.dev\/fin\/wp-json\/wp\/v2\/types\/product"}],"replies":[{"embeddable":true,"href":"https:\/\/www.delideli.zoner.dev\/fin\/wp-json\/wp\/v2\/comments?post=141286"}],"version-history":[{"count":0,"href":"https:\/\/www.delideli.zoner.dev\/fin\/wp-json\/wp\/v2\/product\/141286\/revisions"}],"wp:featuredmedia":[{"embeddable":true,"href":"https:\/\/www.delideli.zoner.dev\/fin\/wp-json\/wp\/v2\/media\/139561"}],"wp:attachment":[{"href":"https:\/\/www.delideli.zoner.dev\/fin\/wp-json\/wp\/v2\/media?parent=141286"}],"wp:term":[{"taxonomy":"product_brand","embeddable":true,"href":"https:\/\/www.delideli.zoner.dev\/fin\/wp-json\/wp\/v2\/product_brand?post=141286"},{"taxonomy":"product_cat","embeddable":true,"href":"https:\/\/www.delideli.zoner.dev\/fin\/wp-json\/wp\/v2\/product_cat?post=141286"},{"taxonomy":"product_tag","embeddable":true,"href":"https:\/\/www.delideli.zoner.dev\/fin\/wp-json\/wp\/v2\/product_tag?post=141286"}],"curies":[{"name":"wp","href":"https:\/\/api.w.org\/{rel}","templated":true}]}}