{"id":141291,"date":"2017-05-12T18:45:00","date_gmt":"2017-05-12T18:45:00","guid":{"rendered":"https:\/\/www.delideli.zoner.dev\/tuote\/harmaa-merisuola-karkea\/"},"modified":"2026-05-04T16:07:07","modified_gmt":"2026-05-04T16:07:07","slug":"harmaa-merisuola-karkea","status":"publish","type":"product","link":"https:\/\/www.delideli.zoner.dev\/fin\/tuote\/harmaa-merisuola-karkea\/","title":{"rendered":"Harmaa merisuola -karkea 1kg"},"content":{"rendered":"<p>Pays de la Loiren alueella, Atlantin rannalla sijaitseva Gu\u00e9randen kunta on tunnettu ensiluokkaisesta suolastaan. Silt\u00e4 on my\u00f6s kotoisin Le Paludier de Gu\u00e9randen paikallinen \u201dGu\u00e9rande-suola\u201d eli ranskalaisittain \u201dsel de Gu\u00e9rande\u201d. K\u00e4sin keruun j\u00e4lkeen suola valutetaan ensin auringossa ja sen j\u00e4lkeen kuivataan ikivanhoissa merivesialtaissa. Luontaisesti harmaassa suolassa ei ole lainkaan lis\u00e4aineita. Se saa harmaan v\u00e4rins\u00e4 ja korkean mineraalipitoisuutensa suolamarskeilta, jotka lep\u00e4\u00e4v\u00e4t harmaiden savipatjojen p\u00e4\u00e4ll\u00e4.<\/p>\n","protected":false},"excerpt":{"rendered":"<p>Le Paludier de Gu\u00e9randen karkea, puhdistamaton harmaa merisuola, \u201dsel de Gu\u00e9rande\u201d on valmistettu Gu\u00e9randen kyl\u00e4st\u00e4 ker\u00e4tyst\u00e4 Atlantin merisuolasta. Luonnollisesti harmaa ja lis\u00e4aineeton merisuola t\u00e4ytt\u00e4\u00e4 paikallisille tuotteille my\u00f6nnett\u00e4v\u00e4n IGP-sertifioinnin vaatimukset. Kokeile sit\u00e4 esimerkiksi graavauksessa tai vihannesten keittovedess\u00e4!<\/p>\n","protected":false},"featured_media":139565,"comment_status":"open","ping_status":"open","template":"","meta":{"_acf_changed":false},"product_brand":[638],"product_cat":[682,717],"product_tag":[],"class_list":{"0":"post-141291","1":"product","2":"type-product","3":"status-publish","4":"has-post-thumbnail","6":"product_brand-le-paludier","7":"product_cat-kuivatuotteet","8":"product_cat-suolat","9":"product_shipping_class-shipping-discount","10":"pa_alkuperamaa-ranska","12":"first","13":"instock","14":"taxable","15":"shipping-taxable","16":"purchasable","17":"product-type-simple","swatches":"rey-swatches","show_selected":""},"acf":[],"_links":{"self":[{"href":"https:\/\/www.delideli.zoner.dev\/fin\/wp-json\/wp\/v2\/product\/141291","targetHints":{"allow":["GET"]}}],"collection":[{"href":"https:\/\/www.delideli.zoner.dev\/fin\/wp-json\/wp\/v2\/product"}],"about":[{"href":"https:\/\/www.delideli.zoner.dev\/fin\/wp-json\/wp\/v2\/types\/product"}],"replies":[{"embeddable":true,"href":"https:\/\/www.delideli.zoner.dev\/fin\/wp-json\/wp\/v2\/comments?post=141291"}],"version-history":[{"count":0,"href":"https:\/\/www.delideli.zoner.dev\/fin\/wp-json\/wp\/v2\/product\/141291\/revisions"}],"wp:featuredmedia":[{"embeddable":true,"href":"https:\/\/www.delideli.zoner.dev\/fin\/wp-json\/wp\/v2\/media\/139565"}],"wp:attachment":[{"href":"https:\/\/www.delideli.zoner.dev\/fin\/wp-json\/wp\/v2\/media?parent=141291"}],"wp:term":[{"taxonomy":"product_brand","embeddable":true,"href":"https:\/\/www.delideli.zoner.dev\/fin\/wp-json\/wp\/v2\/product_brand?post=141291"},{"taxonomy":"product_cat","embeddable":true,"href":"https:\/\/www.delideli.zoner.dev\/fin\/wp-json\/wp\/v2\/product_cat?post=141291"},{"taxonomy":"product_tag","embeddable":true,"href":"https:\/\/www.delideli.zoner.dev\/fin\/wp-json\/wp\/v2\/product_tag?post=141291"}],"curies":[{"name":"wp","href":"https:\/\/api.w.org\/{rel}","templated":true}]}}