{"id":141293,"date":"2017-05-12T18:45:03","date_gmt":"2017-05-12T18:45:03","guid":{"rendered":"https:\/\/www.delideli.zoner.dev\/tuote\/oliivit-tumma-maustettu-timjamilla-kiveton-ravintola-koko\/"},"modified":"2026-05-04T16:07:08","modified_gmt":"2026-05-04T16:07:08","slug":"oliivit-tumma-maustettu-timjamilla-kiveton-ravintola-koko","status":"publish","type":"product","link":"https:\/\/www.delideli.zoner.dev\/fin\/tuote\/oliivit-tumma-maustettu-timjamilla-kiveton-ravintola-koko\/","title":{"rendered":"Oliivit \u2013 tumma maust timjamilla -kivet\u00f6n 2,7kg"},"content":{"rendered":"<p>Jo kolmannessa polvessa toimivan oliivivalmistajan Olives Arnaud\u2019n timjamilla maustetut kivett\u00f6m\u00e4t oliivit ovat t\u00e4ynn\u00e4 Provencen maaseudun makuja. Oliivit ovat saaneet kypsy\u00e4 tynnyriss\u00e4 useamman kuukauden, mink\u00e4 j\u00e4lkeen ne on marinoitu timjamilla ja suolaripauksella maustetussa auringonkukka\u00f6ljyss\u00e4. Etel\u00e4-Ranskan kukkuloilla kypsynyt timjami pehment\u00e4\u00e4 sopivasti kypsien oliivien voimakasta makua.<\/p>\n","protected":false},"excerpt":{"rendered":"<p>Olives Arnaud\u2019n timjamilla maustetut kivett\u00f6m\u00e4t tummat oliivit on s\u00e4il\u00f6tty auringonkukka\u00f6ljyyn ja maustettu timjamilla. Ne ovat v\u00e4h\u00e4suolaisia ja sopivat moneen aina ruoanlaistosta sellaisenaan naposteltaviksi.<\/p>\n","protected":false},"featured_media":139569,"comment_status":"open","ping_status":"open","template":"","meta":{"_acf_changed":false},"product_brand":[648],"product_cat":[719,676],"product_tag":[],"class_list":{"0":"post-141293","1":"product","2":"type-product","3":"status-publish","4":"has-post-thumbnail","6":"product_brand-olives-arnaud","7":"product_cat-oliivit","8":"product_cat-suolaiset","9":"product_shipping_class-shipping-discount","10":"pa_alkuperamaa-ranska","12":"first","13":"instock","14":"taxable","15":"shipping-taxable","16":"purchasable","17":"product-type-simple","swatches":"rey-swatches","show_selected":""},"acf":[],"_links":{"self":[{"href":"https:\/\/www.delideli.zoner.dev\/fin\/wp-json\/wp\/v2\/product\/141293","targetHints":{"allow":["GET"]}}],"collection":[{"href":"https:\/\/www.delideli.zoner.dev\/fin\/wp-json\/wp\/v2\/product"}],"about":[{"href":"https:\/\/www.delideli.zoner.dev\/fin\/wp-json\/wp\/v2\/types\/product"}],"replies":[{"embeddable":true,"href":"https:\/\/www.delideli.zoner.dev\/fin\/wp-json\/wp\/v2\/comments?post=141293"}],"version-history":[{"count":0,"href":"https:\/\/www.delideli.zoner.dev\/fin\/wp-json\/wp\/v2\/product\/141293\/revisions"}],"wp:featuredmedia":[{"embeddable":true,"href":"https:\/\/www.delideli.zoner.dev\/fin\/wp-json\/wp\/v2\/media\/139569"}],"wp:attachment":[{"href":"https:\/\/www.delideli.zoner.dev\/fin\/wp-json\/wp\/v2\/media?parent=141293"}],"wp:term":[{"taxonomy":"product_brand","embeddable":true,"href":"https:\/\/www.delideli.zoner.dev\/fin\/wp-json\/wp\/v2\/product_brand?post=141293"},{"taxonomy":"product_cat","embeddable":true,"href":"https:\/\/www.delideli.zoner.dev\/fin\/wp-json\/wp\/v2\/product_cat?post=141293"},{"taxonomy":"product_tag","embeddable":true,"href":"https:\/\/www.delideli.zoner.dev\/fin\/wp-json\/wp\/v2\/product_tag?post=141293"}],"curies":[{"name":"wp","href":"https:\/\/api.w.org\/{rel}","templated":true}]}}