{"id":141294,"date":"2017-05-12T18:45:04","date_gmt":"2017-05-12T18:45:04","guid":{"rendered":"https:\/\/www.delideli.zoner.dev\/tuote\/alziari-ekstra-neitsytoliivioljy-kannu\/"},"modified":"2026-05-04T16:07:08","modified_gmt":"2026-05-04T16:07:08","slug":"alziari-ekstra-neitsytoliivioljy-kannu","status":"publish","type":"product","link":"https:\/\/www.delideli.zoner.dev\/fin\/tuote\/alziari-ekstra-neitsytoliivioljy-kannu\/","title":{"rendered":"Ekstraneitsytoliivi\u00f6ljy, Cuv\u00e9e Prestige 500 ml &#038; oliivi\u00f6ljykannu, La Maison Alziari"},"content":{"rendered":"<p>Pakkaus sis\u00e4lt\u00e4\u00e4 \u201dgrand cru\u201d -oliivi\u00f6ljyn, La Maison Alziarin yli 100 vuotta valmistetun Cuv\u00e9e Prestige -ekstraneitsytoliivi\u00f6ljyn. \u00d6ljy valmistetaan kylm\u00e4puristamalla Euroopan parhaimmilta alueilta ker\u00e4tyist\u00e4 kypsist\u00e4 oliiveista. \u00d6ljyn maku on ainutlaatuisen hedelm\u00e4inen ja pehme\u00e4, mik\u00e4 on tehnyt siit\u00e4 useiden huippukokkien suosikki\u00f6ljyn.<br \/>\nPakkauksessa tuleva kannu on La Maison Alziarin v\u00e4reihin ja tyyliin suunniteltu t\u00e4ysin metallinen kaatokannu, jolla \u00f6ljyn tarjoilu hoituu elegantisti ja helposti.<\/p>\n","protected":false},"excerpt":{"rendered":"<p>Hanki nyt yhteispakkauksessa La Maison Alziarin huippulaatuinen Cuv\u00e9e Prestige -ekstraneitsytoliivi\u00f6ljy sek\u00e4 sen tarjoiluun t\u00e4ydellisesti sopiva metallinen kaatokannu.<\/p>\n","protected":false},"featured_media":139571,"comment_status":"open","ping_status":"open","template":"","meta":{"_acf_changed":false},"product_brand":[634],"product_cat":[677,753,691,678],"product_tag":[185,186,177],"class_list":{"0":"post-141294","1":"product","2":"type-product","3":"status-publish","4":"has-post-thumbnail","6":"product_brand-alziari","7":"product_cat-ajankohtaisia","8":"product_cat-my-healthy-oils","9":"product_cat-oliivioljyt","10":"product_cat-oljyt-etikat","11":"product_tag-alziari","12":"product_tag-kannu","13":"product_tag-oliivioljy","14":"product_shipping_class-shipping-discount","15":"pa_alkuperamaa-ranska","16":"pa_oliivioljy-mieto","18":"first","19":"instock","20":"taxable","21":"shipping-taxable","22":"purchasable","23":"product-type-simple","swatches":"rey-swatches","show_selected":""},"acf":[],"_links":{"self":[{"href":"https:\/\/www.delideli.zoner.dev\/fin\/wp-json\/wp\/v2\/product\/141294","targetHints":{"allow":["GET"]}}],"collection":[{"href":"https:\/\/www.delideli.zoner.dev\/fin\/wp-json\/wp\/v2\/product"}],"about":[{"href":"https:\/\/www.delideli.zoner.dev\/fin\/wp-json\/wp\/v2\/types\/product"}],"replies":[{"embeddable":true,"href":"https:\/\/www.delideli.zoner.dev\/fin\/wp-json\/wp\/v2\/comments?post=141294"}],"version-history":[{"count":0,"href":"https:\/\/www.delideli.zoner.dev\/fin\/wp-json\/wp\/v2\/product\/141294\/revisions"}],"wp:featuredmedia":[{"embeddable":true,"href":"https:\/\/www.delideli.zoner.dev\/fin\/wp-json\/wp\/v2\/media\/139571"}],"wp:attachment":[{"href":"https:\/\/www.delideli.zoner.dev\/fin\/wp-json\/wp\/v2\/media?parent=141294"}],"wp:term":[{"taxonomy":"product_brand","embeddable":true,"href":"https:\/\/www.delideli.zoner.dev\/fin\/wp-json\/wp\/v2\/product_brand?post=141294"},{"taxonomy":"product_cat","embeddable":true,"href":"https:\/\/www.delideli.zoner.dev\/fin\/wp-json\/wp\/v2\/product_cat?post=141294"},{"taxonomy":"product_tag","embeddable":true,"href":"https:\/\/www.delideli.zoner.dev\/fin\/wp-json\/wp\/v2\/product_tag?post=141294"}],"curies":[{"name":"wp","href":"https:\/\/api.w.org\/{rel}","templated":true}]}}