{"id":141296,"date":"2017-05-12T18:45:07","date_gmt":"2017-05-12T18:45:07","guid":{"rendered":"https:\/\/www.delideli.zoner.dev\/tuote\/siideri-omena-calvadoshyytelo-camambert-pont-leveque-juustolle\/"},"modified":"2026-05-04T16:07:10","modified_gmt":"2026-05-04T16:07:10","slug":"siideri-omena-calvadoshyytelo-camambert-pont-leveque-juustolle","status":"publish","type":"product","link":"https:\/\/www.delideli.zoner.dev\/fin\/tuote\/siideri-omena-calvadoshyytelo-camambert-pont-leveque-juustolle\/","title":{"rendered":"Siideri, omena &#038; calvadoshyytel\u00f6 Camambert\/valkohomejuustolle 125g"},"content":{"rendered":"<p>Siideri-, omena- &#038; calvadoshyytel\u00f6 on k\u00e4sity\u00f6n\u00e4 tehty herkullinen kumppani erityisesti camembert-, pont l\u2019Ev\u00eaque- ja livarot-juustoille. Hyytel\u00f6n omenaiset komponentit tulevat Normandiasta, joka on kuulu omenoistaan sek\u00e4 tietenkin Calvadoksen alueestaan. Kokeile sellaisenaan juustoille tai erityisherkkuna paahdetun camembertpalan kanssa, joka on kruunattu hasselp\u00e4hkin\u00e4rouheella!<\/p>\n","protected":false},"excerpt":{"rendered":"<p>DeliDelin siideri-, omena- &#038; calvadoshyytel\u00f6 tuo juustolautasellesi aromikkaan tuulahduksen Normandian omenatarhoilta. Hyytel\u00f6 valmistetaan puhtaista raaka-aineista ilman turhia lis\u00e4- ja s\u00e4il\u00f6nt\u00e4aineita. Se on erityisen t\u00e4ydellinen kumppani camembert-, pont l\u2019Ev\u00eaque- ja livarot-juustoille. Kokeile ja ihastu!<\/p>\n","protected":false},"featured_media":139573,"comment_status":"open","ping_status":"open","template":"","meta":{"_acf_changed":false},"product_brand":[626],"product_cat":[677,763,732,681],"product_tag":[],"class_list":{"0":"post-141296","1":"product","2":"type-product","3":"status-publish","4":"has-post-thumbnail","6":"product_brand-delideli-herkkukauppa","7":"product_cat-ajankohtaisia","8":"product_cat-delidelin-tuotemerkki","9":"product_cat-hyytelot","10":"product_cat-marjat-hedelmat","11":"product_shipping_class-shipping-discount","12":"pa_alkuperamaa-ranska","14":"first","15":"outofstock","16":"taxable","17":"shipping-taxable","18":"purchasable","19":"product-type-simple","swatches":"rey-swatches","show_selected":""},"acf":[],"_links":{"self":[{"href":"https:\/\/www.delideli.zoner.dev\/fin\/wp-json\/wp\/v2\/product\/141296","targetHints":{"allow":["GET"]}}],"collection":[{"href":"https:\/\/www.delideli.zoner.dev\/fin\/wp-json\/wp\/v2\/product"}],"about":[{"href":"https:\/\/www.delideli.zoner.dev\/fin\/wp-json\/wp\/v2\/types\/product"}],"replies":[{"embeddable":true,"href":"https:\/\/www.delideli.zoner.dev\/fin\/wp-json\/wp\/v2\/comments?post=141296"}],"version-history":[{"count":0,"href":"https:\/\/www.delideli.zoner.dev\/fin\/wp-json\/wp\/v2\/product\/141296\/revisions"}],"wp:featuredmedia":[{"embeddable":true,"href":"https:\/\/www.delideli.zoner.dev\/fin\/wp-json\/wp\/v2\/media\/139573"}],"wp:attachment":[{"href":"https:\/\/www.delideli.zoner.dev\/fin\/wp-json\/wp\/v2\/media?parent=141296"}],"wp:term":[{"taxonomy":"product_brand","embeddable":true,"href":"https:\/\/www.delideli.zoner.dev\/fin\/wp-json\/wp\/v2\/product_brand?post=141296"},{"taxonomy":"product_cat","embeddable":true,"href":"https:\/\/www.delideli.zoner.dev\/fin\/wp-json\/wp\/v2\/product_cat?post=141296"},{"taxonomy":"product_tag","embeddable":true,"href":"https:\/\/www.delideli.zoner.dev\/fin\/wp-json\/wp\/v2\/product_tag?post=141296"}],"curies":[{"name":"wp","href":"https:\/\/api.w.org\/{rel}","templated":true}]}}