{"id":141297,"date":"2017-05-12T18:45:08","date_gmt":"2017-05-12T18:45:08","guid":{"rendered":"https:\/\/www.delideli.zoner.dev\/tuote\/valkoviini-paarynahyytelo-roquefortsinihomejuustolle\/"},"modified":"2026-05-04T16:07:10","modified_gmt":"2026-05-04T16:07:10","slug":"valkoviini-paarynahyytelo-roquefortsinihomejuustolle","status":"publish","type":"product","link":"https:\/\/www.delideli.zoner.dev\/fin\/tuote\/valkoviini-paarynahyytelo-roquefortsinihomejuustolle\/","title":{"rendered":"Valkoviini &#038; p\u00e4\u00e4ryn\u00e4hyytel\u00f6 Roquefort\/sinihomejuustolle 125g"},"content":{"rendered":"<p>DeliDelin valkoviini- &#038; p\u00e4\u00e4ryn\u00e4hyytel\u00f6 valmistetaan perinteisist\u00e4 ranskalaisista raaka-aineista k\u00e4sity\u00f6n\u00e4 ilman turhia lis\u00e4- tai s\u00e4il\u00f6nt\u00e4aineita. P\u00e4\u00e4ryn\u00e4n ja sinihomejuuston yhdistelm\u00e4 on t\u00e4ydellinen niin piiraissa kuin salaateissa, ja nyt makuyhdistelm\u00e4 on helppo toteuttaa sellaisenaan nautittavan roquefort- tai muiden sinihomejuustojen ja valkoviini- &#038; p\u00e4\u00e4ryn\u00e4hyytel\u00f6n kanssa. Hyytel\u00f6n valkoviinipohja t\u00e4ydent\u00e4\u00e4 makuel\u00e4myksen. Kokeile hyytel\u00f6\u00e4 my\u00f6s erilaisten valkoisten kalojen kanssa!<\/p>\n","protected":false},"excerpt":{"rendered":"<p>T\u00e4ydelliseen suolaisen ja makean yhdistelm\u00e4\u00e4n tarvitset DeliDelin valkoviini- &#038; p\u00e4\u00e4ryn\u00e4hyytel\u00f6n sek\u00e4 sinihomejuustoa. Valkoviinipohjaiset hyytel\u00f6t sopivat erityisen hyvin sinihomejuuston kanssa, kuten my\u00f6s p\u00e4\u00e4ryn\u00e4. Hyytel\u00f6ss\u00e4 on siis kaikki t\u00e4ydellisyyden ainekset! Kokeile roquefort- tai muiden sinihomejuustojen kanssa.<\/p>\n","protected":false},"featured_media":139575,"comment_status":"open","ping_status":"open","template":"","meta":{"_acf_changed":false},"product_brand":[626],"product_cat":[677,763,732,681],"product_tag":[],"class_list":{"0":"post-141297","1":"product","2":"type-product","3":"status-publish","4":"has-post-thumbnail","6":"product_brand-delideli-herkkukauppa","7":"product_cat-ajankohtaisia","8":"product_cat-delidelin-tuotemerkki","9":"product_cat-hyytelot","10":"product_cat-marjat-hedelmat","11":"product_shipping_class-shipping-discount","12":"pa_alkuperamaa-ranska","14":"first","15":"instock","16":"taxable","17":"shipping-taxable","18":"purchasable","19":"product-type-simple","swatches":"rey-swatches","show_selected":""},"acf":[],"_links":{"self":[{"href":"https:\/\/www.delideli.zoner.dev\/fin\/wp-json\/wp\/v2\/product\/141297","targetHints":{"allow":["GET"]}}],"collection":[{"href":"https:\/\/www.delideli.zoner.dev\/fin\/wp-json\/wp\/v2\/product"}],"about":[{"href":"https:\/\/www.delideli.zoner.dev\/fin\/wp-json\/wp\/v2\/types\/product"}],"replies":[{"embeddable":true,"href":"https:\/\/www.delideli.zoner.dev\/fin\/wp-json\/wp\/v2\/comments?post=141297"}],"version-history":[{"count":0,"href":"https:\/\/www.delideli.zoner.dev\/fin\/wp-json\/wp\/v2\/product\/141297\/revisions"}],"wp:featuredmedia":[{"embeddable":true,"href":"https:\/\/www.delideli.zoner.dev\/fin\/wp-json\/wp\/v2\/media\/139575"}],"wp:attachment":[{"href":"https:\/\/www.delideli.zoner.dev\/fin\/wp-json\/wp\/v2\/media?parent=141297"}],"wp:term":[{"taxonomy":"product_brand","embeddable":true,"href":"https:\/\/www.delideli.zoner.dev\/fin\/wp-json\/wp\/v2\/product_brand?post=141297"},{"taxonomy":"product_cat","embeddable":true,"href":"https:\/\/www.delideli.zoner.dev\/fin\/wp-json\/wp\/v2\/product_cat?post=141297"},{"taxonomy":"product_tag","embeddable":true,"href":"https:\/\/www.delideli.zoner.dev\/fin\/wp-json\/wp\/v2\/product_tag?post=141297"}],"curies":[{"name":"wp","href":"https:\/\/api.w.org\/{rel}","templated":true}]}}