{"id":141298,"date":"2017-05-12T18:45:09","date_gmt":"2017-05-12T18:45:09","guid":{"rendered":"https:\/\/www.delideli.zoner.dev\/tuote\/oliivit-tumma-maustettu-timjamilla-kiveton\/"},"modified":"2026-05-04T16:07:11","modified_gmt":"2026-05-04T16:07:11","slug":"oliivit-tumma-maustettu-timjamilla-kiveton","status":"publish","type":"product","link":"https:\/\/www.delideli.zoner.dev\/fin\/tuote\/oliivit-tumma-maustettu-timjamilla-kiveton\/","title":{"rendered":"Oliivit &#8211; Timjamilla maustettu kivet\u00f6n musta 130g"},"content":{"rendered":"<p>Olives Arnaud\u2019n tummat kivett\u00f6m\u00e4t oliivi on valmistettu kreikkalaiseen tapaan, jossa oliivien annetaan ensin lev\u00e4t\u00e4 suolaliemess\u00e4 hyv\u00e4 tovi. T\u00e4m\u00e4 saa aikaan niiden ryppyisyyden. Sen j\u00e4lkeen oliivit huuhdellaan liian suolan poistamiseksi ennen s\u00e4il\u00f6mist\u00e4 auringonkukka\u00f6ljyyn. Oliivien maun viimeistelee Provencen timjami. Herkuttele sellaisenaan, tarjoa juomien seurana tai k\u00e4yt\u00e4 ruoanlaitossa.<\/p>\n","protected":false},"excerpt":{"rendered":"<p>Provencelaisen Olives Arnaud\u2019n timjamilla maustetut kivett\u00f6m\u00e4t tummat oliivit on valmistettu kreikkalaiseen tapaan. Auringonkukka\u00f6ljyyn s\u00e4il\u00f6tyt ja timjamilla maustetut tummat oliivit on valmistettu vain parhaimmista oliiveista ja luonnollisista raaka-aineista, mink\u00e4 kyll\u00e4 huomaa maussa!<\/p>\n","protected":false},"featured_media":139577,"comment_status":"open","ping_status":"open","template":"","meta":{"_acf_changed":false},"product_brand":[648],"product_cat":[719,755,676,734],"product_tag":[],"class_list":{"0":"post-141298","1":"product","2":"type-product","3":"status-publish","4":"has-post-thumbnail","6":"product_brand-olives-arnaud","7":"product_cat-oliivit","8":"product_cat-pizza-ainekset","9":"product_cat-suolaiset","10":"product_cat-teemat","11":"product_shipping_class-shipping-discount","12":"pa_alkuperamaa-ranska","14":"first","15":"instock","16":"taxable","17":"shipping-taxable","18":"purchasable","19":"product-type-simple","swatches":"rey-swatches","show_selected":""},"acf":[],"_links":{"self":[{"href":"https:\/\/www.delideli.zoner.dev\/fin\/wp-json\/wp\/v2\/product\/141298","targetHints":{"allow":["GET"]}}],"collection":[{"href":"https:\/\/www.delideli.zoner.dev\/fin\/wp-json\/wp\/v2\/product"}],"about":[{"href":"https:\/\/www.delideli.zoner.dev\/fin\/wp-json\/wp\/v2\/types\/product"}],"replies":[{"embeddable":true,"href":"https:\/\/www.delideli.zoner.dev\/fin\/wp-json\/wp\/v2\/comments?post=141298"}],"version-history":[{"count":0,"href":"https:\/\/www.delideli.zoner.dev\/fin\/wp-json\/wp\/v2\/product\/141298\/revisions"}],"wp:featuredmedia":[{"embeddable":true,"href":"https:\/\/www.delideli.zoner.dev\/fin\/wp-json\/wp\/v2\/media\/139577"}],"wp:attachment":[{"href":"https:\/\/www.delideli.zoner.dev\/fin\/wp-json\/wp\/v2\/media?parent=141298"}],"wp:term":[{"taxonomy":"product_brand","embeddable":true,"href":"https:\/\/www.delideli.zoner.dev\/fin\/wp-json\/wp\/v2\/product_brand?post=141298"},{"taxonomy":"product_cat","embeddable":true,"href":"https:\/\/www.delideli.zoner.dev\/fin\/wp-json\/wp\/v2\/product_cat?post=141298"},{"taxonomy":"product_tag","embeddable":true,"href":"https:\/\/www.delideli.zoner.dev\/fin\/wp-json\/wp\/v2\/product_tag?post=141298"}],"curies":[{"name":"wp","href":"https:\/\/api.w.org\/{rel}","templated":true}]}}