{"id":141299,"date":"2017-05-12T18:45:10","date_gmt":"2017-05-12T18:45:10","guid":{"rendered":"https:\/\/www.delideli.zoner.dev\/tuote\/oliivit-vihrea-maustettu-provencen-yrteilla-kiveton\/"},"modified":"2026-05-04T16:07:11","modified_gmt":"2026-05-04T16:07:11","slug":"oliivit-vihrea-maustettu-provencen-yrteilla-kiveton","status":"publish","type":"product","link":"https:\/\/www.delideli.zoner.dev\/fin\/tuote\/oliivit-vihrea-maustettu-provencen-yrteilla-kiveton\/","title":{"rendered":"Oliivit &#8211; Provencen yrteill\u00e4 maustettu kivet\u00f6n vihre\u00e4 130g"},"content":{"rendered":"<p>Olives Arnaud\u2019n vihre\u00e4t kivett\u00f6m\u00e4t oliivit on s\u00e4il\u00f6tty auringonkukka\u00f6ljypohjaiseen liemeen, joka tekee oliiveista pehmeit\u00e4 ja aromikkaita. Tuotteessa on k\u00e4ytetty vain laadultaan parhaimpia oliiveja, ja ne on valmistettu ilman s\u00e4il\u00f6nt\u00e4aineita tai muita keinotekoisia aineita. Oliivit ovat t\u00e4ydellisi\u00e4 ruoanlaittoon, leivontaan sek\u00e4 aperitiivin seuraksi.<\/p>\n","protected":false},"excerpt":{"rendered":"<p>Provencelaisen Olives Arnaud\u2019n vihre\u00e4t kivett\u00f6m\u00e4t oliivit ovat v\u00e4h\u00e4suolaisia ja maustettu Provencen yrteill\u00e4. Oliivit on s\u00e4il\u00f6tty auringonkukka\u00f6ljyyn. T\u00e4ss\u00e4 on todellinen herkkutuote oliivien yst\u00e4ville!<\/p>\n","protected":false},"featured_media":139579,"comment_status":"open","ping_status":"open","template":"","meta":{"_acf_changed":false},"product_brand":[648],"product_cat":[719,755,676,734],"product_tag":[],"class_list":{"0":"post-141299","1":"product","2":"type-product","3":"status-publish","4":"has-post-thumbnail","6":"product_brand-olives-arnaud","7":"product_cat-oliivit","8":"product_cat-pizza-ainekset","9":"product_cat-suolaiset","10":"product_cat-teemat","11":"product_shipping_class-shipping-discount","12":"pa_alkuperamaa-ranska","14":"first","15":"instock","16":"taxable","17":"shipping-taxable","18":"purchasable","19":"product-type-simple","swatches":"rey-swatches","show_selected":""},"acf":[],"_links":{"self":[{"href":"https:\/\/www.delideli.zoner.dev\/fin\/wp-json\/wp\/v2\/product\/141299","targetHints":{"allow":["GET"]}}],"collection":[{"href":"https:\/\/www.delideli.zoner.dev\/fin\/wp-json\/wp\/v2\/product"}],"about":[{"href":"https:\/\/www.delideli.zoner.dev\/fin\/wp-json\/wp\/v2\/types\/product"}],"replies":[{"embeddable":true,"href":"https:\/\/www.delideli.zoner.dev\/fin\/wp-json\/wp\/v2\/comments?post=141299"}],"version-history":[{"count":0,"href":"https:\/\/www.delideli.zoner.dev\/fin\/wp-json\/wp\/v2\/product\/141299\/revisions"}],"wp:featuredmedia":[{"embeddable":true,"href":"https:\/\/www.delideli.zoner.dev\/fin\/wp-json\/wp\/v2\/media\/139579"}],"wp:attachment":[{"href":"https:\/\/www.delideli.zoner.dev\/fin\/wp-json\/wp\/v2\/media?parent=141299"}],"wp:term":[{"taxonomy":"product_brand","embeddable":true,"href":"https:\/\/www.delideli.zoner.dev\/fin\/wp-json\/wp\/v2\/product_brand?post=141299"},{"taxonomy":"product_cat","embeddable":true,"href":"https:\/\/www.delideli.zoner.dev\/fin\/wp-json\/wp\/v2\/product_cat?post=141299"},{"taxonomy":"product_tag","embeddable":true,"href":"https:\/\/www.delideli.zoner.dev\/fin\/wp-json\/wp\/v2\/product_tag?post=141299"}],"curies":[{"name":"wp","href":"https:\/\/api.w.org\/{rel}","templated":true}]}}