{"id":141301,"date":"2017-05-12T18:45:13","date_gmt":"2017-05-12T18:45:13","guid":{"rendered":"https:\/\/www.delideli.zoner.dev\/tuote\/musta-tapenadi\/"},"modified":"2026-05-04T16:07:11","modified_gmt":"2026-05-04T16:07:11","slug":"musta-tapenadi","status":"publish","type":"product","link":"https:\/\/www.delideli.zoner.dev\/fin\/tuote\/musta-tapenadi\/","title":{"rendered":"Musta tapenade 120 g"},"content":{"rendered":"<p>Oliiveista valmistetulla tapenadella on vahvat perinteet provencelaisessa keitti\u00f6ss\u00e4. Sana \u201dtapeno\u201d viittaa itse asiassa kaprikseen vanhassa provensaalin murteessa. Tapenadessa yhdistyv\u00e4t jauhetut oliivit, kaprikset ja anjovis.<br \/>\nOlives Arnaud\u2019n musta tapenade valmistetaan vain hienoimmasta ekstraneitsytoliivi\u00f6ljyst\u00e4, pienist\u00e4 \u201dnon-pareilles\u201d-kapriksista sek\u00e4 t\u00e4ysin ruodottomista anjoviksista. Mustassa tapenadessa ei ole k\u00e4ytetty mit\u00e4\u00e4n keinotekoisia aromeja, lis\u00e4- tai s\u00e4il\u00f6nt\u00e4aineita. Nauti tapenadea voileip\u00e4keksill\u00e4 tai paahtoleiv\u00e4ll\u00e4, grillatun lihan tai kalan kanssa. Kokeile sit\u00e4 my\u00f6s erilaisissa kastikkeissa, keitetyn pastan kanssa tai omeletin p\u00e4\u00e4ll\u00e4!<\/p>\n","protected":false},"excerpt":{"rendered":"<p>Olives Arnaud\u2019n musta tapenade on perinteiseen provencelaiseen tapaan valmistettu korkealaatuinen tapenade mustista oliiveista. Tuotteessa on k\u00e4ytetty vain parhaita ja puhtaita raaka-aineita. Tilaa t\u00e4st\u00e4 herkullinen lisuke erilaisille ruoille tai maukas t\u00e4yte erilaisille suolaisille suupaloille!<\/p>\n","protected":false},"featured_media":139583,"comment_status":"open","ping_status":"open","template":"","meta":{"_acf_changed":false},"product_brand":[648],"product_cat":[718,676],"product_tag":[],"class_list":{"0":"post-141301","1":"product","2":"type-product","3":"status-publish","4":"has-post-thumbnail","6":"product_brand-olives-arnaud","7":"product_cat-levitteet","8":"product_cat-suolaiset","9":"product_shipping_class-shipping-discount","10":"pa_alkuperamaa-ranska","12":"first","13":"instock","14":"taxable","15":"shipping-taxable","16":"purchasable","17":"product-type-simple","swatches":"rey-swatches","show_selected":""},"acf":[],"_links":{"self":[{"href":"https:\/\/www.delideli.zoner.dev\/fin\/wp-json\/wp\/v2\/product\/141301","targetHints":{"allow":["GET"]}}],"collection":[{"href":"https:\/\/www.delideli.zoner.dev\/fin\/wp-json\/wp\/v2\/product"}],"about":[{"href":"https:\/\/www.delideli.zoner.dev\/fin\/wp-json\/wp\/v2\/types\/product"}],"replies":[{"embeddable":true,"href":"https:\/\/www.delideli.zoner.dev\/fin\/wp-json\/wp\/v2\/comments?post=141301"}],"version-history":[{"count":0,"href":"https:\/\/www.delideli.zoner.dev\/fin\/wp-json\/wp\/v2\/product\/141301\/revisions"}],"wp:featuredmedia":[{"embeddable":true,"href":"https:\/\/www.delideli.zoner.dev\/fin\/wp-json\/wp\/v2\/media\/139583"}],"wp:attachment":[{"href":"https:\/\/www.delideli.zoner.dev\/fin\/wp-json\/wp\/v2\/media?parent=141301"}],"wp:term":[{"taxonomy":"product_brand","embeddable":true,"href":"https:\/\/www.delideli.zoner.dev\/fin\/wp-json\/wp\/v2\/product_brand?post=141301"},{"taxonomy":"product_cat","embeddable":true,"href":"https:\/\/www.delideli.zoner.dev\/fin\/wp-json\/wp\/v2\/product_cat?post=141301"},{"taxonomy":"product_tag","embeddable":true,"href":"https:\/\/www.delideli.zoner.dev\/fin\/wp-json\/wp\/v2\/product_tag?post=141301"}],"curies":[{"name":"wp","href":"https:\/\/api.w.org\/{rel}","templated":true}]}}