{"id":141302,"date":"2017-05-12T18:45:15","date_gmt":"2017-05-12T18:45:15","guid":{"rendered":"https:\/\/www.delideli.zoner.dev\/tuote\/sardiineja-maust-chililla-ja-sitruunalla\/"},"modified":"2026-05-04T16:07:12","modified_gmt":"2026-05-04T16:07:12","slug":"sardiineja-maust-chililla-ja-sitruunalla","status":"publish","type":"product","link":"https:\/\/www.delideli.zoner.dev\/fin\/tuote\/sardiineja-maust-chililla-ja-sitruunalla\/","title":{"rendered":"Sardiineja maust. chilill\u00e4 ja sitruunalla 115g"},"content":{"rendered":"<p>Chilill\u00e4 ja sitruunalla maustetut sardiinit ovat makumaailmaltaan voimakkaita mutta ei liian tulisia. Kaksi eriv\u00e4rist\u00e4 chilipaprikaa tuovat sardiineihin v\u00e4ri\u00e4 ja lis\u00e4aromeja sitruunan tuodessa hedelm\u00e4isyytt\u00e4 ja oliivi\u00f6ljyn py\u00f6rist\u00e4ess\u00e4 kokonaisuutta. Tuotteessa ei ole k\u00e4ytetty mit\u00e4\u00e4n ylim\u00e4\u00e4r\u00e4ist\u00e4 tai synteettist\u00e4, ja kaikki maut tulevat suoraan puhtaista raaka-aineista. Kokeile ja ihastu t\u00e4h\u00e4n pikanttiin ranskalaiseen herkkuun!<\/p>\n","protected":false},"excerpt":{"rendered":"<p>Un festival d\u2019ar\u00f4mes plein de couleurs!<\/p>\n<p>Tulisuuden yst\u00e4ville sopivat t\u00e4ydellisesti la belle-iloisen chilill\u00e4 ja sitruunalla maustetut sardiinit oliivi\u00f6ljyyn s\u00e4il\u00f6ttyin\u00e4. Kahta eri chilipaprikaa ei ole k\u00e4ytetty liikaa nii, ett\u00e4 ne peitt\u00e4isiv\u00e4t makuja, vaan niit\u00e4 on juuri sopivasti uusien aromien esiin tuomiseksi. Kokeile vaikka bruschetalla, lasagnessa tai pitsan p\u00e4\u00e4ll\u00e4!<\/p>\n","protected":false},"featured_media":139585,"comment_status":"open","ping_status":"open","template":"","meta":{"_acf_changed":false},"product_brand":[632],"product_cat":[728,676],"product_tag":[],"class_list":{"0":"post-141302","1":"product","2":"type-product","3":"status-publish","4":"has-post-thumbnail","6":"product_brand-la-belle-iloise","7":"product_cat-kalatuotteet","8":"product_cat-suolaiset","9":"product_shipping_class-shipping-discount","10":"pa_alkuperamaa-ranska","12":"first","13":"instock","14":"taxable","15":"shipping-taxable","16":"purchasable","17":"product-type-simple","swatches":"rey-swatches","show_selected":""},"acf":[],"_links":{"self":[{"href":"https:\/\/www.delideli.zoner.dev\/fin\/wp-json\/wp\/v2\/product\/141302","targetHints":{"allow":["GET"]}}],"collection":[{"href":"https:\/\/www.delideli.zoner.dev\/fin\/wp-json\/wp\/v2\/product"}],"about":[{"href":"https:\/\/www.delideli.zoner.dev\/fin\/wp-json\/wp\/v2\/types\/product"}],"replies":[{"embeddable":true,"href":"https:\/\/www.delideli.zoner.dev\/fin\/wp-json\/wp\/v2\/comments?post=141302"}],"version-history":[{"count":0,"href":"https:\/\/www.delideli.zoner.dev\/fin\/wp-json\/wp\/v2\/product\/141302\/revisions"}],"wp:featuredmedia":[{"embeddable":true,"href":"https:\/\/www.delideli.zoner.dev\/fin\/wp-json\/wp\/v2\/media\/139585"}],"wp:attachment":[{"href":"https:\/\/www.delideli.zoner.dev\/fin\/wp-json\/wp\/v2\/media?parent=141302"}],"wp:term":[{"taxonomy":"product_brand","embeddable":true,"href":"https:\/\/www.delideli.zoner.dev\/fin\/wp-json\/wp\/v2\/product_brand?post=141302"},{"taxonomy":"product_cat","embeddable":true,"href":"https:\/\/www.delideli.zoner.dev\/fin\/wp-json\/wp\/v2\/product_cat?post=141302"},{"taxonomy":"product_tag","embeddable":true,"href":"https:\/\/www.delideli.zoner.dev\/fin\/wp-json\/wp\/v2\/product_tag?post=141302"}],"curies":[{"name":"wp","href":"https:\/\/api.w.org\/{rel}","templated":true}]}}