{"id":141304,"date":"2017-05-12T18:45:16","date_gmt":"2017-05-12T18:45:16","guid":{"rendered":"https:\/\/www.delideli.zoner.dev\/tuote\/sardiineja-mausteliemessa\/"},"modified":"2026-05-04T16:07:13","modified_gmt":"2026-05-04T16:07:13","slug":"sardiineja-mausteliemessa","status":"publish","type":"product","link":"https:\/\/www.delideli.zoner.dev\/fin\/tuote\/sardiineja-mausteliemessa\/","title":{"rendered":"Sardiineja mausteliemess\u00e4 115g"},"content":{"rendered":"<p>Tuoreet sardiinit kiehautetaan nopeasti, mink\u00e4 j\u00e4lkeen ne ladotaan k\u00e4sin purkkeihin ja mausteet ja oliivi\u00f6ljy kaadetaan p\u00e4\u00e4lle. Makuyhdistelm\u00e4 syntyy aromaattisista laakerista ja neilikasta chilin ja pippurin tuoden voimakkaampaa mausteisuutta. Kaiken kruunaa kohtuullisen hedelm\u00e4inen ekstra-neitsytoliivi\u00f6ljy. Kuten vuosikertaviinitkin, n\u00e4m\u00e4 sardiinit vain paranevat ajan kanssa. Kokeile s\u00e4ilytt\u00e4\u00e4 sardiineja v\u00e4hint\u00e4\u00e4n 6 kuukautta tai kauemminkin ennen avaamista ja huomaat varmasti eron!<\/p>\n","protected":false},"excerpt":{"rendered":"<p>Ihastu kreolilaisen keitti\u00f6n innoittaman reseptin mukaan valmistettuihin sardiineihin!<\/p>\n<p>La belle-iloisen maustetut sardiinit oliivi\u00f6ljyss\u00e4 ovat saaneet inspiraation kreolilaisesta mausteisesta keitti\u00f6st\u00e4. L\u00e4mmin ja autenttinen makuyhdistelm\u00e4 vain paranee ajan kanssa s\u00e4il\u00f6ttyn\u00e4. Kokeile vaikka alkupaloissa, tabbouleh-salaatissa tai suolaisessa piiraassa!<\/p>\n","protected":false},"featured_media":139587,"comment_status":"open","ping_status":"open","template":"","meta":{"_acf_changed":false},"product_brand":[632],"product_cat":[728,676],"product_tag":[],"class_list":{"0":"post-141304","1":"product","2":"type-product","3":"status-publish","4":"has-post-thumbnail","6":"product_brand-la-belle-iloise","7":"product_cat-kalatuotteet","8":"product_cat-suolaiset","9":"product_shipping_class-shipping-discount","10":"pa_alkuperamaa-ranska","12":"first","13":"instock","14":"taxable","15":"shipping-taxable","16":"purchasable","17":"product-type-simple","swatches":"rey-swatches","show_selected":""},"acf":[],"_links":{"self":[{"href":"https:\/\/www.delideli.zoner.dev\/fin\/wp-json\/wp\/v2\/product\/141304","targetHints":{"allow":["GET"]}}],"collection":[{"href":"https:\/\/www.delideli.zoner.dev\/fin\/wp-json\/wp\/v2\/product"}],"about":[{"href":"https:\/\/www.delideli.zoner.dev\/fin\/wp-json\/wp\/v2\/types\/product"}],"replies":[{"embeddable":true,"href":"https:\/\/www.delideli.zoner.dev\/fin\/wp-json\/wp\/v2\/comments?post=141304"}],"version-history":[{"count":0,"href":"https:\/\/www.delideli.zoner.dev\/fin\/wp-json\/wp\/v2\/product\/141304\/revisions"}],"wp:featuredmedia":[{"embeddable":true,"href":"https:\/\/www.delideli.zoner.dev\/fin\/wp-json\/wp\/v2\/media\/139587"}],"wp:attachment":[{"href":"https:\/\/www.delideli.zoner.dev\/fin\/wp-json\/wp\/v2\/media?parent=141304"}],"wp:term":[{"taxonomy":"product_brand","embeddable":true,"href":"https:\/\/www.delideli.zoner.dev\/fin\/wp-json\/wp\/v2\/product_brand?post=141304"},{"taxonomy":"product_cat","embeddable":true,"href":"https:\/\/www.delideli.zoner.dev\/fin\/wp-json\/wp\/v2\/product_cat?post=141304"},{"taxonomy":"product_tag","embeddable":true,"href":"https:\/\/www.delideli.zoner.dev\/fin\/wp-json\/wp\/v2\/product_tag?post=141304"}],"curies":[{"name":"wp","href":"https:\/\/api.w.org\/{rel}","templated":true}]}}