{"id":141309,"date":"2017-05-12T18:45:20","date_gmt":"2017-05-12T18:45:20","guid":{"rendered":"https:\/\/www.delideli.zoner.dev\/tuote\/palet-keksipaketti\/"},"modified":"2026-05-04T16:07:34","modified_gmt":"2026-05-04T16:07:34","slug":"palet-keksipaketti","status":"publish","type":"product","link":"https:\/\/www.delideli.zoner.dev\/fin\/tuote\/palet-keksipaketti\/","title":{"rendered":"Palet, Bretagnelainen voikeksi, DeliDeli 220g"},"content":{"rendered":"<p>Palet-keksit ovat perinteisi\u00e4 voihin leivottuja paksuja keksej\u00e4 Ranskan Bretagnesta. Niihden kullankeltainen v\u00e4ri lupailee jo kinuskista makua, ja senh\u00e4n lupauksen keksit t\u00e4ytt\u00e4v\u00e4t. Hemmottele itse\u00e4si ja l\u00e4heisi\u00e4si seuraavalla kahvihetkell\u00e4 DeliDelin palet-kekseill\u00e4!<\/p>\n","protected":false},"excerpt":{"rendered":"<p>Paksut ja rapeat palet-keksit valmistetaan perinteiseen bretagnelaiseen tapaan suolaiseen voihin. Kullankeltaisiksi paahtuneet keksit ovat maistuva herkku sellaisenaan nautittavaksi kahvihetkeen.<\/p>\n","protected":false},"featured_media":139595,"comment_status":"open","ping_status":"open","template":"","meta":{"_acf_changed":false},"product_brand":[626],"product_cat":[735,677,763,706,680,734],"product_tag":[],"class_list":{"0":"post-141309","1":"product","2":"type-product","3":"status-publish","4":"has-post-thumbnail","6":"product_brand-delideli-herkkukauppa","7":"product_cat-ranskalainen-aamiainen","8":"product_cat-ajankohtaisia","9":"product_cat-delidelin-tuotemerkki","10":"product_cat-keksit","11":"product_cat-makeat","12":"product_cat-teemat","13":"product_shipping_class-shipping-discount","14":"pa_alkuperamaa-ranska","16":"first","17":"instock","18":"taxable","19":"shipping-taxable","20":"purchasable","21":"product-type-simple","swatches":"rey-swatches","show_selected":""},"acf":[],"_links":{"self":[{"href":"https:\/\/www.delideli.zoner.dev\/fin\/wp-json\/wp\/v2\/product\/141309","targetHints":{"allow":["GET"]}}],"collection":[{"href":"https:\/\/www.delideli.zoner.dev\/fin\/wp-json\/wp\/v2\/product"}],"about":[{"href":"https:\/\/www.delideli.zoner.dev\/fin\/wp-json\/wp\/v2\/types\/product"}],"replies":[{"embeddable":true,"href":"https:\/\/www.delideli.zoner.dev\/fin\/wp-json\/wp\/v2\/comments?post=141309"}],"version-history":[{"count":0,"href":"https:\/\/www.delideli.zoner.dev\/fin\/wp-json\/wp\/v2\/product\/141309\/revisions"}],"wp:featuredmedia":[{"embeddable":true,"href":"https:\/\/www.delideli.zoner.dev\/fin\/wp-json\/wp\/v2\/media\/139595"}],"wp:attachment":[{"href":"https:\/\/www.delideli.zoner.dev\/fin\/wp-json\/wp\/v2\/media?parent=141309"}],"wp:term":[{"taxonomy":"product_brand","embeddable":true,"href":"https:\/\/www.delideli.zoner.dev\/fin\/wp-json\/wp\/v2\/product_brand?post=141309"},{"taxonomy":"product_cat","embeddable":true,"href":"https:\/\/www.delideli.zoner.dev\/fin\/wp-json\/wp\/v2\/product_cat?post=141309"},{"taxonomy":"product_tag","embeddable":true,"href":"https:\/\/www.delideli.zoner.dev\/fin\/wp-json\/wp\/v2\/product_tag?post=141309"}],"curies":[{"name":"wp","href":"https:\/\/api.w.org\/{rel}","templated":true}]}}