{"id":141316,"date":"2017-05-12T18:45:23","date_gmt":"2017-05-12T18:45:23","guid":{"rendered":"https:\/\/www.delideli.zoner.dev\/tuote\/maitohillo\/"},"modified":"2026-05-04T16:07:43","modified_gmt":"2026-05-04T16:07:43","slug":"maitohillo","status":"publish","type":"product","link":"https:\/\/www.delideli.zoner.dev\/fin\/tuote\/maitohillo\/","title":{"rendered":"Maitohillo, ranskalainen kinuski 320 g"},"content":{"rendered":"<p>Perinteisen reseptin mukaan valmistettu maitohillo eli confiture de lait hurmaa niin herkkusuut kuin muut uteliaat. Se valmistetaan kuoritusta maidosta keitt\u00e4m\u00e4ll\u00e4 sokerin kanssa, jolloin syntyy ihana samettinen ja pehme\u00e4 levitett\u00e4v\u00e4 kinuski. T\u00e4m\u00e4 perinteinen normandialainen herkku sopii niin arkeen kuin juhlaan, sellaisenaan nautittavaksi, lisukkeeksi tai ainesosaksi esimerkiksi leivoksiin.<\/p>\n","protected":false},"excerpt":{"rendered":"<p>Maitohillo eli ranskalaisittain confiture de lait tunnetaan my\u00f6s espanjankieliselt\u00e4 nimelt\u00e4\u00e4n \u201ddulce de leche\u201d. Kyseess\u00e4 on maidosta ja sokerista keitetty kinuski, jonka samettisuus ja karamellisuus hurmaa kaikki makeanyst\u00e4v\u00e4t. Kokeile maitohilloa niin vohvelin kuin cr\u00eapin p\u00e4\u00e4ll\u00e4, leiv\u00e4ll\u00e4, j\u00e4\u00e4tel\u00f6n kanssa, kakun tai leivoksen t\u00e4ytteen\u00e4 tai sellaisenaan dippailuun.<\/p>\n","protected":false},"featured_media":139597,"comment_status":"open","ping_status":"open","template":"","meta":{"_acf_changed":false},"product_brand":[641],"product_cat":[702,680],"product_tag":[],"class_list":{"0":"post-141316","1":"product","2":"type-product","3":"status-publish","4":"has-post-thumbnail","6":"product_brand-lucien-georgelin","7":"product_cat-jalkiruuat","8":"product_cat-makeat","9":"product_shipping_class-shipping-discount","10":"pa_alkuperamaa-ranska","12":"first","13":"outofstock","14":"taxable","15":"shipping-taxable","16":"purchasable","17":"product-type-simple","swatches":"rey-swatches","show_selected":""},"acf":[],"_links":{"self":[{"href":"https:\/\/www.delideli.zoner.dev\/fin\/wp-json\/wp\/v2\/product\/141316","targetHints":{"allow":["GET"]}}],"collection":[{"href":"https:\/\/www.delideli.zoner.dev\/fin\/wp-json\/wp\/v2\/product"}],"about":[{"href":"https:\/\/www.delideli.zoner.dev\/fin\/wp-json\/wp\/v2\/types\/product"}],"replies":[{"embeddable":true,"href":"https:\/\/www.delideli.zoner.dev\/fin\/wp-json\/wp\/v2\/comments?post=141316"}],"version-history":[{"count":0,"href":"https:\/\/www.delideli.zoner.dev\/fin\/wp-json\/wp\/v2\/product\/141316\/revisions"}],"wp:featuredmedia":[{"embeddable":true,"href":"https:\/\/www.delideli.zoner.dev\/fin\/wp-json\/wp\/v2\/media\/139597"}],"wp:attachment":[{"href":"https:\/\/www.delideli.zoner.dev\/fin\/wp-json\/wp\/v2\/media?parent=141316"}],"wp:term":[{"taxonomy":"product_brand","embeddable":true,"href":"https:\/\/www.delideli.zoner.dev\/fin\/wp-json\/wp\/v2\/product_brand?post=141316"},{"taxonomy":"product_cat","embeddable":true,"href":"https:\/\/www.delideli.zoner.dev\/fin\/wp-json\/wp\/v2\/product_cat?post=141316"},{"taxonomy":"product_tag","embeddable":true,"href":"https:\/\/www.delideli.zoner.dev\/fin\/wp-json\/wp\/v2\/product_tag?post=141316"}],"curies":[{"name":"wp","href":"https:\/\/api.w.org\/{rel}","templated":true}]}}