{"id":141317,"date":"2017-05-12T18:45:30","date_gmt":"2017-05-12T18:45:30","guid":{"rendered":"https:\/\/www.delideli.zoner.dev\/tuote\/tonnikalarillette-mausteena-parmesaani\/"},"modified":"2026-05-04T16:07:47","modified_gmt":"2026-05-04T16:07:47","slug":"tonnikalarillette-mausteena-parmesaani","status":"publish","type":"product","link":"https:\/\/www.delideli.zoner.dev\/fin\/tuote\/tonnikalarillette-mausteena-parmesaani\/","title":{"rendered":"Tonnikalarillette -mausteena parmesaani 60g"},"content":{"rendered":"<p>Perinteinen ranskalainen tonnikalarillette on saanut makuparikseen parmesaanin. Rillette on pehme\u00e4sti levittyv\u00e4 tahnamainen tuote, joka sopii t\u00e4ydellisesti sellaisenaan nautittavaksi leiv\u00e4ll\u00e4 tai erilaisissa alkupaloissa ja cocktailpaloissa. Tai ap\u00e9rossa, kuten Ranskassa sanottaisiin. La belle-iloisen rilletess\u00e4 ei k\u00e4ytet\u00e4 mit\u00e4\u00e4n turhia lis\u00e4- tai s\u00e4il\u00f6nt\u00e4aineita, puhtaat raaka-aineet itsess\u00e4\u00e4n riitt\u00e4v\u00e4t!<\/p>\n","protected":false},"excerpt":{"rendered":"<p>Un mariage de saveurs!<\/p>\n<p>Parmesaanilla maustetussa tonnikalarilletess\u00e4 kohtaavat ranskalainen perinteinen tonnikalanjalostus ja italialaisten ylpeys, parmesaanijuusto. T\u00e4m\u00e4 makujen harmonia ei muuta kaipaa kuin hyv\u00e4n paahdetun leiv\u00e4n alleen!<\/p>\n","protected":false},"featured_media":139599,"comment_status":"open","ping_status":"open","template":"","meta":{"_acf_changed":false},"product_brand":[632],"product_cat":[728,676],"product_tag":[],"class_list":{"0":"post-141317","1":"product","2":"type-product","3":"status-publish","4":"has-post-thumbnail","6":"product_brand-la-belle-iloise","7":"product_cat-kalatuotteet","8":"product_cat-suolaiset","9":"product_shipping_class-shipping-discount","10":"pa_alkuperamaa-ranska","12":"first","13":"instock","14":"taxable","15":"shipping-taxable","16":"purchasable","17":"product-type-simple","swatches":"rey-swatches","show_selected":""},"acf":[],"_links":{"self":[{"href":"https:\/\/www.delideli.zoner.dev\/fin\/wp-json\/wp\/v2\/product\/141317","targetHints":{"allow":["GET"]}}],"collection":[{"href":"https:\/\/www.delideli.zoner.dev\/fin\/wp-json\/wp\/v2\/product"}],"about":[{"href":"https:\/\/www.delideli.zoner.dev\/fin\/wp-json\/wp\/v2\/types\/product"}],"replies":[{"embeddable":true,"href":"https:\/\/www.delideli.zoner.dev\/fin\/wp-json\/wp\/v2\/comments?post=141317"}],"version-history":[{"count":0,"href":"https:\/\/www.delideli.zoner.dev\/fin\/wp-json\/wp\/v2\/product\/141317\/revisions"}],"wp:featuredmedia":[{"embeddable":true,"href":"https:\/\/www.delideli.zoner.dev\/fin\/wp-json\/wp\/v2\/media\/139599"}],"wp:attachment":[{"href":"https:\/\/www.delideli.zoner.dev\/fin\/wp-json\/wp\/v2\/media?parent=141317"}],"wp:term":[{"taxonomy":"product_brand","embeddable":true,"href":"https:\/\/www.delideli.zoner.dev\/fin\/wp-json\/wp\/v2\/product_brand?post=141317"},{"taxonomy":"product_cat","embeddable":true,"href":"https:\/\/www.delideli.zoner.dev\/fin\/wp-json\/wp\/v2\/product_cat?post=141317"},{"taxonomy":"product_tag","embeddable":true,"href":"https:\/\/www.delideli.zoner.dev\/fin\/wp-json\/wp\/v2\/product_tag?post=141317"}],"curies":[{"name":"wp","href":"https:\/\/api.w.org\/{rel}","templated":true}]}}