{"id":141321,"date":"2017-05-12T18:45:34","date_gmt":"2017-05-12T18:45:34","guid":{"rendered":"https:\/\/www.delideli.zoner.dev\/tuote\/kokonaiset-kastanjat-vedessa\/"},"modified":"2026-05-04T16:07:48","modified_gmt":"2026-05-04T16:07:48","slug":"kokonaiset-kastanjat-vedessa","status":"publish","type":"product","link":"https:\/\/www.delideli.zoner.dev\/fin\/tuote\/kokonaiset-kastanjat-vedessa\/","title":{"rendered":"Kokonaiset kastanjat vedess\u00e4 439g"},"content":{"rendered":"<p>Kastanjat ovat suosittu ainesosa ranskalaisessa keitti\u00f6ss\u00e4, ja niit\u00e4 k\u00e4ytet\u00e4\u00e4n hyvin monipuolisesti niin suolaisissa ruoissa kuin makeissa. Keitetyt kokonaiset kastanjat vedess\u00e4 voi k\u00e4ytt\u00e4\u00e4 sellaisenaan esimerkiksi paistamalla lisukkeeksi lihalle tai lis\u00e4\u00e4m\u00e4ll\u00e4 erilaisiin pataruokiin. Leivonnassa sen mahdollisuudet ovatkin rajattomat, etenkin kun ne soseuttaa. Leivonnaisten lis\u00e4ksi kastanjasose maistuu ihanalta esimerkiksi suklaamoussessa. Kastanja on my\u00f6s maistuva ja sesonkiin sopiva ainesosa joulup\u00f6yd\u00e4n herkuille!<\/p>\n","protected":false},"excerpt":{"rendered":"<p>Ranskalaisen kastanjoihin erikoistuneen Cl\u00e9ment Faugier\u2019n kokonaiset kastanjat vedess\u00e4 on ensin keitetty ja sen j\u00e4lkeen s\u00e4il\u00f6tty kokonaisina veteen. Kokonaiset kastanjat voi itse esimerkiksi paistaa lisukkeeksi tai k\u00e4ytt\u00e4\u00e4 erilaisissa lihapadoissa. Soseuttamalla kastanjoista saa maukkaan lisukkeen niin liha- kuin siipikarjaruoille tai esimerkiksi t\u00e4ytteen j\u00e4lkiruokiin ja leivontaan.<\/p>\n","protected":false},"featured_media":139607,"comment_status":"open","ping_status":"open","template":"","meta":{"_acf_changed":false},"product_brand":[623],"product_cat":[712,681],"product_tag":[],"class_list":{"0":"post-141321","1":"product","2":"type-product","3":"status-publish","4":"has-post-thumbnail","6":"product_brand-clement-faugier","7":"product_cat-kastanjat","8":"product_cat-marjat-hedelmat","9":"product_shipping_class-shipping-discount","10":"pa_alkuperamaa-ranska","12":"first","13":"instock","14":"taxable","15":"shipping-taxable","16":"purchasable","17":"product-type-simple","swatches":"rey-swatches","show_selected":""},"acf":[],"_links":{"self":[{"href":"https:\/\/www.delideli.zoner.dev\/fin\/wp-json\/wp\/v2\/product\/141321","targetHints":{"allow":["GET"]}}],"collection":[{"href":"https:\/\/www.delideli.zoner.dev\/fin\/wp-json\/wp\/v2\/product"}],"about":[{"href":"https:\/\/www.delideli.zoner.dev\/fin\/wp-json\/wp\/v2\/types\/product"}],"replies":[{"embeddable":true,"href":"https:\/\/www.delideli.zoner.dev\/fin\/wp-json\/wp\/v2\/comments?post=141321"}],"version-history":[{"count":0,"href":"https:\/\/www.delideli.zoner.dev\/fin\/wp-json\/wp\/v2\/product\/141321\/revisions"}],"wp:featuredmedia":[{"embeddable":true,"href":"https:\/\/www.delideli.zoner.dev\/fin\/wp-json\/wp\/v2\/media\/139607"}],"wp:attachment":[{"href":"https:\/\/www.delideli.zoner.dev\/fin\/wp-json\/wp\/v2\/media?parent=141321"}],"wp:term":[{"taxonomy":"product_brand","embeddable":true,"href":"https:\/\/www.delideli.zoner.dev\/fin\/wp-json\/wp\/v2\/product_brand?post=141321"},{"taxonomy":"product_cat","embeddable":true,"href":"https:\/\/www.delideli.zoner.dev\/fin\/wp-json\/wp\/v2\/product_cat?post=141321"},{"taxonomy":"product_tag","embeddable":true,"href":"https:\/\/www.delideli.zoner.dev\/fin\/wp-json\/wp\/v2\/product_tag?post=141321"}],"curies":[{"name":"wp","href":"https:\/\/api.w.org\/{rel}","templated":true}]}}