{"id":141324,"date":"2017-05-12T18:45:38","date_gmt":"2017-05-12T18:45:38","guid":{"rendered":"https:\/\/www.delideli.zoner.dev\/tuote\/harmaa-merisuola-poly-hieno-kuivattu\/"},"modified":"2026-05-04T16:07:52","modified_gmt":"2026-05-04T16:07:52","slug":"harmaa-merisuola-poly-hieno-kuivattu","status":"publish","type":"product","link":"https:\/\/www.delideli.zoner.dev\/fin\/tuote\/harmaa-merisuola-poly-hieno-kuivattu\/","title":{"rendered":"Harmaa merisuola Poly -hieno, kuivattu 0,5kg"},"content":{"rendered":"<p>Pays de la Loiren alueella, Atlantin rannalla sijaitseva Gu\u00e9randen kunta on tunnettu ensiluokkaisesta suolastaan. Silt\u00e4 on my\u00f6s kotoisin Le Paludier de Gu\u00e9randen paikallinen \u201dGu\u00e9rande-suola\u201d eli ranskalaisittain \u201dsel de Gu\u00e9rande\u201d.<br \/>\nK\u00e4sin keruun j\u00e4lkeen suola valutetaan ensin auringossa ja sen j\u00e4lkeen kuivataan ikivanhoissa merivesialtaissa ja jauhetaan. Luonnollisesti harmaassa suolassa ei ole lainkaan lis\u00e4aineita. Se saa harmaan v\u00e4rins\u00e4 ja korkean mineraalipitoisuutensa suolamarskeilta, jotka lep\u00e4\u00e4v\u00e4t harmaiden savipatjojen p\u00e4\u00e4ll\u00e4.<\/p>\n","protected":false},"excerpt":{"rendered":"<p>Le Paludier de Gu\u00e9randen hieno, puhdistamaton harmaa merisuola, \u201dsel de Gu\u00e9rande\u201d on valmistettu Gu\u00e9randen kyl\u00e4st\u00e4 ker\u00e4tyst\u00e4 Atlantin karkeasta merisuolasta. Luonnollisesti harmaa ja lis\u00e4aineeton jauhettu merisuola t\u00e4ytt\u00e4\u00e4 paikallisille tuotteille my\u00f6nnett\u00e4v\u00e4n IGP-sertifioinnin vaatimukset ja on ihanteellinen lis\u00e4 kaikille ruoille. Se sopii loistavasti my\u00f6s p\u00f6yt\u00e4suolaksi.<\/p>\n","protected":false},"featured_media":139609,"comment_status":"open","ping_status":"open","template":"","meta":{"_acf_changed":false},"product_brand":[638],"product_cat":[682,717],"product_tag":[],"class_list":{"0":"post-141324","1":"product","2":"type-product","3":"status-publish","4":"has-post-thumbnail","6":"product_brand-le-paludier","7":"product_cat-kuivatuotteet","8":"product_cat-suolat","9":"product_shipping_class-shipping-discount","10":"pa_alkuperamaa-ranska","12":"first","13":"instock","14":"taxable","15":"shipping-taxable","16":"purchasable","17":"product-type-simple","swatches":"rey-swatches","show_selected":""},"acf":[],"_links":{"self":[{"href":"https:\/\/www.delideli.zoner.dev\/fin\/wp-json\/wp\/v2\/product\/141324","targetHints":{"allow":["GET"]}}],"collection":[{"href":"https:\/\/www.delideli.zoner.dev\/fin\/wp-json\/wp\/v2\/product"}],"about":[{"href":"https:\/\/www.delideli.zoner.dev\/fin\/wp-json\/wp\/v2\/types\/product"}],"replies":[{"embeddable":true,"href":"https:\/\/www.delideli.zoner.dev\/fin\/wp-json\/wp\/v2\/comments?post=141324"}],"version-history":[{"count":0,"href":"https:\/\/www.delideli.zoner.dev\/fin\/wp-json\/wp\/v2\/product\/141324\/revisions"}],"wp:featuredmedia":[{"embeddable":true,"href":"https:\/\/www.delideli.zoner.dev\/fin\/wp-json\/wp\/v2\/media\/139609"}],"wp:attachment":[{"href":"https:\/\/www.delideli.zoner.dev\/fin\/wp-json\/wp\/v2\/media?parent=141324"}],"wp:term":[{"taxonomy":"product_brand","embeddable":true,"href":"https:\/\/www.delideli.zoner.dev\/fin\/wp-json\/wp\/v2\/product_brand?post=141324"},{"taxonomy":"product_cat","embeddable":true,"href":"https:\/\/www.delideli.zoner.dev\/fin\/wp-json\/wp\/v2\/product_cat?post=141324"},{"taxonomy":"product_tag","embeddable":true,"href":"https:\/\/www.delideli.zoner.dev\/fin\/wp-json\/wp\/v2\/product_tag?post=141324"}],"curies":[{"name":"wp","href":"https:\/\/api.w.org\/{rel}","templated":true}]}}