{"id":141325,"date":"2017-05-12T18:45:42","date_gmt":"2017-05-12T18:45:42","guid":{"rendered":"https:\/\/www.delideli.zoner.dev\/tuote\/sardiineja-tomaatissa\/"},"modified":"2026-05-04T16:07:52","modified_gmt":"2026-05-04T16:07:52","slug":"sardiineja-tomaatissa","status":"publish","type":"product","link":"https:\/\/www.delideli.zoner.dev\/fin\/tuote\/sardiineja-tomaatissa\/","title":{"rendered":"Sardiineja tomaatissa 115g"},"content":{"rendered":"<p>Tomaatilla maustettujen sardiinien yksinkertaisessa reseptiss\u00e4 ekstra-neitsytoliivi\u00f6ljyn aromit tukevat tomaatin aromikasta hapokkuutta ja luovat t\u00e4m\u00e4n maukkaan v\u00e4limerellisen kalatuotteen. Kevyt maustaminen viimeistelee v\u00e4limerellisen ja maukkaan kokonaisuuden.<\/p>\n","protected":false},"excerpt":{"rendered":"<p>Sardiineja tomaatin hedelm\u00e4isill\u00e4 aromeille h\u00f6ystettyn\u00e4.<\/p>\n<p>V\u00e4lill\u00e4 yksinkertainen on kaunista, kuten la belle-iloisen oliivi\u00f6ljyyn s\u00e4il\u00f6tyt ja paseeratulla tomaatilla maustetut sardiinit. Mit\u00e4\u00e4n muuta ei tarvita, kun laadukkaiden ja puhtaiden raaka-aineiden maut p\u00e4\u00e4sev\u00e4t oikeuksiinsa. Kokeile vaikka pitsan tai bruschetan p\u00e4\u00e4ll\u00e4, keitossa tai pastassa!<\/p>\n","protected":false},"featured_media":139611,"comment_status":"open","ping_status":"open","template":"","meta":{"_acf_changed":false},"product_brand":[632],"product_cat":[728,676],"product_tag":[],"class_list":{"0":"post-141325","1":"product","2":"type-product","3":"status-publish","4":"has-post-thumbnail","6":"product_brand-la-belle-iloise","7":"product_cat-kalatuotteet","8":"product_cat-suolaiset","9":"product_shipping_class-shipping-discount","10":"pa_alkuperamaa-ranska","12":"first","13":"instock","14":"taxable","15":"shipping-taxable","16":"purchasable","17":"product-type-simple","swatches":"rey-swatches","show_selected":""},"acf":[],"_links":{"self":[{"href":"https:\/\/www.delideli.zoner.dev\/fin\/wp-json\/wp\/v2\/product\/141325","targetHints":{"allow":["GET"]}}],"collection":[{"href":"https:\/\/www.delideli.zoner.dev\/fin\/wp-json\/wp\/v2\/product"}],"about":[{"href":"https:\/\/www.delideli.zoner.dev\/fin\/wp-json\/wp\/v2\/types\/product"}],"replies":[{"embeddable":true,"href":"https:\/\/www.delideli.zoner.dev\/fin\/wp-json\/wp\/v2\/comments?post=141325"}],"version-history":[{"count":0,"href":"https:\/\/www.delideli.zoner.dev\/fin\/wp-json\/wp\/v2\/product\/141325\/revisions"}],"wp:featuredmedia":[{"embeddable":true,"href":"https:\/\/www.delideli.zoner.dev\/fin\/wp-json\/wp\/v2\/media\/139611"}],"wp:attachment":[{"href":"https:\/\/www.delideli.zoner.dev\/fin\/wp-json\/wp\/v2\/media?parent=141325"}],"wp:term":[{"taxonomy":"product_brand","embeddable":true,"href":"https:\/\/www.delideli.zoner.dev\/fin\/wp-json\/wp\/v2\/product_brand?post=141325"},{"taxonomy":"product_cat","embeddable":true,"href":"https:\/\/www.delideli.zoner.dev\/fin\/wp-json\/wp\/v2\/product_cat?post=141325"},{"taxonomy":"product_tag","embeddable":true,"href":"https:\/\/www.delideli.zoner.dev\/fin\/wp-json\/wp\/v2\/product_tag?post=141325"}],"curies":[{"name":"wp","href":"https:\/\/api.w.org\/{rel}","templated":true}]}}