{"id":141327,"date":"2017-05-12T18:45:45","date_gmt":"2017-05-12T18:45:45","guid":{"rendered":"https:\/\/www.delideli.zoner.dev\/tuote\/tapas-sardelli\/"},"modified":"2026-05-04T16:07:53","modified_gmt":"2026-05-04T16:07:53","slug":"tapas-sardelli","status":"publish","type":"product","link":"https:\/\/www.delideli.zoner.dev\/fin\/tuote\/tapas-sardelli\/","title":{"rendered":"Tapas: Sardellifileit\u00e4 oliivi\u00f6ljyss\u00e4 47g -pyydetty MSC:n kest\u00e4vyysstandardien mukaisesti"},"content":{"rendered":"<p>DeliDelin sardellifileet ovat arvostettuja Calabrian sardelleja, jotka on pyydetty vastuullisesti ja kest\u00e4v\u00e4sti. Ne ovat t\u00e4ydellisi\u00e4 nautittuina sellaisenaan tai osana ruonlaittoa. Kokeile esimerkiksi Caesar salaatin kastikkeessa!<\/p>\n","protected":false},"excerpt":{"rendered":"<p>DeliDelin omat sardellifileet oliivi\u00f6ljyss\u00e4 on t\u00e4ydellinen lis\u00e4 esimerkiksi tapaslautaselle. Espanjalaiset sardellit on pyydetty MSC:n kest\u00e4vyysstandardien mukaisesti.<\/p>\n","protected":false},"featured_media":141328,"comment_status":"open","ping_status":"open","template":"","meta":{"_acf_changed":false},"product_brand":[626],"product_cat":[677,763,728,676],"product_tag":[187,188],"class_list":{"0":"post-141327","1":"product","2":"type-product","3":"status-publish","4":"has-post-thumbnail","6":"product_brand-delideli-herkkukauppa","7":"product_cat-ajankohtaisia","8":"product_cat-delidelin-tuotemerkki","9":"product_cat-kalatuotteet","10":"product_cat-suolaiset","11":"product_tag-anchois","12":"product_tag-sardelli","13":"product_shipping_class-shipping-discount","14":"pa_alkuperamaa-espanja","16":"first","17":"instock","18":"taxable","19":"shipping-taxable","20":"purchasable","21":"product-type-simple","swatches":"rey-swatches","show_selected":""},"acf":[],"_links":{"self":[{"href":"https:\/\/www.delideli.zoner.dev\/fin\/wp-json\/wp\/v2\/product\/141327","targetHints":{"allow":["GET"]}}],"collection":[{"href":"https:\/\/www.delideli.zoner.dev\/fin\/wp-json\/wp\/v2\/product"}],"about":[{"href":"https:\/\/www.delideli.zoner.dev\/fin\/wp-json\/wp\/v2\/types\/product"}],"replies":[{"embeddable":true,"href":"https:\/\/www.delideli.zoner.dev\/fin\/wp-json\/wp\/v2\/comments?post=141327"}],"version-history":[{"count":0,"href":"https:\/\/www.delideli.zoner.dev\/fin\/wp-json\/wp\/v2\/product\/141327\/revisions"}],"wp:featuredmedia":[{"embeddable":true,"href":"https:\/\/www.delideli.zoner.dev\/fin\/wp-json\/wp\/v2\/media\/141328"}],"wp:attachment":[{"href":"https:\/\/www.delideli.zoner.dev\/fin\/wp-json\/wp\/v2\/media?parent=141327"}],"wp:term":[{"taxonomy":"product_brand","embeddable":true,"href":"https:\/\/www.delideli.zoner.dev\/fin\/wp-json\/wp\/v2\/product_brand?post=141327"},{"taxonomy":"product_cat","embeddable":true,"href":"https:\/\/www.delideli.zoner.dev\/fin\/wp-json\/wp\/v2\/product_cat?post=141327"},{"taxonomy":"product_tag","embeddable":true,"href":"https:\/\/www.delideli.zoner.dev\/fin\/wp-json\/wp\/v2\/product_tag?post=141327"}],"curies":[{"name":"wp","href":"https:\/\/api.w.org\/{rel}","templated":true}]}}