{"id":141330,"date":"2017-05-12T18:45:46","date_gmt":"2017-05-12T18:45:46","guid":{"rendered":"https:\/\/www.delideli.zoner.dev\/tuote\/sardiini-ja-nizzan-oliivi\/"},"modified":"2026-05-04T16:07:59","modified_gmt":"2026-05-04T16:07:59","slug":"sardiini-ja-nizzan-oliivi","status":"publish","type":"product","link":"https:\/\/www.delideli.zoner.dev\/fin\/tuote\/sardiini-ja-nizzan-oliivi\/","title":{"rendered":"Sardiineja Nizzan oliiveilla 115 g"},"content":{"rendered":"<p>Un joli mariage entre les sardines et les olives !<br \/>\nLa belle-iloisen sardiinit Nizzan oliiveilla on hienostunut oliivien ja sardiinien liitto. Sardiinit on s\u00e4il\u00f6tty neitsytoliivi\u00f6ljyyn, ja lis\u00e4ksi kalafileit\u00e4 maustavat kokonaiset, herkulliset Nizzan oliivit. Nauti sellaisenaan tai k\u00e4yt\u00e4 esimerkiksi salaatissa tai alkupaloissa.<\/p>\n","protected":false},"excerpt":{"rendered":"<p>Un joli mariage entre les sardines et les olives !<br \/>\nLa belle-iloisen sardiinit Nizzan oliiveilla on hienostunut oliivien ja sardiinien liitto. Sardiinit on s\u00e4il\u00f6tty neitsytoliivi\u00f6ljyyn, ja lis\u00e4ksi kalafileit\u00e4 maustavat kokonaiset, herkulliset Nizzan oliivit. Nauti sellaisenaan tai k\u00e4yt\u00e4 esimerkiksi salaatissa tai alkupaloissa.<br \/>\nOliivit ovat kokonaisia, joten on olemassa kiven vaara.<\/p>\n","protected":false},"featured_media":139617,"comment_status":"open","ping_status":"open","template":"","meta":{"_acf_changed":false},"product_brand":[632],"product_cat":[728,676],"product_tag":[],"class_list":{"0":"post-141330","1":"product","2":"type-product","3":"status-publish","4":"has-post-thumbnail","6":"product_brand-la-belle-iloise","7":"product_cat-kalatuotteet","8":"product_cat-suolaiset","9":"product_shipping_class-shipping-discount","10":"pa_alkuperamaa-ranska","12":"first","13":"outofstock","14":"taxable","15":"shipping-taxable","16":"purchasable","17":"product-type-simple","swatches":"rey-swatches","show_selected":""},"acf":[],"_links":{"self":[{"href":"https:\/\/www.delideli.zoner.dev\/fin\/wp-json\/wp\/v2\/product\/141330","targetHints":{"allow":["GET"]}}],"collection":[{"href":"https:\/\/www.delideli.zoner.dev\/fin\/wp-json\/wp\/v2\/product"}],"about":[{"href":"https:\/\/www.delideli.zoner.dev\/fin\/wp-json\/wp\/v2\/types\/product"}],"replies":[{"embeddable":true,"href":"https:\/\/www.delideli.zoner.dev\/fin\/wp-json\/wp\/v2\/comments?post=141330"}],"version-history":[{"count":0,"href":"https:\/\/www.delideli.zoner.dev\/fin\/wp-json\/wp\/v2\/product\/141330\/revisions"}],"wp:featuredmedia":[{"embeddable":true,"href":"https:\/\/www.delideli.zoner.dev\/fin\/wp-json\/wp\/v2\/media\/139617"}],"wp:attachment":[{"href":"https:\/\/www.delideli.zoner.dev\/fin\/wp-json\/wp\/v2\/media?parent=141330"}],"wp:term":[{"taxonomy":"product_brand","embeddable":true,"href":"https:\/\/www.delideli.zoner.dev\/fin\/wp-json\/wp\/v2\/product_brand?post=141330"},{"taxonomy":"product_cat","embeddable":true,"href":"https:\/\/www.delideli.zoner.dev\/fin\/wp-json\/wp\/v2\/product_cat?post=141330"},{"taxonomy":"product_tag","embeddable":true,"href":"https:\/\/www.delideli.zoner.dev\/fin\/wp-json\/wp\/v2\/product_tag?post=141330"}],"curies":[{"name":"wp","href":"https:\/\/api.w.org\/{rel}","templated":true}]}}