{"id":141332,"date":"2017-05-12T18:45:47","date_gmt":"2017-05-12T18:45:47","guid":{"rendered":"https:\/\/www.delideli.zoner.dev\/tuote\/sardiini-tapenadissa\/"},"modified":"2026-05-04T16:08:00","modified_gmt":"2026-05-04T16:08:00","slug":"sardiini-tapenadissa","status":"publish","type":"product","link":"https:\/\/www.delideli.zoner.dev\/fin\/tuote\/sardiini-tapenadissa\/","title":{"rendered":"Sardiineja tapenadessa 115 g"},"content":{"rendered":"<p>T\u00e4m\u00e4n herkun tapenade-\u00f6ljyn resepti on hyvin yksinkertainen: murskattuja mustia oliiveja, kapriksia, valkosipulia, Provencen yrttej\u00e4 ja h\u00e4iv\u00e4hdys anjovista. Kaiken kruunaa keskihedelm\u00e4inen extra virgin -oliivi\u00f6ljy.<\/p>\n<p>Sardiinit kalastetaan Bretagnen edustalla, ja ne s\u00e4il\u00f6t\u00e4\u00e4n k\u00e4sity\u00f6n\u00e4 24 tunnin sis\u00e4ll\u00e4 kalastuksesta. Kypsennyksen j\u00e4lkeen ne ladotaan purkkeihin, ja lopuksi p\u00e4\u00e4lle valellaan s\u00e4il\u00f6nt\u00e4\u00f6ljy.<\/p>\n<p>Sardiineja voi k\u00e4ytt\u00e4\u00e4 sadoilla eri tavoilla: t\u00e4ytetyiss\u00e4 leiviss\u00e4, salaateissa, piiraissa, perunoiden kera, riisin kanssa, pastassa tai erilaisissa tahnoissa. Kokeile ja l\u00f6yd\u00e4 oma suosikkitapasi!<\/p>\n","protected":false},"excerpt":{"rendered":"<p>Une recette de caract\u00e8re !<br \/>\nLa belle-iloisen sardiinit tapenadessa on t\u00e4ynn\u00e4 Etel\u00e4-Ranskan mahtavia ja intensiivisi\u00e4 makuja. Maut tulevat aidoista ja puhtaista raaka-aineista. Tapenadella maustettu s\u00e4il\u00f6nt\u00e4\u00f6ljy on niin herkullinen, ett\u00e4 se t\u00e4ytyy dippailla patongin palaan viimeist\u00e4 pisaraa my\u00f6ten!<\/p>\n","protected":false},"featured_media":139619,"comment_status":"open","ping_status":"open","template":"","meta":{"_acf_changed":false},"product_brand":[632],"product_cat":[728,676],"product_tag":[],"class_list":{"0":"post-141332","1":"product","2":"type-product","3":"status-publish","4":"has-post-thumbnail","6":"product_brand-la-belle-iloise","7":"product_cat-kalatuotteet","8":"product_cat-suolaiset","9":"product_shipping_class-shipping-discount","10":"pa_alkuperamaa-ranska","12":"first","13":"instock","14":"taxable","15":"shipping-taxable","16":"purchasable","17":"product-type-simple","swatches":"rey-swatches","show_selected":""},"acf":[],"_links":{"self":[{"href":"https:\/\/www.delideli.zoner.dev\/fin\/wp-json\/wp\/v2\/product\/141332","targetHints":{"allow":["GET"]}}],"collection":[{"href":"https:\/\/www.delideli.zoner.dev\/fin\/wp-json\/wp\/v2\/product"}],"about":[{"href":"https:\/\/www.delideli.zoner.dev\/fin\/wp-json\/wp\/v2\/types\/product"}],"replies":[{"embeddable":true,"href":"https:\/\/www.delideli.zoner.dev\/fin\/wp-json\/wp\/v2\/comments?post=141332"}],"version-history":[{"count":0,"href":"https:\/\/www.delideli.zoner.dev\/fin\/wp-json\/wp\/v2\/product\/141332\/revisions"}],"wp:featuredmedia":[{"embeddable":true,"href":"https:\/\/www.delideli.zoner.dev\/fin\/wp-json\/wp\/v2\/media\/139619"}],"wp:attachment":[{"href":"https:\/\/www.delideli.zoner.dev\/fin\/wp-json\/wp\/v2\/media?parent=141332"}],"wp:term":[{"taxonomy":"product_brand","embeddable":true,"href":"https:\/\/www.delideli.zoner.dev\/fin\/wp-json\/wp\/v2\/product_brand?post=141332"},{"taxonomy":"product_cat","embeddable":true,"href":"https:\/\/www.delideli.zoner.dev\/fin\/wp-json\/wp\/v2\/product_cat?post=141332"},{"taxonomy":"product_tag","embeddable":true,"href":"https:\/\/www.delideli.zoner.dev\/fin\/wp-json\/wp\/v2\/product_tag?post=141332"}],"curies":[{"name":"wp","href":"https:\/\/api.w.org\/{rel}","templated":true}]}}