{"id":141334,"date":"2017-05-12T18:45:49","date_gmt":"2017-05-12T18:45:49","guid":{"rendered":"https:\/\/www.delideli.zoner.dev\/tuote\/peru-kahvi-pure-origine-jauhettu\/"},"modified":"2026-05-04T16:08:02","modified_gmt":"2026-05-04T16:08:02","slug":"peru-kahvi-pure-origine-jauhettu","status":"publish","type":"product","link":"https:\/\/www.delideli.zoner.dev\/fin\/tuote\/peru-kahvi-pure-origine-jauhettu\/","title":{"rendered":"P\u00e9rou, jauhettu kahvi, pure origine 250 g"},"content":{"rendered":"<p>Lobodis-kahvipaahtimon P\u00e9rou-kahvi kasvatetaan Machu Picchu rinteill\u00e4 Keski-Perussa, Juninin alueella 1 000 \u2013 1 500 metrin korkeudessa. Alueelle on tyypillist\u00e4 kuuma ja kostea ilmasto sek\u00e4 viheri\u00f6iv\u00e4 tuliper\u00e4inen maaper\u00e4, jotka sopivat loistavasti kahvinviljelyyn tuottaen yhden laadukkaimmista kahvilaaduista. Arabica-pavut poimitaan k\u00e4sin huolellisesti valikoiden. Lobodis\u2019n jauhatus ja tummapaahto viimeistelev\u00e4t prosessoinnin luoden keskit\u00e4ytel\u00e4isen ja hedelm\u00e4isen kahvin.<br \/>\nK\u00e4ytt\u00f6: kahvinkeitin, mutteripannu, pressopannu espressokone.<br \/>\nValmistus: 7\u201310 g tai 1 ruokalusikallinen jauhettua kahvia per kuppi.<br \/>\nPakkauksen koko: 250 g, 35 kuppia.<br \/>\nS\u00e4ilytys: avattu pakkaus suljettuna l\u00e4pin\u00e4kym\u00e4tt\u00f6m\u00e4ss\u00e4 ja ilmatiiviiss\u00e4 purkissa valolta suojattuna.<br \/>\nLajittelu: k\u00e4ytetyt kahvipurut voi kierr\u00e4tt\u00e4\u00e4 bioj\u00e4tteen\u00e4. Pakkaus h\u00e4vitet\u00e4\u00e4n poltettavien j\u00e4tteiden mukana.<\/p>\n","protected":false},"excerpt":{"rendered":"<p>Voimakkuus: 7\/12<br \/>\nAromit: suklainen, hedelm\u00e4inen, hapokas<br \/>\nT\u00e4m\u00e4 korkealaatuinen perulainen jauhettu kahvi tulee Keski-Perusta, jossa kahvipensaat kasvavat kuumassa ja kosteassa ilmastossa viheri\u00f6iv\u00e4n kasvillisuuden ymp\u00e4r\u00f6iv\u00e4n\u00e4. Mit\u00e4 ideaalein kasvuymp\u00e4rist\u00f6 tekeekin t\u00e4st\u00e4 kahvista eritt\u00e4in korkealaatuisen pure origine- eli single origin -kahvilaadun. Kahvipavut ovat 100 % arabicaa. T\u00e4ss\u00e4 keskit\u00e4ytel\u00e4isess\u00e4 ja intensiivisess\u00e4 kahvissa on h\u00e4iv\u00e4hdys niin suklaata, hedelm\u00e4isyytt\u00e4 kuin hapokkuutta.<\/p>\n","protected":false},"featured_media":141335,"comment_status":"open","ping_status":"open","template":"","meta":{"_acf_changed":false},"product_brand":[640],"product_cat":[679,694],"product_tag":[],"class_list":{"0":"post-141334","1":"product","2":"type-product","3":"status-publish","4":"has-post-thumbnail","6":"product_brand-lobodis","7":"product_cat-juomat","8":"product_cat-kahvit","9":"product_shipping_class-shipping-discount","10":"pa_alkuperamaa-ranska","12":"first","13":"instock","14":"taxable","15":"shipping-taxable","16":"purchasable","17":"product-type-simple","swatches":"rey-swatches","show_selected":""},"acf":[],"_links":{"self":[{"href":"https:\/\/www.delideli.zoner.dev\/fin\/wp-json\/wp\/v2\/product\/141334","targetHints":{"allow":["GET"]}}],"collection":[{"href":"https:\/\/www.delideli.zoner.dev\/fin\/wp-json\/wp\/v2\/product"}],"about":[{"href":"https:\/\/www.delideli.zoner.dev\/fin\/wp-json\/wp\/v2\/types\/product"}],"replies":[{"embeddable":true,"href":"https:\/\/www.delideli.zoner.dev\/fin\/wp-json\/wp\/v2\/comments?post=141334"}],"version-history":[{"count":0,"href":"https:\/\/www.delideli.zoner.dev\/fin\/wp-json\/wp\/v2\/product\/141334\/revisions"}],"wp:featuredmedia":[{"embeddable":true,"href":"https:\/\/www.delideli.zoner.dev\/fin\/wp-json\/wp\/v2\/media\/141335"}],"wp:attachment":[{"href":"https:\/\/www.delideli.zoner.dev\/fin\/wp-json\/wp\/v2\/media?parent=141334"}],"wp:term":[{"taxonomy":"product_brand","embeddable":true,"href":"https:\/\/www.delideli.zoner.dev\/fin\/wp-json\/wp\/v2\/product_brand?post=141334"},{"taxonomy":"product_cat","embeddable":true,"href":"https:\/\/www.delideli.zoner.dev\/fin\/wp-json\/wp\/v2\/product_cat?post=141334"},{"taxonomy":"product_tag","embeddable":true,"href":"https:\/\/www.delideli.zoner.dev\/fin\/wp-json\/wp\/v2\/product_tag?post=141334"}],"curies":[{"name":"wp","href":"https:\/\/api.w.org\/{rel}","templated":true}]}}