{"id":141336,"date":"2017-05-12T18:45:58","date_gmt":"2017-05-12T18:45:58","guid":{"rendered":"https:\/\/www.delideli.zoner.dev\/tuote\/akaasiahunaja\/"},"modified":"2026-05-04T16:08:03","modified_gmt":"2026-05-04T16:08:03","slug":"akaasiahunaja","status":"publish","type":"product","link":"https:\/\/www.delideli.zoner.dev\/fin\/tuote\/akaasiahunaja\/","title":{"rendered":"Akaasiahunaja, Italia 400g"},"content":{"rendered":"<p>Akaasiahunaja on Italian arvostetuin ja tunnetuin hunajalaji. Mariangela Prunotton ensiluokkainen ja hienovaraisen aromikas akaasiahunaja ker\u00e4t\u00e4\u00e4n pesist\u00e4, joita liikutellaan Langhen kukkuloilla, Alban ymp\u00e4rill\u00e4 akaasiapuiden katveessa.<br \/>\nHunajalle on tyypillist\u00e4 sen ainutlaatuinen vaalea, l\u00e4hes v\u00e4rit\u00f6n v\u00e4ri, juokseva koostumus sek\u00e4 herkk\u00e4 ja hienostunut tuoksu ja maku. Tuoksusta voi l\u00f6yt\u00e4\u00e4 kukkaisuutta sek\u00e4 hedelm\u00e4isyytt\u00e4. Akaasiahunajan maku taas on makeaa, ja siit\u00e4 voi l\u00f6yt\u00e4\u00e4 my\u00f6s aavistuksen hapokkuutta. Vaniljainen aromi on hyvin hienovarainen ja selke\u00e4.<br \/>\nAkaasiahunaja on loistava ja monik\u00e4ytt\u00f6inen makeuttaja, sill\u00e4 sen oma hienovarainen maku ei koskaan peit\u00e4 muita makuja alleen. Kokeile sit\u00e4 erityisesti sinihomejuustojen, kuten roquefortin ja gorgonzolan kanssa!<\/p>\n","protected":false},"excerpt":{"rendered":"<p>Italialaisen Mariangela Prunotton akaasiahunaja on korkealaatuinen ja hienovaraisen aromikas hunaja. Kyseess\u00e4 on yksikukkahunaja, jonka tuottaneet mehil\u00e4iset ovat p\u00f6lytt\u00e4neet l\u00e4hiymp\u00e4rist\u00f6ns\u00e4 akaasiapuita. Akaasiahunaja sopii miedon makunsa ansiosta monenlaisten j\u00e4lkiruokien ja juomien makeuttamiseen, sill\u00e4 sen aromi ei peit\u00e4 makeutettavan ruoan tai juoman omia aromeja.<\/p>\n","protected":false},"featured_media":139621,"comment_status":"open","ping_status":"open","template":"","meta":{"_acf_changed":false},"product_brand":[645],"product_cat":[711,681],"product_tag":[],"class_list":{"0":"post-141336","1":"product","2":"type-product","3":"status-publish","4":"has-post-thumbnail","6":"product_brand-mariangela-prunotto","7":"product_cat-hunajat","8":"product_cat-marjat-hedelmat","9":"product_shipping_class-shipping-discount","10":"pa_alkuperamaa-italia","12":"first","13":"instock","14":"taxable","15":"shipping-taxable","16":"purchasable","17":"product-type-simple","swatches":"rey-swatches","show_selected":""},"acf":[],"_links":{"self":[{"href":"https:\/\/www.delideli.zoner.dev\/fin\/wp-json\/wp\/v2\/product\/141336","targetHints":{"allow":["GET"]}}],"collection":[{"href":"https:\/\/www.delideli.zoner.dev\/fin\/wp-json\/wp\/v2\/product"}],"about":[{"href":"https:\/\/www.delideli.zoner.dev\/fin\/wp-json\/wp\/v2\/types\/product"}],"replies":[{"embeddable":true,"href":"https:\/\/www.delideli.zoner.dev\/fin\/wp-json\/wp\/v2\/comments?post=141336"}],"version-history":[{"count":0,"href":"https:\/\/www.delideli.zoner.dev\/fin\/wp-json\/wp\/v2\/product\/141336\/revisions"}],"wp:featuredmedia":[{"embeddable":true,"href":"https:\/\/www.delideli.zoner.dev\/fin\/wp-json\/wp\/v2\/media\/139621"}],"wp:attachment":[{"href":"https:\/\/www.delideli.zoner.dev\/fin\/wp-json\/wp\/v2\/media?parent=141336"}],"wp:term":[{"taxonomy":"product_brand","embeddable":true,"href":"https:\/\/www.delideli.zoner.dev\/fin\/wp-json\/wp\/v2\/product_brand?post=141336"},{"taxonomy":"product_cat","embeddable":true,"href":"https:\/\/www.delideli.zoner.dev\/fin\/wp-json\/wp\/v2\/product_cat?post=141336"},{"taxonomy":"product_tag","embeddable":true,"href":"https:\/\/www.delideli.zoner.dev\/fin\/wp-json\/wp\/v2\/product_tag?post=141336"}],"curies":[{"name":"wp","href":"https:\/\/api.w.org\/{rel}","templated":true}]}}