{"id":141338,"date":"2017-05-12T18:46:09","date_gmt":"2017-05-12T18:46:09","guid":{"rendered":"https:\/\/www.delideli.zoner.dev\/tuote\/savustettu-paprikajauhe-hot\/"},"modified":"2026-05-04T16:08:03","modified_gmt":"2026-05-04T16:08:03","slug":"savustettu-paprikajauhe-hot","status":"publish","type":"product","link":"https:\/\/www.delideli.zoner.dev\/fin\/tuote\/savustettu-paprikajauhe-hot\/","title":{"rendered":"Savustettu paprikajauhe, HOT 70 g, DOP Pimenton de la Vera"},"content":{"rendered":"<p>Espanjalainen La Chinata on kuuluista savustetuista paprikajauheistaan ja niihin perustuvista maustesekoituksista. Kyseess\u00e4 on paikallinen perheyritys, jonka tuotteet ovat kuitenkin l\u00f6yt\u00e4neet tiens\u00e4 ammatti- ja kotikokkien maustekaappeihin ymp\u00e4ri maailman.<br \/>\nTuotteissa ei k\u00e4ytet\u00e4 lainkaan keinotekoisia aromeja, v\u00e4riaineita tai s\u00e4il\u00f6nt\u00e4aineita. Savustettu chilipaprikajauhe on my\u00f6s gluteenitonta ja sopii vegaaniruokavalioon. Kokeile niin liha-, kala- kuin kasvisruokiin!<\/p>\n","protected":false},"excerpt":{"rendered":"<p>La Chinatan savustettu chilipaprikajauhe \u201dpicante\u201d on tulinen ja aromaattinen savustettu chilipaprikajauhe. Kyseess\u00e4 on paikallinen Piment\u00f3n de La Vera -sekoitus, ja tuotteella on sen alkuper\u00e4n todistava sertifikaatti. Piment\u00f3n de la Vera -paprikajauhetta on kolmea eri varianttia: picante, dulce ja agridulce eli tulinen, makea ja happaman makea. Tyylik\u00e4st\u00e4 ja pirte\u00e4n punaista peltipurkkia on helppo k\u00e4ytt\u00e4\u00e4, ja sen j\u00e4tt\u00e4\u00e4 mielell\u00e4\u00e4n koristamaan keitti\u00f6n maustehylly\u00e4.<\/p>\n","protected":false},"featured_media":139625,"comment_status":"open","ping_status":"open","template":"","meta":{"_acf_changed":false},"product_brand":[647],"product_cat":[677,682,715,764],"product_tag":[],"class_list":{"0":"post-141338","1":"product","2":"type-product","3":"status-publish","4":"has-post-thumbnail","6":"product_brand-netasa-la-chinata","7":"product_cat-ajankohtaisia","8":"product_cat-kuivatuotteet","9":"product_cat-mausteet-mausteet","10":"product_cat-paella","11":"product_shipping_class-shipping-discount","12":"pa_alkuperamaa-espanja","14":"first","15":"instock","16":"taxable","17":"shipping-taxable","18":"purchasable","19":"product-type-simple","swatches":"rey-swatches","show_selected":""},"acf":[],"_links":{"self":[{"href":"https:\/\/www.delideli.zoner.dev\/fin\/wp-json\/wp\/v2\/product\/141338","targetHints":{"allow":["GET"]}}],"collection":[{"href":"https:\/\/www.delideli.zoner.dev\/fin\/wp-json\/wp\/v2\/product"}],"about":[{"href":"https:\/\/www.delideli.zoner.dev\/fin\/wp-json\/wp\/v2\/types\/product"}],"replies":[{"embeddable":true,"href":"https:\/\/www.delideli.zoner.dev\/fin\/wp-json\/wp\/v2\/comments?post=141338"}],"version-history":[{"count":0,"href":"https:\/\/www.delideli.zoner.dev\/fin\/wp-json\/wp\/v2\/product\/141338\/revisions"}],"wp:featuredmedia":[{"embeddable":true,"href":"https:\/\/www.delideli.zoner.dev\/fin\/wp-json\/wp\/v2\/media\/139625"}],"wp:attachment":[{"href":"https:\/\/www.delideli.zoner.dev\/fin\/wp-json\/wp\/v2\/media?parent=141338"}],"wp:term":[{"taxonomy":"product_brand","embeddable":true,"href":"https:\/\/www.delideli.zoner.dev\/fin\/wp-json\/wp\/v2\/product_brand?post=141338"},{"taxonomy":"product_cat","embeddable":true,"href":"https:\/\/www.delideli.zoner.dev\/fin\/wp-json\/wp\/v2\/product_cat?post=141338"},{"taxonomy":"product_tag","embeddable":true,"href":"https:\/\/www.delideli.zoner.dev\/fin\/wp-json\/wp\/v2\/product_tag?post=141338"}],"curies":[{"name":"wp","href":"https:\/\/api.w.org\/{rel}","templated":true}]}}