{"id":141341,"date":"2017-05-12T18:46:11","date_gmt":"2017-05-12T18:46:11","guid":{"rendered":"https:\/\/www.delideli.zoner.dev\/tuote\/valkotryffelioljy\/"},"modified":"2026-05-04T16:08:05","modified_gmt":"2026-05-04T16:08:05","slug":"valkotryffelioljy","status":"publish","type":"product","link":"https:\/\/www.delideli.zoner.dev\/fin\/tuote\/valkotryffelioljy\/","title":{"rendered":"Valkotryffeli\u00f6ljy 60ml"},"content":{"rendered":"<p>Ranskassa suositun valkotryffelin aromin saat ruokiisi helposti my\u00f6s valkotryffeli\u00f6ljyll\u00e4. Viimeistele \u00f6ljyll\u00e4 niin pastat, risotot, salaatit, bruschetat, pizzat kuin piiraat ja saat niihin herkullisen ja ylellisen tryffelin aromin!<\/p>\n","protected":false},"excerpt":{"rendered":"<p>La Maison Godardin valkotryffeli\u00f6ljy valmistetaan korkealaatuisesta oliivi\u00f6ljyst\u00e4 sek\u00e4 valkotryffelist\u00e4. Viimeistelet sill\u00e4 niin pastat, risotot kuin salaatit.<\/p>\n","protected":false},"featured_media":139629,"comment_status":"open","ping_status":"open","template":"","meta":{"_acf_changed":false},"product_brand":[635],"product_cat":[689,678,676,714],"product_tag":[181],"class_list":{"0":"post-141341","1":"product","2":"type-product","3":"status-publish","4":"has-post-thumbnail","6":"product_brand-godard","7":"product_cat-maustetut-oljyt","8":"product_cat-oljyt-etikat","9":"product_cat-suolaiset","10":"product_cat-tryffeli","11":"product_tag-godard","12":"product_shipping_class-shipping-discount","13":"pa_alkuperamaa-ranska","15":"first","16":"instock","17":"taxable","18":"shipping-taxable","19":"purchasable","20":"product-type-simple","swatches":"rey-swatches","show_selected":""},"acf":[],"_links":{"self":[{"href":"https:\/\/www.delideli.zoner.dev\/fin\/wp-json\/wp\/v2\/product\/141341","targetHints":{"allow":["GET"]}}],"collection":[{"href":"https:\/\/www.delideli.zoner.dev\/fin\/wp-json\/wp\/v2\/product"}],"about":[{"href":"https:\/\/www.delideli.zoner.dev\/fin\/wp-json\/wp\/v2\/types\/product"}],"replies":[{"embeddable":true,"href":"https:\/\/www.delideli.zoner.dev\/fin\/wp-json\/wp\/v2\/comments?post=141341"}],"version-history":[{"count":0,"href":"https:\/\/www.delideli.zoner.dev\/fin\/wp-json\/wp\/v2\/product\/141341\/revisions"}],"wp:featuredmedia":[{"embeddable":true,"href":"https:\/\/www.delideli.zoner.dev\/fin\/wp-json\/wp\/v2\/media\/139629"}],"wp:attachment":[{"href":"https:\/\/www.delideli.zoner.dev\/fin\/wp-json\/wp\/v2\/media?parent=141341"}],"wp:term":[{"taxonomy":"product_brand","embeddable":true,"href":"https:\/\/www.delideli.zoner.dev\/fin\/wp-json\/wp\/v2\/product_brand?post=141341"},{"taxonomy":"product_cat","embeddable":true,"href":"https:\/\/www.delideli.zoner.dev\/fin\/wp-json\/wp\/v2\/product_cat?post=141341"},{"taxonomy":"product_tag","embeddable":true,"href":"https:\/\/www.delideli.zoner.dev\/fin\/wp-json\/wp\/v2\/product_tag?post=141341"}],"curies":[{"name":"wp","href":"https:\/\/api.w.org\/{rel}","templated":true}]}}